{"id":1442,"date":"2026-01-20T12:08:23","date_gmt":"2026-01-20T12:08:23","guid":{"rendered":"https:\/\/bonuskongcasino.com\/app-2\/"},"modified":"2026-04-06T10:15:37","modified_gmt":"2026-04-06T09:15:37","slug":"app","status":"publish","type":"page","link":"https:\/\/theteddyslot.com\/de\/app\/","title":{"rendered":"App"},"content":{"rendered":"<h1>Teddyslot App: Mobile Casino-Spiele<\/h1>\n<p>Die Teddyslot App bringt unser Online-Casino auf Ihr Smartphone, sodass Sie mit nur wenigen Fingertipps Slots starten oder an Live-Spielen teilnehmen k\u00f6nnen. Nutzer k\u00f6nnen sie direkt von unserer Website f\u00fcr Android und iOS herunterladen. Nach der Installation bietet Ihnen die App Zugriff auf alle Funktionen, die im Teddyslot Casino verf\u00fcgbar sind, einschlie\u00dflich Zahlungen und Werbeaktionen.<\/p>\n<div class=\"banner-wrap\" aria-label=\"Banner\"><img src=\"https:\/\/theteddyslot.com\/wp-content\/uploads\/2026\/04\/teddyslot-bonus-desktop.webp\" class=\"w-100 d-none d-lg-block img-pc main-banner-img\" alt=\"teddyslot welcome bonus desktop\" fetchpriority=\"high\" decoding=\"async\"><img src=\"https:\/\/theteddyslot.com\/wp-content\/uploads\/2026\/04\/teddyslot-bnr-mobile.webp\" class=\"w-100 d-none d-md-block d-lg-none main-banner-img\" alt=\"teddyslot welcome bonus mobile\" fetchpriority=\"high\" decoding=\"async\"><img src=\"https:\/\/theteddyslot.com\/wp-content\/uploads\/2026\/04\/teddyslot-bnr-mobile.webp\" class=\"w-100 d-md-none\" alt=\"teddyslot welcome bonus mobile\" fetchpriority=\"high\" decoding=\"async\"><div class=\"banner-description\">\n<div class=\"banner-title\">Willkommensboni<\/div>\n<p class=\"banner-header-title\">1500 \u20ac<\/p>\n<div class=\"banner-header-AdditionalText\">+ 250 Freispiele<\/div>\n<button data-item=\"homepage_banner_link\" class=\"goto m-button m-gradient-border m-button--primary m-button--large banner-button btn-orange\">\n            <div class=\"m-button-content\">\n                <span>Jetzt anmelden<\/span>\n                <span><\/span>\n            <\/div>\n        <\/button>\n<\/div>\n<div class=\"WelcomePack\">\n<p><img loading=\"lazy\" decoding=\"async\" class=\"alignnone size-full wp-image-1853\" src=\"https:\/\/theteddyslot.com\/wp-content\/uploads\/2026\/04\/welcome-crown.png\" alt=\"crown\" width=\"25\" height=\"26\" \/><\/p>\n<div class=\"WelcomePack-Info\">W\u00f6chentlicher Cashback von bis zu 25 %<\/div>\n<p><img loading=\"lazy\" decoding=\"async\" class=\"alignnone size-full wp-image-1853\" src=\"https:\/\/theteddyslot.com\/wp-content\/uploads\/2026\/04\/welcome-crown.png\" alt=\"crown\" width=\"25\" height=\"26\" \/><\/p>\n<\/div>\n<\/div>\n<h2>Vorteile und Funktionen der Teddyslot App<\/h2>\n<p>Sie k\u00f6nnen unser mobiles Casino \u00fcberall dort nutzen, wo Sie eine stabile Internetverbindung haben, sodass Sie nicht zu Hause bleiben oder warten m\u00fcssen, bis Sie wieder an Ihrem Desktop-Computer sind. Von Ihrem Smartphone aus k\u00f6nnen Sie das Teddy Slot Casino \u00f6ffnen, direkt in die Spiele einsteigen und die wichtigsten Bereiche Ihres Kontos verwalten. Das macht es einfacher, zur Plattform zur\u00fcckzukehren, wenn Sie spielen oder Ihren Kontostand \u00fcberpr\u00fcfen m\u00f6chten.<\/p>\n<p>Unsere App l\u00e4uft als Progressive Web Application (PWA), was bedeutet, dass du sie direkt von unserer Website installieren und wie normale mobile Software auf deinem Ger\u00e4t behalten kannst. Sobald sie zu deinem Startbildschirm hinzugef\u00fcgt wurde, kannst du Teddyslot mit wenigen Fingertipps \u00f6ffnen, anstatt jedes Mal einen Browser aufrufen zu m\u00fcssen.<\/p>\n<p>Hier sind einige der praktischen Vorteile der Nutzung der App:<\/p>\n<ul>\n<li>Die Software ben\u00f6tigt nur wenig Speicherplatz auf Ihrem Smartphone, da sie ausschlie\u00dflich zwischengespeicherte Daten verwendet.<\/li>\n<li>Navigieren Sie dank der Touch-Steuerung einfacher durch die Teddyslot Casino Plattform.<\/li>\n<li>Greifen Sie bei kurzen Spielsitzungen schneller auf Spiele und Funktionen zu.<\/li>\n<li>Erhalten Sie Benachrichtigungen zu Aktionen, Turnieren oder Konto-Meldungen.<\/li>\n<\/ul>\n<p><div class=\"scrollable-content-wrap my-5\"><div class=\"scrollable-content-inner\"><h2>Mobile App f\u00fcr iOS<\/h2>\n<p>Unsere App ist f\u00fcr iPhone- und iPad-Nutzer verf\u00fcgbar, die vollen Zugriff auf das Teddyslot Casino auf ihren Mobilger\u00e4ten w\u00fcnschen. Unter iOS k\u00f6nnen Sie Spiele spielen, Zahlungen vornehmen, Aktionen aktivieren, den Support per Live-Chat kontaktieren und den Verifizierungsprozess von Ihrem Smartphone aus abschlie\u00dfen, anstatt wieder zu einer Desktop-Sitzung zur\u00fcckzuwechseln.<\/p>\n<p>Wenn Sie Ihr Smartphone bereits zum Spielen, Einkaufen und f\u00fcr allt\u00e4gliche Aufgaben nutzen, ist es sinnvoll, auch das Teddyslot Casino dort zu haben. Die App bietet Ihnen einen schnelleren Weg zur\u00fcck zur Plattform, w\u00e4hrend beim Einloggen oder bei der Kontoverwaltung dieselben Sicherheitsstandards gelten.<\/p>\n<p><img loading=\"lazy\" decoding=\"async\" class=\"alignnone size-full wp-image-1941\" src=\"https:\/\/theteddyslot.com\/wp-content\/uploads\/2026\/04\/Teddyslot-iOS.webp\" alt=\"Teddyslot iOS\" width=\"1248\" height=\"536\" srcset=\"https:\/\/theteddyslot.com\/wp-content\/uploads\/2026\/04\/Teddyslot-iOS.webp 1248w, https:\/\/theteddyslot.com\/wp-content\/uploads\/2026\/04\/Teddyslot-iOS-300x129.webp 300w, https:\/\/theteddyslot.com\/wp-content\/uploads\/2026\/04\/Teddyslot-iOS-1024x440.webp 1024w, https:\/\/theteddyslot.com\/wp-content\/uploads\/2026\/04\/Teddyslot-iOS-768x330.webp 768w\" sizes=\"auto, (max-width: 1248px) 100vw, 1248px\" \/><\/p>\n<\/div><\/div><div style=\"clear: both\"><\/div><div class=\"d-flex justify-content-center\"><button data-item=\"decouvrez_link\" data-group=\"website_links\" class=\"goto fw-bold rounded-pill btn btn-orange\" aria-label=\"Laden Sie die Teddyslot-App herunter\" >Laden Sie die Teddyslot-App herunter<\/button><\/div><div class=\"scrollable-content-wrap my-5\"><div class=\"scrollable-content-inner\"><h2>Teddyslot App f\u00fcr Android<\/h2>\n<p>Wenn Sie ein Android-Smartphone besitzen, k\u00f6nnen Sie die Vollversion unseres Casinos auch \u00fcber die mobile Software nutzen. Es handelt sich um eine progressive Webanwendung, die nicht so viel Speicherplatz beansprucht wie viele native Apps \u2013 was auf Smartphones und Tablets, wo oft nur wenig freier Speicherplatz zur Verf\u00fcgung steht, sehr praktisch ist. Auf Android steht Ihnen dennoch die gesamte Plattform zur Verf\u00fcgung, einschlie\u00dflich Spielen und Werbeaktionen.<\/p>\n<p>Das macht die App zu einer praktischen Option f\u00fcr Spieler, die den schnellen mobilen Zugriff w\u00fcnschen, ohne ihr Ger\u00e4t mit schwerer Software zu belasten. Sie k\u00f6nnen Teddy Slot schneller \u00f6ffnen, mit weniger Schritten zu den Online-Slots und Live-Spielen zur\u00fcckkehren und das Support-Team von Ihrem Smartphone aus erreichen, falls eine Frage auftaucht. Der Zugriff \u00fcber die App profitiert zudem von starken Sicherheitsma\u00dfnahmen wie TLS 1.3, 256-Bit-AES-Verschl\u00fcsselung und Transaktionsbenachrichtigungen, sodass du deine Kontoaktivit\u00e4ten mit dem gleichen Sicherheitsniveau verwalten kannst, das du von Teddyslot Casino erwartest.<\/p>\n<p><img loading=\"lazy\" decoding=\"async\" class=\"alignnone size-full wp-image-1925\" src=\"https:\/\/theteddyslot.com\/wp-content\/uploads\/2026\/04\/Teddyslot-Android.webp\" alt=\"Teddyslot Android\" width=\"1248\" height=\"536\" srcset=\"https:\/\/theteddyslot.com\/wp-content\/uploads\/2026\/04\/Teddyslot-Android.webp 1248w, https:\/\/theteddyslot.com\/wp-content\/uploads\/2026\/04\/Teddyslot-Android-300x129.webp 300w, https:\/\/theteddyslot.com\/wp-content\/uploads\/2026\/04\/Teddyslot-Android-1024x440.webp 1024w, https:\/\/theteddyslot.com\/wp-content\/uploads\/2026\/04\/Teddyslot-Android-768x330.webp 768w\" sizes=\"auto, (max-width: 1248px) 100vw, 1248px\" \/><\/p>\n<\/div><\/div><div style=\"clear: both\"><\/div><div class=\"d-flex justify-content-center\"><button data-item=\"decouvrez_link\" data-group=\"website_links\" class=\"goto fw-bold rounded-pill btn btn-orange\" aria-label=\"Teddyslot herunterladen\" >Teddyslot herunterladen<\/button><\/div><div class=\"scrollable-content-wrap my-5\"><div class=\"scrollable-content-inner\"><h2>Spielen Sie Teddy Slot Casino auf Mac oder Windows<\/h2>\n<p>Unsere App ist nicht auf Smartphones und Tablets beschr\u00e4nkt. Wenn Sie lieber auf einem Laptop oder PC spielen, k\u00f6nnen Sie Teddyslot Casino auch auf Ihrem Mac- oder Windows-Ger\u00e4t installieren und es wie eine eigenst\u00e4ndige Software \u00f6ffnen, anstatt es \u00fcber einen Browser-Tab zu starten. Das bietet regelm\u00e4\u00dfigen Spielern einen schnelleren Weg zur\u00fcck zum Online-Casino, wobei dieselben Spiele wie auf dem Desktop verf\u00fcgbar sind.<\/p>\n<p>F\u00fcr Mac- und Windows-Nutzer liegt der Hauptvorteil in der Bequemlichkeit und weniger Ablenkungen. Das Starten von Teddyslot von Ihrem Desktop aus dauert weniger lang, als erst einen Browser zu \u00f6ffnen und die Seite zu suchen. Au\u00dferdem bietet es Ihnen ein konzentrierteres Spielerlebnis, ohne das Spielen mit Ihrem \u00fcblichen Surfen zu vermischen.<\/p>\n<p>Diese Konfiguration eignet sich auch f\u00fcr Spieler, die viel Zeit am Computer verbringen und f\u00fcr Live-Spiele oder andere Titel eine traditionellere Bildschirmgr\u00f6\u00dfe bevorzugen. Es gelten weiterhin dieselben Sicherheitsstandards, sodass Sie durch die Wahl der Desktop-Version der App keine Abstriche bei der Konto- oder Zahlungssicherheit machen m\u00fcssen.<\/p>\n<p><img loading=\"lazy\" decoding=\"async\" class=\"alignnone size-full wp-image-1933\" src=\"https:\/\/theteddyslot.com\/wp-content\/uploads\/2026\/04\/Teddyslot-Desktop.webp\" alt=\"Teddyslot Desktop\" width=\"1248\" height=\"536\" srcset=\"https:\/\/theteddyslot.com\/wp-content\/uploads\/2026\/04\/Teddyslot-Desktop.webp 1248w, https:\/\/theteddyslot.com\/wp-content\/uploads\/2026\/04\/Teddyslot-Desktop-300x129.webp 300w, https:\/\/theteddyslot.com\/wp-content\/uploads\/2026\/04\/Teddyslot-Desktop-1024x440.webp 1024w, https:\/\/theteddyslot.com\/wp-content\/uploads\/2026\/04\/Teddyslot-Desktop-768x330.webp 768w\" sizes=\"auto, (max-width: 1248px) 100vw, 1248px\" \/><\/p>\n<\/div><\/div><div style=\"clear: both\"><\/div><div class=\"d-flex justify-content-center\"><button data-item=\"decouvrez_link\" data-group=\"website_links\" class=\"goto fw-bold rounded-pill btn btn-orange\" aria-label=\"Laden Sie die Teddyslot-App herunter\" >Laden Sie die Teddyslot-App herunter<\/button><\/div><div class=\"scrollable-content-wrap my-5\"><div class=\"scrollable-content-inner\"><h2>So installieren Sie die Teddyslot App auf jedem Ger\u00e4t<\/h2>\n<p>Die Installation der Teddy Slot App gleicht eher dem Hinzuf\u00fcgen einer Schnellzugriffsversion unserer Plattform als dem Herunterladen umfangreicher Software. Auf jedem Ger\u00e4t beginnt der Vorgang auf unserer offiziellen Website in Ihrem Browser. Sobald Sie die Verkn\u00fcpfung hinzugef\u00fcgt haben, bleibt unsere Casino-Plattform auf Ihrem Startbildschirm oder Desktop griffbereit.<\/p>\n<table>\n<tbody>\n<tr>\n<td>Plattform<\/td>\n<td>Ausgangspunkt<\/td>\n<td>Installationspfad<\/td>\n<td>Wo Sie sie sp\u00e4ter \u00f6ffnen<\/td>\n<\/tr>\n<tr>\n<td>Android<\/td>\n<td>Chrome auf deinem Smartphone oder Tablet.<\/td>\n<td>\u00d6ffnen Sie die Teddyslot Casino Website, tippen Sie auf das Drei-Punkte-Men\u00fc in der Adressleiste, w\u00e4hlen Sie \u201eZum Startbildschirm hinzuf\u00fcgen\u201c und best\u00e4tigen Sie dann die Verkn\u00fcpfung.<\/td>\n<td>Verwenden Sie nach der Einrichtung das Symbol auf dem Startbildschirm.<\/td>\n<\/tr>\n<tr>\n<td>iOS<\/td>\n<td>Safari auf dem iPhone oder iPad.<\/td>\n<td>Lade die Casino-Website, tippe auf \u201eTeilen\u201c, scrolle zu \u201eZum Startbildschirm hinzuf\u00fcgen\u201c und tippe dann zur Best\u00e4tigung auf \u201eHinzuf\u00fcgen\u201c.<\/td>\n<td>Starten Sie die App \u00fcber das auf Ihrem Startbildschirm gespeicherte Symbol.<\/td>\n<\/tr>\n<tr>\n<td>Mac \/ Windows<\/td>\n<td>Chrome (oder ein anderer Browser) auf deinem Computer.<\/td>\n<td>Gehen Sie auf unsere Website, klicken Sie dann entweder auf das Installationssymbol in der Adressleiste oder \u00f6ffnen Sie das Chrome-Men\u00fc und w\u00e4hlen Sie \u201eSeite als App installieren\u201c; folgen Sie anschlie\u00dfend den Anweisungen auf dem Bildschirm.<\/td>\n<td>Starten Sie die App nach Abschluss der Installation \u00fcber die Desktop-Verkn\u00fcpfung oder den Launcher.<\/td>\n<\/tr>\n<\/tbody>\n<\/table>\n<h2>FAQ<\/h2>\n<h3>Kann ich mich \u00fcber die biometrische Authentifizierung bei der mobilen Software anmelden?<\/h3>\n<p>In unserer App k\u00f6nnen Sie die auf Ihrem Smartphone oder Tablet bereits verf\u00fcgbaren biometrischen Anmeldeoptionen nutzen, wie z. B. Face ID oder die Anmeldung per Fingerabdruck. Das bedeutet, dass Sie Teddyslot Casino \u00f6ffnen k\u00f6nnen, ohne jedes Mal Ihre pers\u00f6nlichen Daten eingeben zu m\u00fcssen.<\/p>\n<h3>Sind meine Einzahlungen sicher, wenn ich die mobile App nutze?<\/h3>\n<p>Zahlungen \u00fcber die Teddyslot App unterliegen denselben Sicherheitsstandards wie unser Desktop-Casino. Mobile Transaktionen sind durch TLS 1.3 und 256-Bit-AES-Verschl\u00fcsselung gesch\u00fctzt. Sie k\u00f6nnen au\u00dferdem Benachrichtigungen nutzen, um Ihre Ein- und Auszahlungen zu \u00fcberwachen.<\/p>\n<h3>Wie kann ich die App aktualisieren?<\/h3>\n<p>Bei der Nutzung unserer PWA m\u00fcssen Sie Updates nicht manuell installieren. Wenn wir die Plattform verbessern und neue Funktionen oder Spiele hinzuf\u00fcgen, wird Ihre Version der Teddyslot App automatisch aktualisiert. In den meisten F\u00e4llen steht die neueste Version bereit, sobald Sie die App das n\u00e4chste Mal \u00f6ffnen.<\/p>\n<h3>Sind Boni und Turniere auf Mobilger\u00e4ten verf\u00fcgbar?<\/h3>\n<p>Alle bei Teddyslot Casino verf\u00fcgbaren Aktionen k\u00f6nnen auch \u00fcber die App oder den mobilen Browser genutzt werden. Dazu geh\u00f6ren der Willkommensbonus, Cashback, der Highroller-Bonus, Reload-Angebote und Turniere wie Rookie Rumble sowie weitere Plattformaktivit\u00e4ten, die auf Mobilger\u00e4ten verf\u00fcgbar sind.<\/p>\n<\/div><\/div><\/p>\n","protected":false},"excerpt":{"rendered":"<p>Teddyslot App: Mobile Casino-Spiele Die Teddyslot App bringt unser Online-Casino auf Ihr Smartphone, sodass Sie mit nur wenigen Fingertipps Slots starten oder an Live-Spielen teilnehmen k\u00f6nnen. Nutzer k\u00f6nnen sie direkt von unserer Website f\u00fcr Android und iOS herunterladen. Nach der Installation bietet Ihnen die App Zugriff auf alle Funktionen, die im Teddyslot Casino verf\u00fcgbar sind, [&hellip;]<\/p>\n","protected":false},"author":1,"featured_media":0,"parent":0,"menu_order":0,"comment_status":"closed","ping_status":"closed","template":"template-builder.php","meta":{"_acf_changed":false,"inline_featured_image":false,"footnotes":""},"class_list":["post-1442","page","type-page","status-publish","hentry"],"acf":[],"yoast_head":"<!-- This site is optimized with the Yoast SEO plugin v27.3 - https:\/\/yoast.com\/product\/yoast-seo-wordpress\/ -->\n<title>Teddyslot App: Installieren Sie PWA auf Android, iOS, Mac und Windows<\/title>\n<meta name=\"description\" content=\"Teddyslot App ist eine progressive Web-App. Installieren Sie die Verkn\u00fcpfung \u00fcber Ihren Browser und Spielen Sie Casinospiele auf Android in Chrome, auf iOS in Safari und auf Mac oder Windows mit einer Browserinstallationsoption. Nutzen Sie dasselbe Konto auf allen Ger\u00e4ten f\u00fcr schnelle Spielsitzungen.\" \/>\n<meta name=\"robots\" content=\"index, follow, max-snippet:-1, max-image-preview:large, max-video-preview:-1\" \/>\n<link rel=\"canonical\" href=\"https:\/\/theteddyslot.com\/de\/app\/\" \/>\n<meta property=\"og:locale\" content=\"de_DE\" \/>\n<meta property=\"og:type\" content=\"article\" \/>\n<meta property=\"og:title\" content=\"Teddyslot App: Installieren Sie PWA auf Android, iOS, Mac und Windows\" \/>\n<meta property=\"og:description\" content=\"Teddyslot App ist eine progressive Web-App. Installieren Sie die Verkn\u00fcpfung \u00fcber Ihren Browser und Spielen Sie Casinospiele auf Android in Chrome, auf iOS in Safari und auf Mac oder Windows mit einer Browserinstallationsoption. Nutzen Sie dasselbe Konto auf allen Ger\u00e4ten f\u00fcr schnelle Spielsitzungen.\" \/>\n<meta property=\"og:url\" content=\"https:\/\/theteddyslot.com\/de\/app\/\" \/>\n<meta property=\"og:site_name\" content=\"teddyslot\" \/>\n<meta property=\"article:modified_time\" content=\"2026-04-06T09:15:37+00:00\" \/>\n<meta name=\"twitter:card\" content=\"summary_large_image\" \/>\n<meta name=\"twitter:label1\" content=\"Gesch\u00e4tzte Lesezeit\" \/>\n\t<meta name=\"twitter:data1\" content=\"2\u00a0Minuten\" \/>\n<script type=\"application\/ld+json\" class=\"yoast-schema-graph\">{\"@context\":\"https:\\\/\\\/schema.org\",\"@graph\":[{\"@type\":\"WebPage\",\"@id\":\"https:\\\/\\\/theteddyslot.com\\\/de\\\/app\\\/\",\"url\":\"https:\\\/\\\/theteddyslot.com\\\/de\\\/app\\\/\",\"name\":\"Teddyslot App: Installieren Sie PWA auf Android, iOS, Mac und Windows\",\"isPartOf\":{\"@id\":\"https:\\\/\\\/theteddyslot.com\\\/de\\\/#website\"},\"datePublished\":\"2026-01-20T12:08:23+00:00\",\"dateModified\":\"2026-04-06T09:15:37+00:00\",\"description\":\"Teddyslot App ist eine progressive Web-App. Installieren Sie die Verkn\u00fcpfung \u00fcber Ihren Browser und Spielen Sie Casinospiele auf Android in Chrome, auf iOS in Safari und auf Mac oder Windows mit einer Browserinstallationsoption. Nutzen Sie dasselbe Konto auf allen Ger\u00e4ten f\u00fcr schnelle Spielsitzungen.\",\"breadcrumb\":{\"@id\":\"https:\\\/\\\/theteddyslot.com\\\/de\\\/app\\\/#breadcrumb\"},\"inLanguage\":\"de\",\"potentialAction\":[{\"@type\":\"ReadAction\",\"target\":[\"https:\\\/\\\/theteddyslot.com\\\/de\\\/app\\\/\"]}]},{\"@type\":\"BreadcrumbList\",\"@id\":\"https:\\\/\\\/theteddyslot.com\\\/de\\\/app\\\/#breadcrumb\",\"itemListElement\":[{\"@type\":\"ListItem\",\"position\":1,\"name\":\"Teddyslot\",\"item\":\"https:\\\/\\\/theteddyslot.com\\\/de\\\/\"},{\"@type\":\"ListItem\",\"position\":2,\"name\":\"App\"}]},{\"@type\":\"WebSite\",\"@id\":\"https:\\\/\\\/theteddyslot.com\\\/de\\\/#website\",\"url\":\"https:\\\/\\\/theteddyslot.com\\\/de\\\/\",\"name\":\"Teddyslot\",\"description\":\"\",\"publisher\":{\"@id\":\"https:\\\/\\\/theteddyslot.com\\\/de\\\/#organization\"},\"potentialAction\":[{\"@type\":\"SearchAction\",\"target\":{\"@type\":\"EntryPoint\",\"urlTemplate\":\"https:\\\/\\\/theteddyslot.com\\\/de\\\/?s={search_term_string}\"},\"query-input\":{\"@type\":\"PropertyValueSpecification\",\"valueRequired\":true,\"valueName\":\"search_term_string\"}}],\"inLanguage\":\"de\"},{\"@type\":\"Organization\",\"@id\":\"https:\\\/\\\/theteddyslot.com\\\/de\\\/#organization\",\"name\":\"Teddyslot\",\"url\":\"https:\\\/\\\/theteddyslot.com\\\/de\\\/\",\"logo\":{\"@type\":\"ImageObject\",\"inLanguage\":\"de\",\"@id\":\"https:\\\/\\\/theteddyslot.com\\\/de\\\/#\\\/schema\\\/logo\\\/image\\\/\",\"url\":\"https:\\\/\\\/theteddyslot.com\\\/wp-content\\\/uploads\\\/2026\\\/04\\\/teddyslot-logo.png\",\"contentUrl\":\"https:\\\/\\\/theteddyslot.com\\\/wp-content\\\/uploads\\\/2026\\\/04\\\/teddyslot-logo.png\",\"width\":140,\"height\":32,\"caption\":\"Teddyslot\"},\"image\":{\"@id\":\"https:\\\/\\\/theteddyslot.com\\\/de\\\/#\\\/schema\\\/logo\\\/image\\\/\"}}]}<\/script>\n<!-- \/ Yoast SEO plugin. -->","yoast_head_json":{"title":"Teddyslot App: Installieren Sie PWA auf Android, iOS, Mac und Windows","description":"Teddyslot App ist eine progressive Web-App. Installieren Sie die Verkn\u00fcpfung \u00fcber Ihren Browser und Spielen Sie Casinospiele auf Android in Chrome, auf iOS in Safari und auf Mac oder Windows mit einer Browserinstallationsoption. Nutzen Sie dasselbe Konto auf allen Ger\u00e4ten f\u00fcr schnelle Spielsitzungen.","robots":{"index":"index","follow":"follow","max-snippet":"max-snippet:-1","max-image-preview":"max-image-preview:large","max-video-preview":"max-video-preview:-1"},"canonical":"https:\/\/theteddyslot.com\/de\/app\/","og_locale":"de_DE","og_type":"article","og_title":"Teddyslot App: Installieren Sie PWA auf Android, iOS, Mac und Windows","og_description":"Teddyslot App ist eine progressive Web-App. Installieren Sie die Verkn\u00fcpfung \u00fcber Ihren Browser und Spielen Sie Casinospiele auf Android in Chrome, auf iOS in Safari und auf Mac oder Windows mit einer Browserinstallationsoption. Nutzen Sie dasselbe Konto auf allen Ger\u00e4ten f\u00fcr schnelle Spielsitzungen.","og_url":"https:\/\/theteddyslot.com\/de\/app\/","og_site_name":"teddyslot","article_modified_time":"2026-04-06T09:15:37+00:00","twitter_card":"summary_large_image","twitter_misc":{"Gesch\u00e4tzte Lesezeit":"2\u00a0Minuten"},"schema":{"@context":"https:\/\/schema.org","@graph":[{"@type":"WebPage","@id":"https:\/\/theteddyslot.com\/de\/app\/","url":"https:\/\/theteddyslot.com\/de\/app\/","name":"Teddyslot App: Installieren Sie PWA auf Android, iOS, Mac und Windows","isPartOf":{"@id":"https:\/\/theteddyslot.com\/de\/#website"},"datePublished":"2026-01-20T12:08:23+00:00","dateModified":"2026-04-06T09:15:37+00:00","description":"Teddyslot App ist eine progressive Web-App. Installieren Sie die Verkn\u00fcpfung \u00fcber Ihren Browser und Spielen Sie Casinospiele auf Android in Chrome, auf iOS in Safari und auf Mac oder Windows mit einer Browserinstallationsoption. Nutzen Sie dasselbe Konto auf allen Ger\u00e4ten f\u00fcr schnelle Spielsitzungen.","breadcrumb":{"@id":"https:\/\/theteddyslot.com\/de\/app\/#breadcrumb"},"inLanguage":"de","potentialAction":[{"@type":"ReadAction","target":["https:\/\/theteddyslot.com\/de\/app\/"]}]},{"@type":"BreadcrumbList","@id":"https:\/\/theteddyslot.com\/de\/app\/#breadcrumb","itemListElement":[{"@type":"ListItem","position":1,"name":"Teddyslot","item":"https:\/\/theteddyslot.com\/de\/"},{"@type":"ListItem","position":2,"name":"App"}]},{"@type":"WebSite","@id":"https:\/\/theteddyslot.com\/de\/#website","url":"https:\/\/theteddyslot.com\/de\/","name":"Teddyslot","description":"","publisher":{"@id":"https:\/\/theteddyslot.com\/de\/#organization"},"potentialAction":[{"@type":"SearchAction","target":{"@type":"EntryPoint","urlTemplate":"https:\/\/theteddyslot.com\/de\/?s={search_term_string}"},"query-input":{"@type":"PropertyValueSpecification","valueRequired":true,"valueName":"search_term_string"}}],"inLanguage":"de"},{"@type":"Organization","@id":"https:\/\/theteddyslot.com\/de\/#organization","name":"Teddyslot","url":"https:\/\/theteddyslot.com\/de\/","logo":{"@type":"ImageObject","inLanguage":"de","@id":"https:\/\/theteddyslot.com\/de\/#\/schema\/logo\/image\/","url":"https:\/\/theteddyslot.com\/wp-content\/uploads\/2026\/04\/teddyslot-logo.png","contentUrl":"https:\/\/theteddyslot.com\/wp-content\/uploads\/2026\/04\/teddyslot-logo.png","width":140,"height":32,"caption":"Teddyslot"},"image":{"@id":"https:\/\/theteddyslot.com\/de\/#\/schema\/logo\/image\/"}}]}},"_links":{"self":[{"href":"https:\/\/theteddyslot.com\/de\/wp-json\/wp\/v2\/pages\/1442","targetHints":{"allow":["GET"]}}],"collection":[{"href":"https:\/\/theteddyslot.com\/de\/wp-json\/wp\/v2\/pages"}],"about":[{"href":"https:\/\/theteddyslot.com\/de\/wp-json\/wp\/v2\/types\/page"}],"author":[{"embeddable":true,"href":"https:\/\/theteddyslot.com\/de\/wp-json\/wp\/v2\/users\/1"}],"replies":[{"embeddable":true,"href":"https:\/\/theteddyslot.com\/de\/wp-json\/wp\/v2\/comments?post=1442"}],"version-history":[{"count":3,"href":"https:\/\/theteddyslot.com\/de\/wp-json\/wp\/v2\/pages\/1442\/revisions"}],"predecessor-version":[{"id":2064,"href":"https:\/\/theteddyslot.com\/de\/wp-json\/wp\/v2\/pages\/1442\/revisions\/2064"}],"wp:attachment":[{"href":"https:\/\/theteddyslot.com\/de\/wp-json\/wp\/v2\/media?parent=1442"}],"curies":[{"name":"wp","href":"https:\/\/api.w.org\/{rel}","templated":true}]}}