{"id":1483,"date":"2026-01-20T12:11:11","date_gmt":"2026-01-20T12:11:11","guid":{"rendered":"https:\/\/bonuskongcasino.com\/login-and-registration\/"},"modified":"2026-04-06T10:17:15","modified_gmt":"2026-04-06T09:17:15","slug":"anmeldung-und-registrierung","status":"publish","type":"page","link":"https:\/\/theteddyslot.com\/de\/anmeldung-und-registrierung\/","title":{"rendered":"Anmeldung und Registrierung"},"content":{"rendered":"<h1>Teddyslot Login<\/h1>\n<p>Der Teddyslot Login ist der Schritt, der registrierte Spieler von der Anmeldeseite zum Echtgeldspiel f\u00fchrt. Nach der Anmeldung k\u00f6nnen sie ihre Zahlungsdaten verwalten und die wichtigsten Profilfunktionen an einem Ort nutzen. Wir fragen bei der Registrierung und Anmeldung nur nach den wesentlichen Angaben. Das gleiche Profil kann dann ger\u00e4te\u00fcbergreifend genutzt werden, ohne dass ein neues erstellt werden muss.<\/p>\n<p><div class=\"banner-wrap\" aria-label=\"Banner\"><img src=\"https:\/\/theteddyslot.com\/wp-content\/uploads\/2026\/04\/teddyslot-bonus-desktop.webp\" class=\"w-100 d-none d-lg-block img-pc main-banner-img\" alt=\"teddyslot welcome bonus desktop\" fetchpriority=\"high\" decoding=\"async\"><img src=\"https:\/\/theteddyslot.com\/wp-content\/uploads\/2026\/04\/teddyslot-bnr-mobile.webp\" class=\"w-100 d-none d-md-block d-lg-none main-banner-img\" alt=\"teddyslot welcome bonus mobile\" fetchpriority=\"high\" decoding=\"async\"><img src=\"https:\/\/theteddyslot.com\/wp-content\/uploads\/2026\/04\/teddyslot-bnr-mobile.webp\" class=\"w-100 d-md-none\" alt=\"teddyslot welcome bonus mobile\" fetchpriority=\"high\" decoding=\"async\"><div class=\"banner-description\">\n<div class=\"banner-title\">Willkommensboni<\/div>\n<p class=\"banner-header-title\">1500 \u20ac<\/p>\n<div class=\"banner-header-AdditionalText\">+ 250 Freispiele<\/div>\n<button data-item=\"homepage_banner_link\" class=\"goto m-button m-gradient-border m-button--primary m-button--large banner-button btn-orange\">\n            <div class=\"m-button-content\">\n                <span>Jetzt anmelden<\/span>\n                <span><\/span>\n            <\/div>\n        <\/button>\n<\/div>\n<div class=\"WelcomePack\">\n<p><img loading=\"lazy\" decoding=\"async\" class=\"alignnone size-full wp-image-1853\" src=\"https:\/\/theteddyslot.com\/wp-content\/uploads\/2026\/04\/welcome-crown.png\" alt=\"crown\" width=\"25\" height=\"26\" \/><\/p>\n<div class=\"WelcomePack-Info\">W\u00f6chentlicher Cashback von bis zu 25 %<\/div>\n<p><img loading=\"lazy\" decoding=\"async\" class=\"alignnone size-full wp-image-1853\" src=\"https:\/\/theteddyslot.com\/wp-content\/uploads\/2026\/04\/welcome-crown.png\" alt=\"crown\" width=\"25\" height=\"26\" \/><\/p>\n<\/div>\n<\/div><div class=\"scrollable-content-wrap my-5\"><div class=\"scrollable-content-inner\"><h2>Teddyslot Casino Registrierung<\/h2>\n<p>Wenn Sie bereits einige Zeit im Demo-Modus verbracht haben, ist die Registrierung der logische n\u00e4chste Schritt. Sie er\u00f6ffnet Ihnen die Vollversion des Teddy Slot Casinos und gew\u00e4hrt Ihnen Zugang zu unserem Willkommenspaket von bis zu 1.500 \u20ac plus 250 Freispielen.<\/p>\n<p>Ein Profil kann mehr als nur Boni freischalten. Nach der Anmeldung kannst du mehr als 6.000 Spiele in unserem Casino spielen, darunter auch Live-Dealer-Titel. \u00dcber dein Konto kannst du au\u00dferdem Einzahlungen vornehmen und Gewinne auszahlen lassen. Dar\u00fcber hinaus kannst du in deinem pers\u00f6nlichen Bereich den Fortschritt bei Missionen und Turnieren verfolgen.<\/p>\n<h3>Er\u00f6ffne ein Konto in nur wenigen Schritten<\/h3>\n<p>Du kannst dich bei Teddyslot Casino registrieren, wenn du mindestens 18 Jahre alt bist. Die Er\u00f6ffnung eines Profils erfordert kein langes Formular. Wir fragen nur nach den wichtigsten Angaben und best\u00e4tigen dann, dass der Spieler alt genug f\u00fcr die Registrierung ist und unsere Bedingungen akzeptiert hat. So wirst du Mitglied:<\/p>\n<ol>\n<li>Gehen Sie zum Anmeldeformular, indem Sie auf die Schaltfl\u00e4che \u201eRegistrieren\u201c klicken.<\/li>\n<li>Geben Sie Ihre E-Mail-Adresse und Ihr Passwort ein und geben Sie einen Promo-Code ein, falls einer f\u00fcr Ihr Angebot gilt.<\/li>\n<li>Best\u00e4tige die erforderlichen Felder, um zur n\u00e4chsten Stufe zu gelangen.<\/li>\n<li>Geben Sie Ihren Vor- und Nachnamen, Ihr Geburtsdatum und Ihre Telefonnummer ein.<\/li>\n<li>Speichere das Formular, und dein Teddy Slot Konto ist bereit f\u00fcr deine erste Anmeldung.<\/li>\n<\/ol>\n<p>Wenn Sie bereits ein Google-Konto haben, k\u00f6nnen Sie den ersten Schritt sogar \u00fcberspringen und direkt zum zweiten Teil der Registrierung \u00fcbergehen. Sobald Ihr Profil eingerichtet ist, k\u00f6nnen Sie dieselben Anmeldedaten f\u00fcr jedes unterst\u00fctzte Ger\u00e4t verwenden.<\/p>\n<p><img loading=\"lazy\" decoding=\"async\" class=\"alignnone size-full wp-image-1949\" src=\"https:\/\/theteddyslot.com\/wp-content\/uploads\/2026\/04\/Teddyslot-Login.webp\" alt=\"Teddyslot Login\" width=\"1248\" height=\"536\" srcset=\"https:\/\/theteddyslot.com\/wp-content\/uploads\/2026\/04\/Teddyslot-Login.webp 1248w, https:\/\/theteddyslot.com\/wp-content\/uploads\/2026\/04\/Teddyslot-Login-300x129.webp 300w, https:\/\/theteddyslot.com\/wp-content\/uploads\/2026\/04\/Teddyslot-Login-1024x440.webp 1024w, https:\/\/theteddyslot.com\/wp-content\/uploads\/2026\/04\/Teddyslot-Login-768x330.webp 768w\" sizes=\"auto, (max-width: 1248px) 100vw, 1248px\" \/><\/p>\n<h2>Anmelden und Ihr Teddyslot Konto verwalten<\/h2>\n<p>Um sich anzumelden, geben Sie einfach die E-Mail-Adresse und das Passwort ein, die Sie bei der Registrierung verwendet haben. Der Anmeldevorgang bei Teddyslot dauert nur einen Moment, und Sie k\u00f6nnen die Zwei-Faktor-Authentifizierung aktivieren, um Ihr Profil besser zu sch\u00fctzen.<\/p>\n<p>Sobald du angemeldet bist, wird dein Konto zum Hauptbereich f\u00fcr das Spielen mit echtem Geld. Neben Spielen und anderen Plattformfunktionen bietet Teddyslot Casino Tools, mit denen du dein Profil verwalten und wichtige Einstellungen nach deinen Vorlieben anpassen kannst.<\/p>\n<table>\n<tbody>\n<tr>\n<td>Funktion<\/td>\n<td>Was Sie tun k\u00f6nnen<\/td>\n<\/tr>\n<tr>\n<td>Aktivit\u00e4tsverlauf<\/td>\n<td>\u00dcberpr\u00fcfen Sie Ihren Casino- und Wettverlauf und sehen Sie sich den Status von Werbeaktionen an. Einzahlungs-, Wett- und Auszahlungsaufzeichnungen sind ebenfalls in diesem Bereich verf\u00fcgbar.<\/td>\n<\/tr>\n<tr>\n<td>Tools f\u00fcr verantwortungsbewusstes Spielen<\/td>\n<td>Legen Sie Zeit- oder Finanzlimits direkt in Ihrem Konto fest. Eine Selbstsperre ist ebenfalls verf\u00fcgbar, wenn Sie eine Pause ben\u00f6tigen.<\/td>\n<\/tr>\n<tr>\n<td>Kontoverwaltung<\/td>\n<td>Bearbeiten Sie Ihre pers\u00f6nlichen Daten und aktualisieren Sie die mit Ihrem Profil verkn\u00fcpften Finanzdaten.<\/td>\n<\/tr>\n<tr>\n<td>Sicherheitseinstellungen<\/td>\n<td>\u00dcberpr\u00fcfen Sie Ihre aktiven Sitzungen und sehen Sie, welche Ger\u00e4te zum Einloggen verwendet wurden. Sie k\u00f6nnen auch Ihre Sicherheitseinstellungen anpassen.<\/td>\n<\/tr>\n<tr>\n<td>Missionen verfolgen<\/td>\n<td>Verfolgen Sie Ihren Fortschritt bei Turnieren und Missionen. Dort finden Sie auch Informationen dar\u00fcber, wie viele Bonusguthaben Sie verdient haben.<\/td>\n<\/tr>\n<\/tbody>\n<\/table>\n<p>Ein angemeldetes Konto hilft auch dabei, Routineaufgaben in Ordnung zu halten. Spieler, die zu Teddyslot Casino zur\u00fcckkehren, k\u00f6nnen dort weitermachen, wo sie aufgeh\u00f6rt haben, und Einstellungen verwalten, ohne fr\u00fchere Schritte wiederholen zu m\u00fcssen.<\/p>\n<h3>So melden Sie sich \u00fcber die mobile App an<\/h3>\n<p>Der mobile Zugriff funktioniert genauso reibungslos wie die Anmeldung am Desktop. Die gleichen Teddyslot Anmeldedaten funktionieren auf einem Smartphone oder Tablet, und ein Konto bleibt auf allen unterst\u00fctzten Ger\u00e4ten g\u00fcltig. Android- und iOS-Nutzer k\u00f6nnen sich mit denselben Daten bei Teddy Slot anmelden, die sie auch am Desktop verwenden.<\/p>\n<p>Der Vorgang selbst bleibt vertraut. \u00d6ffne die App, gib die registrierte E-Mail-Adresse ein und f\u00fcge dann das mit dem Profil verkn\u00fcpfte Passwort hinzu. Dein Teddyslot Konto ist nicht mehr auf den Desktop beschr\u00e4nkt. Es ist auch auf Mobilger\u00e4ten verf\u00fcgbar, sodass du jederzeit ein Spiel starten oder deinen Fortschritt \u00fcberpr\u00fcfen kannst, indem du einfach dein Smartphone zur Hand nimmst.<\/p>\n<h3>Passwort vergessen?<\/h3>\n<p>Die Wiederherstellung beginnt auf der Anmeldeseite. Du musst auf die Schaltfl\u00e4che \u201ePasswort vergessen?\u201c klicken und die mit deinem Konto verkn\u00fcpfte E-Mail-Adresse eingeben. Folge dann dem Link zum Zur\u00fccksetzen, der an diese E-Mail-Adresse gesendet wird. Nachdem du ein neues Passwort erstellt hast, kannst du den Teddyslot Anmeldevorgang mit den aktualisierten Daten wiederholen.<\/p>\n<p>Der Wiederherstellungsprozess hilft Ihnen, den Zugriff auf Ihr bestehendes Profil wiederherzustellen und verhindert doppelte Registrierungen, was wichtig ist, da wir nur ein Konto pro Spieler zulassen.<\/p>\n<h2>Teddy Slot Casino Verifizierung<\/h2>\n<p>Vor Ihrer ersten Auszahlung bitten wir Sie, unseren Verifizierungsprozess abzuschlie\u00dfen. Damit best\u00e4tigen wir:<\/p>\n<ul>\n<li>Alter<\/li>\n<li>Wohnadresse<\/li>\n<li>Eigent\u00fcmerschaft des Zahlungskontos<\/li>\n<\/ul>\n<p>Um diese Phase abzuschlie\u00dfen, laden Sie bitte gut lesbare Fotos Ihrer Dokumente in Ihr Profil hoch. Nachdem Sie die Dateien eingereicht haben, wird das Teddyslot KYC-Team diese innerhalb von 48 Stunden pr\u00fcfen. Sobald alles genehmigt ist, k\u00f6nnen Sie Ihre Gewinne ohne unn\u00f6tige Verz\u00f6gerung auszahlen lassen.<\/p>\n<p>Sollten w\u00e4hrend dieser Phase Probleme beim Zugriff auftreten, setzen wir den Prozess \u00fcber die E-Mail-Adresse Ihres Kontos fort. Wenn Sie zus\u00e4tzliche Hilfe ben\u00f6tigen, steht Ihnen unser Kundenservice per Live-Chat zur Verf\u00fcgung. Das Support-Team kann Ihnen nach Abschluss der Identit\u00e4tspr\u00fcfung auch per E-Mail weiterhelfen.<\/p>\n<h2>FAQ<\/h2>\n<h3>Warum wurde mein Teddyslot Konto vor\u00fcbergehend gesperrt?<\/h3>\n<p>Ihr Konto wurde m\u00f6glicherweise aufgrund von Sicherheits\u00fcberpr\u00fcfungen gesperrt. Dies kann auch passieren, wenn unser System doppelte Konten erkennt, die mit demselben Ger\u00e4t oder derselben IP-Adresse verkn\u00fcpft sind. Andere Verst\u00f6\u00dfe gegen unsere Nutzungsbedingungen k\u00f6nnen zu demselben Ergebnis f\u00fchren. F\u00fcr weitere Informationen zu Ihrem Fall wenden Sie sich bitte an unseren mehrsprachigen Kundendienst.<\/p>\n<h3>Was passiert, wenn ich mehrmals falsche Daten eingebe?<\/h3>\n<p>Wenn Ihre Teddyslot Anmeldedaten mehrmals falsch eingegeben wurden, nutzen Sie die Option zum Zur\u00fccksetzen des Passworts auf der Anmeldeseite. Der Wiederherstellungsprozess f\u00fchrt Sie \u00fcber Ihre registrierte E-Mail-Adresse zur\u00fcck zu Ihrem bestehenden Profil. Es ist besser, dieses Profil wiederherzustellen, als ein neues zu erstellen.<\/p>\n<h3>Kann ich ein geschlossenes Konto wieder er\u00f6ffnen?<\/h3>\n<p>Sobald Ihr Konto geschlossen ist, kann es nicht wiederer\u00f6ffnet werden. Wenn Sie Teddyslot Casino weiterhin nutzen m\u00f6chten, m\u00fcssen Sie sich erneut anmelden. Wenn Sie die Selbstsperre-Option aktivieren, wird Ihr Profil nach Ablauf des gew\u00e4hlten Zeitraums automatisch wiederer\u00f6ffnet.<\/p>\n<h3>L\u00f6st die Anmeldung mit einem neuen Ger\u00e4t Sicherheits\u00fcberpr\u00fcfungen aus?<\/h3>\n<p>Ja, wir \u00fcberpr\u00fcfen m\u00f6glicherweise Ihre Identit\u00e4t, wenn wir \u00c4nderungen an Ihrem Profil oder Ihrer Anmeldemethode feststellen. Zum Beispiel, wenn Sie sich von einem Ger\u00e4t aus anmelden, das wir nicht erkennen. Dies geschieht zu Ihrer Sicherheit, damit niemand anderes auf Ihre Zahlungen oder pers\u00f6nlichen Daten zugreifen kann. Wir bitten Sie m\u00f6glicherweise um weitere Dokumente, um zu best\u00e4tigen, dass Sie es sind, und um unsere Sicherheitsvorschriften einzuhalten.<\/p>\n<\/div><\/div><\/p>\n","protected":false},"excerpt":{"rendered":"<p>Teddyslot Login Der Teddyslot Login ist der Schritt, der registrierte Spieler von der Anmeldeseite zum Echtgeldspiel f\u00fchrt. Nach der Anmeldung k\u00f6nnen sie ihre Zahlungsdaten verwalten und die wichtigsten Profilfunktionen an einem Ort nutzen. Wir fragen bei der Registrierung und Anmeldung nur nach den wesentlichen Angaben. Das gleiche Profil kann dann ger\u00e4te\u00fcbergreifend genutzt werden, ohne dass [&hellip;]<\/p>\n","protected":false},"author":1,"featured_media":0,"parent":0,"menu_order":0,"comment_status":"closed","ping_status":"closed","template":"template-builder.php","meta":{"_acf_changed":false,"inline_featured_image":false,"footnotes":""},"class_list":["post-1483","page","type-page","status-publish","hentry"],"acf":[],"yoast_head":"<!-- This site is optimized with the Yoast SEO plugin v27.3 - https:\/\/yoast.com\/product\/yoast-seo-wordpress\/ -->\n<title>Teddyslot Login: Konto erstellen oder darauf zugreifen<\/title>\n<meta name=\"description\" content=\"Teddyslot Login \u00d6ffnen Sie Ihr Konto mit wenigen Klicks. Melden Sie sich mit E-Mail-Adresse und Passwort an und gehen Sie dann zur Lobby. Falls Sie Ihr Passwort vergessen haben, k\u00f6nnen Sie es per E-Mail zur\u00fccksetzen. Die Registrierung erfolgt im selben Fenster \u00fcber \u201eAnmelden\u201c.\" \/>\n<meta name=\"robots\" content=\"index, follow, max-snippet:-1, max-image-preview:large, max-video-preview:-1\" \/>\n<link rel=\"canonical\" href=\"https:\/\/theteddyslot.com\/de\/anmeldung-und-registrierung\/\" \/>\n<meta property=\"og:locale\" content=\"de_DE\" \/>\n<meta property=\"og:type\" content=\"article\" \/>\n<meta property=\"og:title\" content=\"Teddyslot Login: Konto erstellen oder darauf zugreifen\" \/>\n<meta property=\"og:description\" content=\"Teddyslot Login \u00d6ffnen Sie Ihr Konto mit wenigen Klicks. Melden Sie sich mit E-Mail-Adresse und Passwort an und gehen Sie dann zur Lobby. Falls Sie Ihr Passwort vergessen haben, k\u00f6nnen Sie es per E-Mail zur\u00fccksetzen. Die Registrierung erfolgt im selben Fenster \u00fcber \u201eAnmelden\u201c.\" \/>\n<meta property=\"og:url\" content=\"https:\/\/theteddyslot.com\/de\/anmeldung-und-registrierung\/\" \/>\n<meta property=\"og:site_name\" content=\"teddyslot\" \/>\n<meta property=\"article:modified_time\" content=\"2026-04-06T09:17:15+00:00\" \/>\n<meta name=\"twitter:card\" content=\"summary_large_image\" \/>\n<meta name=\"twitter:label1\" content=\"Gesch\u00e4tzte Lesezeit\" \/>\n\t<meta name=\"twitter:data1\" content=\"1\u00a0Minute\" \/>\n<script type=\"application\/ld+json\" class=\"yoast-schema-graph\">{\"@context\":\"https:\\\/\\\/schema.org\",\"@graph\":[{\"@type\":\"WebPage\",\"@id\":\"https:\\\/\\\/theteddyslot.com\\\/de\\\/anmeldung-und-registrierung\\\/\",\"url\":\"https:\\\/\\\/theteddyslot.com\\\/de\\\/anmeldung-und-registrierung\\\/\",\"name\":\"Teddyslot Login: Konto erstellen oder darauf zugreifen\",\"isPartOf\":{\"@id\":\"https:\\\/\\\/theteddyslot.com\\\/de\\\/#website\"},\"datePublished\":\"2026-01-20T12:11:11+00:00\",\"dateModified\":\"2026-04-06T09:17:15+00:00\",\"description\":\"Teddyslot Login \u00d6ffnen Sie Ihr Konto mit wenigen Klicks. Melden Sie sich mit E-Mail-Adresse und Passwort an und gehen Sie dann zur Lobby. Falls Sie Ihr Passwort vergessen haben, k\u00f6nnen Sie es per E-Mail zur\u00fccksetzen. Die Registrierung erfolgt im selben Fenster \u00fcber \u201eAnmelden\u201c.\",\"breadcrumb\":{\"@id\":\"https:\\\/\\\/theteddyslot.com\\\/de\\\/anmeldung-und-registrierung\\\/#breadcrumb\"},\"inLanguage\":\"de\",\"potentialAction\":[{\"@type\":\"ReadAction\",\"target\":[\"https:\\\/\\\/theteddyslot.com\\\/de\\\/anmeldung-und-registrierung\\\/\"]}]},{\"@type\":\"BreadcrumbList\",\"@id\":\"https:\\\/\\\/theteddyslot.com\\\/de\\\/anmeldung-und-registrierung\\\/#breadcrumb\",\"itemListElement\":[{\"@type\":\"ListItem\",\"position\":1,\"name\":\"Teddyslot\",\"item\":\"https:\\\/\\\/theteddyslot.com\\\/de\\\/\"},{\"@type\":\"ListItem\",\"position\":2,\"name\":\"Anmeldung und Registrierung\"}]},{\"@type\":\"WebSite\",\"@id\":\"https:\\\/\\\/theteddyslot.com\\\/de\\\/#website\",\"url\":\"https:\\\/\\\/theteddyslot.com\\\/de\\\/\",\"name\":\"Teddyslot\",\"description\":\"\",\"publisher\":{\"@id\":\"https:\\\/\\\/theteddyslot.com\\\/de\\\/#organization\"},\"potentialAction\":[{\"@type\":\"SearchAction\",\"target\":{\"@type\":\"EntryPoint\",\"urlTemplate\":\"https:\\\/\\\/theteddyslot.com\\\/de\\\/?s={search_term_string}\"},\"query-input\":{\"@type\":\"PropertyValueSpecification\",\"valueRequired\":true,\"valueName\":\"search_term_string\"}}],\"inLanguage\":\"de\"},{\"@type\":\"Organization\",\"@id\":\"https:\\\/\\\/theteddyslot.com\\\/de\\\/#organization\",\"name\":\"Teddyslot\",\"url\":\"https:\\\/\\\/theteddyslot.com\\\/de\\\/\",\"logo\":{\"@type\":\"ImageObject\",\"inLanguage\":\"de\",\"@id\":\"https:\\\/\\\/theteddyslot.com\\\/de\\\/#\\\/schema\\\/logo\\\/image\\\/\",\"url\":\"https:\\\/\\\/theteddyslot.com\\\/wp-content\\\/uploads\\\/2026\\\/04\\\/teddyslot-logo.png\",\"contentUrl\":\"https:\\\/\\\/theteddyslot.com\\\/wp-content\\\/uploads\\\/2026\\\/04\\\/teddyslot-logo.png\",\"width\":140,\"height\":32,\"caption\":\"Teddyslot\"},\"image\":{\"@id\":\"https:\\\/\\\/theteddyslot.com\\\/de\\\/#\\\/schema\\\/logo\\\/image\\\/\"}}]}<\/script>\n<!-- \/ Yoast SEO plugin. -->","yoast_head_json":{"title":"Teddyslot Login: Konto erstellen oder darauf zugreifen","description":"Teddyslot Login \u00d6ffnen Sie Ihr Konto mit wenigen Klicks. Melden Sie sich mit E-Mail-Adresse und Passwort an und gehen Sie dann zur Lobby. Falls Sie Ihr Passwort vergessen haben, k\u00f6nnen Sie es per E-Mail zur\u00fccksetzen. Die Registrierung erfolgt im selben Fenster \u00fcber \u201eAnmelden\u201c.","robots":{"index":"index","follow":"follow","max-snippet":"max-snippet:-1","max-image-preview":"max-image-preview:large","max-video-preview":"max-video-preview:-1"},"canonical":"https:\/\/theteddyslot.com\/de\/anmeldung-und-registrierung\/","og_locale":"de_DE","og_type":"article","og_title":"Teddyslot Login: Konto erstellen oder darauf zugreifen","og_description":"Teddyslot Login \u00d6ffnen Sie Ihr Konto mit wenigen Klicks. Melden Sie sich mit E-Mail-Adresse und Passwort an und gehen Sie dann zur Lobby. Falls Sie Ihr Passwort vergessen haben, k\u00f6nnen Sie es per E-Mail zur\u00fccksetzen. Die Registrierung erfolgt im selben Fenster \u00fcber \u201eAnmelden\u201c.","og_url":"https:\/\/theteddyslot.com\/de\/anmeldung-und-registrierung\/","og_site_name":"teddyslot","article_modified_time":"2026-04-06T09:17:15+00:00","twitter_card":"summary_large_image","twitter_misc":{"Gesch\u00e4tzte Lesezeit":"1\u00a0Minute"},"schema":{"@context":"https:\/\/schema.org","@graph":[{"@type":"WebPage","@id":"https:\/\/theteddyslot.com\/de\/anmeldung-und-registrierung\/","url":"https:\/\/theteddyslot.com\/de\/anmeldung-und-registrierung\/","name":"Teddyslot Login: Konto erstellen oder darauf zugreifen","isPartOf":{"@id":"https:\/\/theteddyslot.com\/de\/#website"},"datePublished":"2026-01-20T12:11:11+00:00","dateModified":"2026-04-06T09:17:15+00:00","description":"Teddyslot Login \u00d6ffnen Sie Ihr Konto mit wenigen Klicks. Melden Sie sich mit E-Mail-Adresse und Passwort an und gehen Sie dann zur Lobby. Falls Sie Ihr Passwort vergessen haben, k\u00f6nnen Sie es per E-Mail zur\u00fccksetzen. Die Registrierung erfolgt im selben Fenster \u00fcber \u201eAnmelden\u201c.","breadcrumb":{"@id":"https:\/\/theteddyslot.com\/de\/anmeldung-und-registrierung\/#breadcrumb"},"inLanguage":"de","potentialAction":[{"@type":"ReadAction","target":["https:\/\/theteddyslot.com\/de\/anmeldung-und-registrierung\/"]}]},{"@type":"BreadcrumbList","@id":"https:\/\/theteddyslot.com\/de\/anmeldung-und-registrierung\/#breadcrumb","itemListElement":[{"@type":"ListItem","position":1,"name":"Teddyslot","item":"https:\/\/theteddyslot.com\/de\/"},{"@type":"ListItem","position":2,"name":"Anmeldung und Registrierung"}]},{"@type":"WebSite","@id":"https:\/\/theteddyslot.com\/de\/#website","url":"https:\/\/theteddyslot.com\/de\/","name":"Teddyslot","description":"","publisher":{"@id":"https:\/\/theteddyslot.com\/de\/#organization"},"potentialAction":[{"@type":"SearchAction","target":{"@type":"EntryPoint","urlTemplate":"https:\/\/theteddyslot.com\/de\/?s={search_term_string}"},"query-input":{"@type":"PropertyValueSpecification","valueRequired":true,"valueName":"search_term_string"}}],"inLanguage":"de"},{"@type":"Organization","@id":"https:\/\/theteddyslot.com\/de\/#organization","name":"Teddyslot","url":"https:\/\/theteddyslot.com\/de\/","logo":{"@type":"ImageObject","inLanguage":"de","@id":"https:\/\/theteddyslot.com\/de\/#\/schema\/logo\/image\/","url":"https:\/\/theteddyslot.com\/wp-content\/uploads\/2026\/04\/teddyslot-logo.png","contentUrl":"https:\/\/theteddyslot.com\/wp-content\/uploads\/2026\/04\/teddyslot-logo.png","width":140,"height":32,"caption":"Teddyslot"},"image":{"@id":"https:\/\/theteddyslot.com\/de\/#\/schema\/logo\/image\/"}}]}},"_links":{"self":[{"href":"https:\/\/theteddyslot.com\/de\/wp-json\/wp\/v2\/pages\/1483","targetHints":{"allow":["GET"]}}],"collection":[{"href":"https:\/\/theteddyslot.com\/de\/wp-json\/wp\/v2\/pages"}],"about":[{"href":"https:\/\/theteddyslot.com\/de\/wp-json\/wp\/v2\/types\/page"}],"author":[{"embeddable":true,"href":"https:\/\/theteddyslot.com\/de\/wp-json\/wp\/v2\/users\/1"}],"replies":[{"embeddable":true,"href":"https:\/\/theteddyslot.com\/de\/wp-json\/wp\/v2\/comments?post=1483"}],"version-history":[{"count":3,"href":"https:\/\/theteddyslot.com\/de\/wp-json\/wp\/v2\/pages\/1483\/revisions"}],"predecessor-version":[{"id":2066,"href":"https:\/\/theteddyslot.com\/de\/wp-json\/wp\/v2\/pages\/1483\/revisions\/2066"}],"wp:attachment":[{"href":"https:\/\/theteddyslot.com\/de\/wp-json\/wp\/v2\/media?parent=1483"}],"curies":[{"name":"wp","href":"https:\/\/api.w.org\/{rel}","templated":true}]}}