{"id":1449,"date":"2026-01-20T12:08:23","date_gmt":"2026-01-20T12:08:23","guid":{"rendered":"https:\/\/bonuskongcasino.com\/app-2\/"},"modified":"2026-04-06T11:50:25","modified_gmt":"2026-04-06T10:50:25","slug":"aplicacion","status":"publish","type":"page","link":"https:\/\/theteddyslot.com\/es\/aplicacion\/","title":{"rendered":"Aplicaci\u00f3n"},"content":{"rendered":"<h1>Aplicaci\u00f3n de Teddyslot: juegos de casino para m\u00f3vil<\/h1>\n<p>Teddyslot app lleva nuestro casino online a tu tel\u00e9fono, para que puedas abrir tragaperras o unirte a juegos en vivo con solo unos toques. Los usuarios espa\u00f1oles pueden descargarla directamente desde nuestra p\u00e1gina web para Android e iOS. Una vez instalada, la aplicaci\u00f3n te da acceso a todas las funciones disponibles en Teddyslot Casino, incluidos los pagos y las promociones.<\/p>\n<div class=\"banner-wrap\" aria-label=\"Banner\"><img src=\"https:\/\/theteddyslot.com\/wp-content\/uploads\/2026\/04\/teddyslot-bonus-desktop.webp\" class=\"w-100 d-none d-lg-block img-pc main-banner-img\" alt=\"teddyslot welcome bonus desktop\" fetchpriority=\"high\" decoding=\"async\"><img src=\"https:\/\/theteddyslot.com\/wp-content\/uploads\/2026\/04\/teddyslot-bnr-mobile.webp\" class=\"w-100 d-none d-md-block d-lg-none main-banner-img\" alt=\"teddyslot welcome bonus mobile\" fetchpriority=\"high\" decoding=\"async\"><img src=\"https:\/\/theteddyslot.com\/wp-content\/uploads\/2026\/04\/teddyslot-bnr-mobile.webp\" class=\"w-100 d-md-none\" alt=\"teddyslot welcome bonus mobile\" fetchpriority=\"high\" decoding=\"async\"><div class=\"banner-description\">\n<div class=\"banner-title\">Bonos de bienvenida<\/div>\n<p class=\"banner-header-title\">1500 \u20ac<\/p>\n<div class=\"banner-header-AdditionalText\">+ 250 Tiradas gratis<\/div>\n<button data-item=\"homepage_banner_link\" class=\"goto m-button m-gradient-border m-button--primary m-button--large banner-button btn-orange\">\n            <div class=\"m-button-content\">\n                <span>Reg\u00edstrate ahora<\/span>\n                <span><\/span>\n            <\/div>\n        <\/button>\n<\/div>\n<div class=\"WelcomePack\">\n<p><img loading=\"lazy\" decoding=\"async\" class=\"alignnone size-full wp-image-1857\" src=\"https:\/\/theteddyslot.com\/wp-content\/uploads\/2026\/04\/welcome-crown.png\" alt=\"crown\" width=\"25\" height=\"26\" \/><\/p>\n<div class=\"WelcomePack-Info\">Reembolso semanal de hasta el 25 %<\/div>\n<p><img loading=\"lazy\" decoding=\"async\" class=\"alignnone size-full wp-image-1857\" src=\"https:\/\/theteddyslot.com\/wp-content\/uploads\/2026\/04\/welcome-crown.png\" alt=\"crown\" width=\"25\" height=\"26\" \/><\/p>\n<\/div>\n<\/div>\n<h2>Ventajas y funciones de la aplicaci\u00f3n Teddyslot<\/h2>\n<p>Puedes utilizar nuestro casino m\u00f3vil en cualquier lugar donde tengas una conexi\u00f3n a Internet estable, por lo que no es necesario quedarte en casa ni esperar a volver a tu ordenador. Desde tu tel\u00e9fono, puedes abrir Teddy Slot Casino, lanzarte a los juegos y gestionar los aspectos clave de tu cuenta. Esto hace que sea m\u00e1s f\u00e1cil volver a la plataforma cuando quieras jugar o consultar tu saldo.<\/p>\n<p>Nuestra aplicaci\u00f3n funciona como una aplicaci\u00f3n web progresiva (PWA), lo que significa que puedes instalarla directamente desde nuestro sitio web y mantenerla en tu dispositivo como cualquier otro software m\u00f3vil. Una vez a\u00f1adida a tu pantalla de inicio, puedes abrir Teddyslot con unos pocos toques en lugar de tener que pasar por el navegador cada vez.<\/p>\n<p>Estas son algunas de las ventajas pr\u00e1cticas de utilizar la aplicaci\u00f3n:<\/p>\n<ul>\n<li>El software ocupa poco espacio en tu tel\u00e9fono, ya que solo utiliza datos almacenados en cach\u00e9.<\/li>\n<li>Navega por la plataforma de Teddyslot Casino m\u00e1s f\u00e1cilmente con la navegaci\u00f3n t\u00e1ctil.<\/li>\n<li>Accede a los juegos y funciones m\u00e1s r\u00e1pido para sesiones cortas.<\/li>\n<li>Recibe notificaciones sobre promociones, torneos o alertas de tu cuenta.<\/li>\n<\/ul>\n<p><div class=\"scrollable-content-wrap my-5\"><div class=\"scrollable-content-inner\"><h2>Aplicaci\u00f3n m\u00f3vil para iOS<\/h2>\n<p>Nuestra aplicaci\u00f3n est\u00e1 disponible para usuarios de iPhone y iPad que deseen tener acceso completo a Teddyslot Casino en sus dispositivos m\u00f3viles. En iOS, puedes jugar, realizar pagos, activar promociones, contactar con el servicio de atenci\u00f3n al cliente a trav\u00e9s del chat en vivo y completar el proceso de verificaci\u00f3n desde tu tel\u00e9fono, en lugar de tener que volver a una sesi\u00f3n de escritorio.<\/p>\n<p>Si ya utilizas tu tel\u00e9fono para jugar, comprar y realizar tareas cotidianas, tambi\u00e9n tiene sentido tener Teddyslot Casino ah\u00ed. La aplicaci\u00f3n te ofrece una ruta m\u00e1s r\u00e1pida de vuelta a la plataforma, mientras que se siguen aplicando los mismos est\u00e1ndares de seguridad al iniciar sesi\u00f3n o gestionar tu cuenta.<\/p>\n<p><img loading=\"lazy\" decoding=\"async\" class=\"alignnone size-full wp-image-1945\" src=\"https:\/\/theteddyslot.com\/wp-content\/uploads\/2026\/04\/Teddyslot-iOS.webp\" alt=\"Teddyslot iOS\" width=\"1248\" height=\"536\" srcset=\"https:\/\/theteddyslot.com\/wp-content\/uploads\/2026\/04\/Teddyslot-iOS.webp 1248w, https:\/\/theteddyslot.com\/wp-content\/uploads\/2026\/04\/Teddyslot-iOS-300x129.webp 300w, https:\/\/theteddyslot.com\/wp-content\/uploads\/2026\/04\/Teddyslot-iOS-1024x440.webp 1024w, https:\/\/theteddyslot.com\/wp-content\/uploads\/2026\/04\/Teddyslot-iOS-768x330.webp 768w\" sizes=\"auto, (max-width: 1248px) 100vw, 1248px\" \/><\/p>\n<\/div><\/div><div style=\"clear: both\"><\/div><div class=\"d-flex justify-content-center\"><button data-item=\"decouvrez_link\" data-group=\"website_links\" class=\"goto fw-bold rounded-pill btn btn-orange\" aria-label=\"Descarga la aplicaci\u00f3n Teddyslot\" >Descarga la aplicaci\u00f3n Teddyslot<\/button><\/div><div class=\"scrollable-content-wrap my-5\"><div class=\"scrollable-content-inner\"><h2>Aplicaci\u00f3n de Teddyslot para Android<\/h2>\n<p>Si tienes un tel\u00e9fono Android, tambi\u00e9n puedes utilizar la versi\u00f3n completa de nuestro casino a trav\u00e9s del software m\u00f3vil. Se trata de una aplicaci\u00f3n web progresiva, por lo que no ocupa tanto espacio de almacenamiento como muchas aplicaciones nativas, lo cual resulta \u00fatil en tel\u00e9fonos y tabletas, donde no suele haber mucha memoria libre. A\u00fan as\u00ed, puedes disfrutar de la plataforma completa en Android, incluyendo juegos y promociones.<\/p>\n<p>Esto convierte a la aplicaci\u00f3n en una opci\u00f3n pr\u00e1ctica para los jugadores que desean la rapidez del acceso m\u00f3vil sin a\u00f1adir software pesado a su dispositivo. Puedes abrir Teddy Slot m\u00e1s r\u00e1pido, volver a las tragaperras online y a los juegos en vivo con menos pasos, y contactar con el equipo de atenci\u00f3n al cliente desde tu tel\u00e9fono si surge alguna duda. El acceso a trav\u00e9s de la aplicaci\u00f3n tambi\u00e9n se beneficia de s\u00f3lidas medidas de protecci\u00f3n, como TLS 1.3, cifrado AES de 256 bits y alertas de transacciones, por lo que puedes gestionar la actividad de tu cuenta con el mismo nivel de seguridad que esperas de Teddyslot Casino.<\/p>\n<p><img loading=\"lazy\" decoding=\"async\" class=\"alignnone size-full wp-image-1929\" src=\"https:\/\/theteddyslot.com\/wp-content\/uploads\/2026\/04\/Teddyslot-Android.webp\" alt=\"Teddyslot Android\" width=\"1248\" height=\"536\" srcset=\"https:\/\/theteddyslot.com\/wp-content\/uploads\/2026\/04\/Teddyslot-Android.webp 1248w, https:\/\/theteddyslot.com\/wp-content\/uploads\/2026\/04\/Teddyslot-Android-300x129.webp 300w, https:\/\/theteddyslot.com\/wp-content\/uploads\/2026\/04\/Teddyslot-Android-1024x440.webp 1024w, https:\/\/theteddyslot.com\/wp-content\/uploads\/2026\/04\/Teddyslot-Android-768x330.webp 768w\" sizes=\"auto, (max-width: 1248px) 100vw, 1248px\" \/><\/p>\n<\/div><\/div><div style=\"clear: both\"><\/div><div class=\"d-flex justify-content-center\"><button data-item=\"decouvrez_link\" data-group=\"website_links\" class=\"goto fw-bold rounded-pill btn btn-orange\" aria-label=\"Descargar Teddyslot\" >Descargar Teddyslot<\/button><\/div><div class=\"scrollable-content-wrap my-5\"><div class=\"scrollable-content-inner\"><h2>Juega a Teddy Slot Casino en Mac o Windows<\/h2>\n<p>Nuestra aplicaci\u00f3n no se limita a tel\u00e9fonos y tabletas. Si prefieres jugar en un port\u00e1til o PC, tambi\u00e9n puedes tener Teddyslot Casino en tu dispositivo Mac o Windows y abrirlo como un software independiente en lugar de iniciarlo desde una pesta\u00f1a del navegador. Esto ofrece a los jugadores habituales una forma m\u00e1s r\u00e1pida de volver al casino online, con los mismos juegos disponibles en el ordenador.<\/p>\n<p>Para los usuarios de Mac y Windows, la principal ventaja es la comodidad y la reducci\u00f3n de distracciones. Iniciar Teddyslot desde tu escritorio lleva menos tiempo que abrir un navegador y buscar primero el sitio. Tambi\u00e9n te ofrece una experiencia de juego m\u00e1s centrada, sin mezclar el juego con tu navegaci\u00f3n habitual.<\/p>\n<p>Esta configuraci\u00f3n tambi\u00e9n es ideal para los jugadores que pasan largos periodos de tiempo frente al ordenador y prefieren un tama\u00f1o de pantalla m\u00e1s tradicional para los juegos en vivo o cualquier otro t\u00edtulo. Se siguen aplicando los mismos est\u00e1ndares de protecci\u00f3n, por lo que no pierdes ninguna seguridad en tu cuenta o en los pagos al elegir la versi\u00f3n de escritorio de la aplicaci\u00f3n.<\/p>\n<p><img loading=\"lazy\" decoding=\"async\" class=\"alignnone size-full wp-image-1937\" src=\"https:\/\/theteddyslot.com\/wp-content\/uploads\/2026\/04\/Teddyslot-Desktop.webp\" alt=\"Teddyslot Desktop\" width=\"1248\" height=\"536\" srcset=\"https:\/\/theteddyslot.com\/wp-content\/uploads\/2026\/04\/Teddyslot-Desktop.webp 1248w, https:\/\/theteddyslot.com\/wp-content\/uploads\/2026\/04\/Teddyslot-Desktop-300x129.webp 300w, https:\/\/theteddyslot.com\/wp-content\/uploads\/2026\/04\/Teddyslot-Desktop-1024x440.webp 1024w, https:\/\/theteddyslot.com\/wp-content\/uploads\/2026\/04\/Teddyslot-Desktop-768x330.webp 768w\" sizes=\"auto, (max-width: 1248px) 100vw, 1248px\" \/><\/p>\n<\/div><\/div><div style=\"clear: both\"><\/div><div class=\"d-flex justify-content-center\"><button data-item=\"decouvrez_link\" data-group=\"website_links\" class=\"goto fw-bold rounded-pill btn btn-orange\" aria-label=\"Descarga la aplicaci\u00f3n Teddyslot\" >Descarga la aplicaci\u00f3n Teddyslot<\/button><\/div><div class=\"scrollable-content-wrap my-5\"><div class=\"scrollable-content-inner\"><h2>C\u00f3mo instalar la aplicaci\u00f3n de Teddyslot en cualquier dispositivo<\/h2>\n<p>Instalar la aplicaci\u00f3n de Teddy Slot es m\u00e1s como a\u00f1adir una versi\u00f3n de acceso r\u00e1pido a nuestra plataforma que descargar un software pesado. En cualquier dispositivo, el proceso comienza en nuestra p\u00e1gina web oficial desde tu navegador. Una vez que a\u00f1adas el acceso directo, nuestra plataforma de casino estar\u00e1 al alcance de la mano en tu pantalla de inicio o escritorio.<\/p>\n<table>\n<tbody>\n<tr>\n<td>Plataforma<\/td>\n<td>Punto de partida<\/td>\n<td>Ruta de instalaci\u00f3n<\/td>\n<td>D\u00f3nde la abrir\u00e1s m\u00e1s tarde<\/td>\n<\/tr>\n<tr>\n<td>Android<\/td>\n<td>Chrome en tu tel\u00e9fono o tableta.<\/td>\n<td>Abre la p\u00e1gina web de Teddyslot Casino, pulsa el men\u00fa de tres puntos en la barra de direcciones, selecciona \u00abA\u00f1adir a la pantalla de inicio\u00bb y, a continuaci\u00f3n, confirma el acceso directo.<\/td>\n<td>Utiliza el icono de la pantalla de inicio una vez completada la configuraci\u00f3n.<\/td>\n<\/tr>\n<tr>\n<td>iOS<\/td>\n<td>Safari en tu iPhone o iPad.<\/td>\n<td>Carga la p\u00e1gina web del casino, pulsa \u00abCompartir\u00bb, despl\u00e1zate hasta \u00abA\u00f1adir a la pantalla de inicio\u00bb y, a continuaci\u00f3n, pulsa \u00abA\u00f1adir\u00bb para confirmar.<\/td>\n<td>\u00c1brelo desde el icono guardado en tu pantalla de inicio.<\/td>\n<\/tr>\n<tr>\n<td>Mac \/ Windows<\/td>\n<td>Chrome (o cualquier otro navegador) en tu ordenador.<\/td>\n<td>Ve a nuestro sitio web y, a continuaci\u00f3n, haz clic en el icono de instalaci\u00f3n de la barra de direcciones o abre el men\u00fa de Chrome y selecciona \u00abInstalar p\u00e1gina como aplicaci\u00f3n\u00bb; despu\u00e9s, sigue las instrucciones que aparecen en pantalla.<\/td>\n<td>Inicia la aplicaci\u00f3n desde el acceso directo del escritorio o el lanzador una vez completada la instalaci\u00f3n.<\/td>\n<\/tr>\n<\/tbody>\n<\/table>\n<h2>Preguntas frecuentes<\/h2>\n<h3>\u00bfPuedo iniciar sesi\u00f3n en la aplicaci\u00f3n m\u00f3vil mediante autenticaci\u00f3n biom\u00e9trica?<\/h3>\n<p>En nuestra aplicaci\u00f3n, puedes utilizar las opciones de inicio de sesi\u00f3n biom\u00e9trico que ya est\u00e1n disponibles en tu tel\u00e9fono o tableta, como Face ID o el inicio de sesi\u00f3n mediante huella dactilar. Esto significa que puedes abrir Teddyslot Casino sin tener que introducir tus datos personales cada vez.<\/p>\n<h3>\u00bfSon seguros mis dep\u00f3sitos cuando utilizo la aplicaci\u00f3n m\u00f3vil?<\/h3>\n<p>Los pagos realizados a trav\u00e9s de la aplicaci\u00f3n de Teddyslot utilizan los mismos est\u00e1ndares de seguridad que nuestro casino para ordenador. Las transacciones m\u00f3viles est\u00e1n protegidas por TLS 1.3 y cifrado AES de 256 bits. Tambi\u00e9n puedes utilizar alertas para supervisar tus dep\u00f3sitos y retiradas.<\/p>\n<\/div><\/div><\/p>\n","protected":false},"excerpt":{"rendered":"<p>Aplicaci\u00f3n de Teddyslot: juegos de casino para m\u00f3vil Teddyslot app lleva nuestro casino online a tu tel\u00e9fono, para que puedas abrir tragaperras o unirte a juegos en vivo con solo unos toques. Los usuarios espa\u00f1oles pueden descargarla directamente desde nuestra p\u00e1gina web para Android e iOS. Una vez instalada, la aplicaci\u00f3n te da acceso a [&hellip;]<\/p>\n","protected":false},"author":1,"featured_media":0,"parent":0,"menu_order":0,"comment_status":"closed","ping_status":"closed","template":"template-builder.php","meta":{"_acf_changed":false,"inline_featured_image":false,"footnotes":""},"class_list":["post-1449","page","type-page","status-publish","hentry"],"acf":[],"yoast_head":"<!-- This site is optimized with the Yoast SEO plugin v27.3 - https:\/\/yoast.com\/product\/yoast-seo-wordpress\/ -->\n<title>Teddyslot App: inst\u00e1lela en Android, iOS, Mac y Windows como PWA<\/title>\n<meta name=\"description\" content=\"Teddyslot App es una aplicaci\u00f3n web progresiva. Instala el acceso directo desde tu navegador y juega a juegos de casino en Android con Chrome, iOS con Safari y en Mac o Windows con la opci\u00f3n de instalaci\u00f3n desde el navegador. Usa la misma cuenta en todos tus dispositivos para sesiones r\u00e1pidas.\" \/>\n<meta name=\"robots\" content=\"index, follow, max-snippet:-1, max-image-preview:large, max-video-preview:-1\" \/>\n<link rel=\"canonical\" href=\"https:\/\/theteddyslot.com\/es\/aplicacion\/\" \/>\n<meta property=\"og:locale\" content=\"es_ES\" \/>\n<meta property=\"og:type\" content=\"article\" \/>\n<meta property=\"og:title\" content=\"Teddyslot App: inst\u00e1lela en Android, iOS, Mac y Windows como PWA\" \/>\n<meta property=\"og:description\" content=\"Teddyslot App es una aplicaci\u00f3n web progresiva. Instala el acceso directo desde tu navegador y juega a juegos de casino en Android con Chrome, iOS con Safari y en Mac o Windows con la opci\u00f3n de instalaci\u00f3n desde el navegador. Usa la misma cuenta en todos tus dispositivos para sesiones r\u00e1pidas.\" \/>\n<meta property=\"og:url\" content=\"https:\/\/theteddyslot.com\/es\/aplicacion\/\" \/>\n<meta property=\"og:site_name\" content=\"teddyslot\" \/>\n<meta property=\"article:modified_time\" content=\"2026-04-06T10:50:25+00:00\" \/>\n<meta name=\"twitter:card\" content=\"summary_large_image\" \/>\n<meta name=\"twitter:label1\" content=\"Est. reading time\" \/>\n\t<meta name=\"twitter:data1\" content=\"2 minutos\" \/>\n<script type=\"application\/ld+json\" class=\"yoast-schema-graph\">{\"@context\":\"https:\\\/\\\/schema.org\",\"@graph\":[{\"@type\":\"WebPage\",\"@id\":\"https:\\\/\\\/theteddyslot.com\\\/es\\\/aplicacion\\\/\",\"url\":\"https:\\\/\\\/theteddyslot.com\\\/es\\\/aplicacion\\\/\",\"name\":\"Teddyslot App: inst\u00e1lela en Android, iOS, Mac y Windows como PWA\",\"isPartOf\":{\"@id\":\"https:\\\/\\\/theteddyslot.com\\\/es\\\/#website\"},\"datePublished\":\"2026-01-20T12:08:23+00:00\",\"dateModified\":\"2026-04-06T10:50:25+00:00\",\"description\":\"Teddyslot App es una aplicaci\u00f3n web progresiva. Instala el acceso directo desde tu navegador y juega a juegos de casino en Android con Chrome, iOS con Safari y en Mac o Windows con la opci\u00f3n de instalaci\u00f3n desde el navegador. Usa la misma cuenta en todos tus dispositivos para sesiones r\u00e1pidas.\",\"breadcrumb\":{\"@id\":\"https:\\\/\\\/theteddyslot.com\\\/es\\\/aplicacion\\\/#breadcrumb\"},\"inLanguage\":\"es\",\"potentialAction\":[{\"@type\":\"ReadAction\",\"target\":[\"https:\\\/\\\/theteddyslot.com\\\/es\\\/aplicacion\\\/\"]}]},{\"@type\":\"BreadcrumbList\",\"@id\":\"https:\\\/\\\/theteddyslot.com\\\/es\\\/aplicacion\\\/#breadcrumb\",\"itemListElement\":[{\"@type\":\"ListItem\",\"position\":1,\"name\":\"Teddyslot\",\"item\":\"https:\\\/\\\/theteddyslot.com\\\/es\\\/\"},{\"@type\":\"ListItem\",\"position\":2,\"name\":\"Aplicaci\u00f3n\"}]},{\"@type\":\"WebSite\",\"@id\":\"https:\\\/\\\/theteddyslot.com\\\/es\\\/#website\",\"url\":\"https:\\\/\\\/theteddyslot.com\\\/es\\\/\",\"name\":\"Teddyslot\",\"description\":\"\",\"publisher\":{\"@id\":\"https:\\\/\\\/theteddyslot.com\\\/es\\\/#organization\"},\"potentialAction\":[{\"@type\":\"SearchAction\",\"target\":{\"@type\":\"EntryPoint\",\"urlTemplate\":\"https:\\\/\\\/theteddyslot.com\\\/es\\\/?s={search_term_string}\"},\"query-input\":{\"@type\":\"PropertyValueSpecification\",\"valueRequired\":true,\"valueName\":\"search_term_string\"}}],\"inLanguage\":\"es\"},{\"@type\":\"Organization\",\"@id\":\"https:\\\/\\\/theteddyslot.com\\\/es\\\/#organization\",\"name\":\"Teddyslot\",\"url\":\"https:\\\/\\\/theteddyslot.com\\\/es\\\/\",\"logo\":{\"@type\":\"ImageObject\",\"inLanguage\":\"es\",\"@id\":\"https:\\\/\\\/theteddyslot.com\\\/es\\\/#\\\/schema\\\/logo\\\/image\\\/\",\"url\":\"https:\\\/\\\/theteddyslot.com\\\/wp-content\\\/uploads\\\/2026\\\/04\\\/teddyslot-logo.png\",\"contentUrl\":\"https:\\\/\\\/theteddyslot.com\\\/wp-content\\\/uploads\\\/2026\\\/04\\\/teddyslot-logo.png\",\"width\":140,\"height\":32,\"caption\":\"Teddyslot\"},\"image\":{\"@id\":\"https:\\\/\\\/theteddyslot.com\\\/es\\\/#\\\/schema\\\/logo\\\/image\\\/\"}}]}<\/script>\n<!-- \/ Yoast SEO plugin. -->","yoast_head_json":{"title":"Teddyslot App: inst\u00e1lela en Android, iOS, Mac y Windows como PWA","description":"Teddyslot App es una aplicaci\u00f3n web progresiva. Instala el acceso directo desde tu navegador y juega a juegos de casino en Android con Chrome, iOS con Safari y en Mac o Windows con la opci\u00f3n de instalaci\u00f3n desde el navegador. Usa la misma cuenta en todos tus dispositivos para sesiones r\u00e1pidas.","robots":{"index":"index","follow":"follow","max-snippet":"max-snippet:-1","max-image-preview":"max-image-preview:large","max-video-preview":"max-video-preview:-1"},"canonical":"https:\/\/theteddyslot.com\/es\/aplicacion\/","og_locale":"es_ES","og_type":"article","og_title":"Teddyslot App: inst\u00e1lela en Android, iOS, Mac y Windows como PWA","og_description":"Teddyslot App es una aplicaci\u00f3n web progresiva. Instala el acceso directo desde tu navegador y juega a juegos de casino en Android con Chrome, iOS con Safari y en Mac o Windows con la opci\u00f3n de instalaci\u00f3n desde el navegador. Usa la misma cuenta en todos tus dispositivos para sesiones r\u00e1pidas.","og_url":"https:\/\/theteddyslot.com\/es\/aplicacion\/","og_site_name":"teddyslot","article_modified_time":"2026-04-06T10:50:25+00:00","twitter_card":"summary_large_image","twitter_misc":{"Est. reading time":"2 minutos"},"schema":{"@context":"https:\/\/schema.org","@graph":[{"@type":"WebPage","@id":"https:\/\/theteddyslot.com\/es\/aplicacion\/","url":"https:\/\/theteddyslot.com\/es\/aplicacion\/","name":"Teddyslot App: inst\u00e1lela en Android, iOS, Mac y Windows como PWA","isPartOf":{"@id":"https:\/\/theteddyslot.com\/es\/#website"},"datePublished":"2026-01-20T12:08:23+00:00","dateModified":"2026-04-06T10:50:25+00:00","description":"Teddyslot App es una aplicaci\u00f3n web progresiva. Instala el acceso directo desde tu navegador y juega a juegos de casino en Android con Chrome, iOS con Safari y en Mac o Windows con la opci\u00f3n de instalaci\u00f3n desde el navegador. Usa la misma cuenta en todos tus dispositivos para sesiones r\u00e1pidas.","breadcrumb":{"@id":"https:\/\/theteddyslot.com\/es\/aplicacion\/#breadcrumb"},"inLanguage":"es","potentialAction":[{"@type":"ReadAction","target":["https:\/\/theteddyslot.com\/es\/aplicacion\/"]}]},{"@type":"BreadcrumbList","@id":"https:\/\/theteddyslot.com\/es\/aplicacion\/#breadcrumb","itemListElement":[{"@type":"ListItem","position":1,"name":"Teddyslot","item":"https:\/\/theteddyslot.com\/es\/"},{"@type":"ListItem","position":2,"name":"Aplicaci\u00f3n"}]},{"@type":"WebSite","@id":"https:\/\/theteddyslot.com\/es\/#website","url":"https:\/\/theteddyslot.com\/es\/","name":"Teddyslot","description":"","publisher":{"@id":"https:\/\/theteddyslot.com\/es\/#organization"},"potentialAction":[{"@type":"SearchAction","target":{"@type":"EntryPoint","urlTemplate":"https:\/\/theteddyslot.com\/es\/?s={search_term_string}"},"query-input":{"@type":"PropertyValueSpecification","valueRequired":true,"valueName":"search_term_string"}}],"inLanguage":"es"},{"@type":"Organization","@id":"https:\/\/theteddyslot.com\/es\/#organization","name":"Teddyslot","url":"https:\/\/theteddyslot.com\/es\/","logo":{"@type":"ImageObject","inLanguage":"es","@id":"https:\/\/theteddyslot.com\/es\/#\/schema\/logo\/image\/","url":"https:\/\/theteddyslot.com\/wp-content\/uploads\/2026\/04\/teddyslot-logo.png","contentUrl":"https:\/\/theteddyslot.com\/wp-content\/uploads\/2026\/04\/teddyslot-logo.png","width":140,"height":32,"caption":"Teddyslot"},"image":{"@id":"https:\/\/theteddyslot.com\/es\/#\/schema\/logo\/image\/"}}]}},"_links":{"self":[{"href":"https:\/\/theteddyslot.com\/es\/wp-json\/wp\/v2\/pages\/1449","targetHints":{"allow":["GET"]}}],"collection":[{"href":"https:\/\/theteddyslot.com\/es\/wp-json\/wp\/v2\/pages"}],"about":[{"href":"https:\/\/theteddyslot.com\/es\/wp-json\/wp\/v2\/types\/page"}],"author":[{"embeddable":true,"href":"https:\/\/theteddyslot.com\/es\/wp-json\/wp\/v2\/users\/1"}],"replies":[{"embeddable":true,"href":"https:\/\/theteddyslot.com\/es\/wp-json\/wp\/v2\/comments?post=1449"}],"version-history":[{"count":3,"href":"https:\/\/theteddyslot.com\/es\/wp-json\/wp\/v2\/pages\/1449\/revisions"}],"predecessor-version":[{"id":2098,"href":"https:\/\/theteddyslot.com\/es\/wp-json\/wp\/v2\/pages\/1449\/revisions\/2098"}],"wp:attachment":[{"href":"https:\/\/theteddyslot.com\/es\/wp-json\/wp\/v2\/media?parent=1449"}],"curies":[{"name":"wp","href":"https:\/\/api.w.org\/{rel}","templated":true}]}}