{"id":1487,"date":"2026-01-20T12:11:11","date_gmt":"2026-01-20T12:11:11","guid":{"rendered":"https:\/\/bonuskongcasino.com\/login-and-registration\/"},"modified":"2026-04-06T11:53:34","modified_gmt":"2026-04-06T10:53:34","slug":"inicio-de-sesion-y-registro","status":"publish","type":"page","link":"https:\/\/theteddyslot.com\/es\/inicio-de-sesion-y-registro\/","title":{"rendered":"Inicio de sesi\u00f3n y Registro"},"content":{"rendered":"<h1>Inicio de sesi\u00f3n en Teddyslot<\/h1>\n<p>Teddyslot login es el paso que lleva a los jugadores registrados de Espa\u00f1a desde la p\u00e1gina de inicio de sesi\u00f3n al juego con dinero real. Una vez iniciada la sesi\u00f3n, pueden gestionar los datos de pago y utilizar las principales herramientas del perfil en un solo lugar. Solo solicitamos los datos esenciales durante el registro y el inicio de sesi\u00f3n. El mismo perfil se puede utilizar en todos los dispositivos sin necesidad de crear otro.<\/p>\n<p><div class=\"banner-wrap\" aria-label=\"Banner\"><img src=\"https:\/\/theteddyslot.com\/wp-content\/uploads\/2026\/04\/teddyslot-bonus-desktop.webp\" class=\"w-100 d-none d-lg-block img-pc main-banner-img\" alt=\"teddyslot welcome bonus desktop\" fetchpriority=\"high\" decoding=\"async\"><img src=\"https:\/\/theteddyslot.com\/wp-content\/uploads\/2026\/04\/teddyslot-bnr-mobile.webp\" class=\"w-100 d-none d-md-block d-lg-none main-banner-img\" alt=\"teddyslot welcome bonus mobile\" fetchpriority=\"high\" decoding=\"async\"><img src=\"https:\/\/theteddyslot.com\/wp-content\/uploads\/2026\/04\/teddyslot-bnr-mobile.webp\" class=\"w-100 d-md-none\" alt=\"teddyslot welcome bonus mobile\" fetchpriority=\"high\" decoding=\"async\"><div class=\"banner-description\">\n<div class=\"banner-title\">Bonos de bienvenida<\/div>\n<p class=\"banner-header-title\">1500 \u20ac<\/p>\n<div class=\"banner-header-AdditionalText\">+ 250 Tiradas gratis<\/div>\n<button data-item=\"homepage_banner_link\" class=\"goto m-button m-gradient-border m-button--primary m-button--large banner-button btn-orange\">\n            <div class=\"m-button-content\">\n                <span>Reg\u00edstrate ahora<\/span>\n                <span><\/span>\n            <\/div>\n        <\/button>\n<\/div>\n<div class=\"WelcomePack\">\n<p><img loading=\"lazy\" decoding=\"async\" class=\"alignnone size-full wp-image-1857\" src=\"https:\/\/theteddyslot.com\/wp-content\/uploads\/2026\/04\/welcome-crown.png\" alt=\"crown\" width=\"25\" height=\"26\" \/><\/p>\n<div class=\"WelcomePack-Info\">Reembolso semanal de hasta el 25 %<\/div>\n<p><img loading=\"lazy\" decoding=\"async\" class=\"alignnone size-full wp-image-1857\" src=\"https:\/\/theteddyslot.com\/wp-content\/uploads\/2026\/04\/welcome-crown.png\" alt=\"crown\" width=\"25\" height=\"26\" \/><\/p>\n<\/div>\n<\/div><div class=\"scrollable-content-wrap my-5\"><div class=\"scrollable-content-inner\"><h2>Registro en Teddyslot Casino<\/h2>\n<p>Si ya has pasado alg\u00fan tiempo en el modo demo, el registro es el siguiente paso natural. Te abre la versi\u00f3n completa de Teddy Slot Casino y te da acceso a nuestro paquete de bienvenida de hasta 1.500 \u20ac m\u00e1s 250 tiradas gratis.<\/p>\n<p>Un perfil hace mucho m\u00e1s que desbloquear bonos. Tras registrarte, podr\u00e1s jugar a m\u00e1s de 6.000 juegos en nuestro casino, incluidos los t\u00edtulos con crupier en vivo. Tambi\u00e9n podr\u00e1s realizar dep\u00f3sitos y retirar ganancias a trav\u00e9s de tu cuenta. Adem\u00e1s, tu \u00e1rea personal te permite seguir el progreso en misiones y torneos.<\/p>\n<h3>Crea una cuenta en solo unos pasos<\/h3>\n<p>Puedes registrarte en Teddyslot Casino si tienes al menos 18 a\u00f1os. Abrir un perfil no requiere rellenar un formulario extenso. Solicitamos los datos esenciales y, a continuaci\u00f3n, confirmamos que el jugador tiene la edad m\u00ednima para registrarse y que ha aceptado nuestros t\u00e9rminos. As\u00ed es como puedes hacerte miembro:<\/p>\n<ol>\n<li>Ve al formulario de registro haciendo clic en el bot\u00f3n \u00abReg\u00edstrate\u00bb.<\/li>\n<li>Introduce tu correo electr\u00f3nico y contrase\u00f1a, y a\u00f1ade un c\u00f3digo promocional si tu oferta lo incluye.<\/li>\n<li>Marca las casillas obligatorias para pasar a la siguiente fase.<\/li>\n<li>Introduce tu nombre y apellidos, fecha de nacimiento y n\u00famero de tel\u00e9fono.<\/li>\n<li>Guarda el formulario y tu cuenta de Teddy Slot estar\u00e1 lista para tu primer inicio de sesi\u00f3n.<\/li>\n<\/ol>\n<p>Si ya tienes una cuenta de Google, puedes saltarte el primer paso y pasar directamente a la segunda parte del registro. Una vez configurado tu perfil, podr\u00e1s utilizar los mismos datos de inicio de sesi\u00f3n en cualquier dispositivo compatible.<\/p>\n<p><img loading=\"lazy\" decoding=\"async\" class=\"alignnone size-full wp-image-1953\" src=\"https:\/\/theteddyslot.com\/wp-content\/uploads\/2026\/04\/Teddyslot-Login.webp\" alt=\"Teddyslot Login\" width=\"1248\" height=\"536\" srcset=\"https:\/\/theteddyslot.com\/wp-content\/uploads\/2026\/04\/Teddyslot-Login.webp 1248w, https:\/\/theteddyslot.com\/wp-content\/uploads\/2026\/04\/Teddyslot-Login-300x129.webp 300w, https:\/\/theteddyslot.com\/wp-content\/uploads\/2026\/04\/Teddyslot-Login-1024x440.webp 1024w, https:\/\/theteddyslot.com\/wp-content\/uploads\/2026\/04\/Teddyslot-Login-768x330.webp 768w\" sizes=\"auto, (max-width: 1248px) 100vw, 1248px\" \/><\/p>\n<h2>Inicia sesi\u00f3n y gestiona tu cuenta de Teddyslot<\/h2>\n<p>Para iniciar sesi\u00f3n, solo tienes que introducir la direcci\u00f3n de correo electr\u00f3nico y la contrase\u00f1a que utilizaste al registrarte. El proceso de inicio de sesi\u00f3n en Teddyslot solo lleva un momento, y puedes habilitar la autenticaci\u00f3n de dos factores para una mayor protecci\u00f3n de tu perfil.<\/p>\n<p>Una vez que hayas iniciado sesi\u00f3n, tu cuenta se convertir\u00e1 en el \u00e1rea principal para jugar con dinero real. Adem\u00e1s de los juegos y otras funciones de la plataforma, Teddyslot Casino ofrece herramientas que te ayudar\u00e1n a gestionar tu perfil y ajustar configuraciones importantes seg\u00fan tus preferencias.<\/p>\n<table>\n<tbody>\n<tr>\n<td>Caracter\u00edstica<\/td>\n<td>Qu\u00e9 puedes hacer<\/td>\n<\/tr>\n<tr>\n<td>Historial de actividad<\/td>\n<td>Revisa tu historial de casino y apuestas y comprueba el estado de las promociones. Los registros de dep\u00f3sitos, apuestas y retiradas tambi\u00e9n est\u00e1n disponibles en la misma secci\u00f3n.<\/td>\n<\/tr>\n<tr>\n<td>Herramientas de juego responsable<\/td>\n<td>Establece l\u00edmites de tiempo o econ\u00f3micos directamente en la cuenta. La autoexclusi\u00f3n tambi\u00e9n est\u00e1 disponible cuando se necesita un descanso.<\/td>\n<\/tr>\n<tr>\n<td>Gesti\u00f3n de la cuenta<\/td>\n<td>Edita la informaci\u00f3n personal y actualiza los datos financieros vinculados al perfil.<\/td>\n<\/tr>\n<tr>\n<td>Configuraci\u00f3n de seguridad<\/td>\n<td>Comprueba tus sesiones activas y mira qu\u00e9 dispositivos se han utilizado para iniciar sesi\u00f3n. Tambi\u00e9n puedes actualizar tu configuraci\u00f3n de protecci\u00f3n.<\/td>\n<\/tr>\n<tr>\n<td>Seguimiento de misiones<\/td>\n<td>Sigue tu progreso en torneos y misiones. Tambi\u00e9n hay informaci\u00f3n sobre cu\u00e1ntos cr\u00e9ditos de bonificaci\u00f3n has ganado.<\/td>\n<\/tr>\n<\/tbody>\n<\/table>\n<p>Una cuenta con sesi\u00f3n iniciada tambi\u00e9n ayuda a mantener en orden las tareas rutinarias. Los jugadores que vuelven a Teddyslot Casino pueden retomar donde lo dejaron y gestionar la configuraci\u00f3n sin tener que repetir los pasos anteriores.<\/p>\n<h3>C\u00f3mo iniciar sesi\u00f3n a trav\u00e9s de la aplicaci\u00f3n m\u00f3vil<\/h3>\n<p>El acceso m\u00f3vil es tan sencillo como iniciar sesi\u00f3n desde el ordenador. Los mismos datos de inicio de sesi\u00f3n de Teddyslot funcionan en un smartphone o una tableta, y una sola cuenta sigue siendo v\u00e1lida en todos los dispositivos compatibles. Los usuarios de Android e iOS pueden iniciar sesi\u00f3n en Teddy Slot con los mismos datos que utilizan en el ordenador.<\/p>\n<p>El proceso en s\u00ed sigue siendo el mismo. Abre la aplicaci\u00f3n, introduce la direcci\u00f3n de correo electr\u00f3nico registrada y, a continuaci\u00f3n, a\u00f1ade la contrase\u00f1a vinculada al perfil. Tu cuenta de Teddyslot ya no se limita al ordenador. Tambi\u00e9n est\u00e1 disponible en el m\u00f3vil, por lo que puedes iniciar un juego o consultar tu progreso en cualquier momento con solo sacar tu tel\u00e9fono.<\/p>\n<h3>\u00bfHas olvidado tu contrase\u00f1a?<\/h3>\n<p>La recuperaci\u00f3n comienza en la p\u00e1gina de inicio de sesi\u00f3n. Deber\u00e1s pulsar el bot\u00f3n \u00ab\u00bfHas olvidado tu contrase\u00f1a?\u00bb e introducir la direcci\u00f3n de correo electr\u00f3nico vinculada a tu cuenta. A continuaci\u00f3n, sigue el enlace de restablecimiento enviado a esa bandeja de entrada. Tras crear una nueva contrase\u00f1a, podr\u00e1s repetir el proceso de inicio de sesi\u00f3n en Teddyslot con los datos actualizados.<\/p>\n<p>El proceso de recuperaci\u00f3n te ayuda a restablecer el acceso a tu perfil actual y evita el registro duplicado, lo cual es importante porque solo permitimos una cuenta por jugador.<\/p>\n<h2>Verificaci\u00f3n de Teddy Slot Casino<\/h2>\n<p>Antes de tu primer retiro, te pedimos que completes nuestro proceso de verificaci\u00f3n. Lo utilizamos para confirmar:<\/p>\n<ul>\n<li>edad<\/li>\n<li>direcci\u00f3n de residencia<\/li>\n<li>titularidad de la cuenta de pago<\/li>\n<\/ul>\n<p>Para superar esta etapa, sube fotos n\u00edtidas de tus documentos a tu perfil. Una vez enviados los archivos, el equipo de KYC de Teddyslot los revisar\u00e1 en un plazo de 48 horas. Una vez que todo est\u00e9 aprobado, podr\u00e1s retirar tus ganancias sin demoras innecesarias.<\/p>\n<p>Si surge alg\u00fan problema de acceso durante esta etapa, continuaremos el proceso a trav\u00e9s del correo electr\u00f3nico de tu cuenta. Cuando se necesite ayuda adicional, nuestro servicio de atenci\u00f3n al cliente est\u00e1 disponible a trav\u00e9s del chat en vivo. El equipo de soporte tambi\u00e9n puede ayudarte por correo electr\u00f3nico una vez completadas las comprobaciones de identidad.<\/p>\n<h2>Preguntas frecuentes<\/h2>\n<h3>\u00bfPor qu\u00e9 se ha bloqueado temporalmente mi cuenta de Teddyslot?<\/h3>\n<p>Es posible que tu cuenta haya sido suspendida debido a controles de seguridad. Tambi\u00e9n puede ocurrir si nuestro sistema detecta cuentas duplicadas vinculadas al mismo dispositivo o direcci\u00f3n IP. Otras infracciones de nuestros t\u00e9rminos y condiciones pueden dar lugar al mismo resultado. Para obtener m\u00e1s detalles sobre tu caso, ponte en contacto con nuestro servicio de atenci\u00f3n al cliente multiling\u00fce.<\/p>\n<h3>\u00bfQu\u00e9 ocurre si introduzco datos incorrectos varias veces?<\/h3>\n<p>Si introduces incorrectamente tus datos de inicio de sesi\u00f3n de Teddyslot varias veces, utiliza la opci\u00f3n de restablecimiento de contrase\u00f1a en la p\u00e1gina de inicio de sesi\u00f3n. El proceso de recuperaci\u00f3n te llevar\u00e1 de vuelta a tu perfil actual a trav\u00e9s de tu direcci\u00f3n de correo electr\u00f3nico registrada. Es mejor restaurar ese perfil que crear uno nuevo.<\/p>\n<h3>\u00bfPuedo reabrir una cuenta cerrada?<\/h3>\n<p>Una vez que su cuenta se haya cerrado, no se podr\u00e1 reabrir. Si desea seguir utilizando Teddyslot Casino, deber\u00e1 registrarse de nuevo. Al activar la opci\u00f3n de autoexclusi\u00f3n, su perfil se reabrir\u00e1 autom\u00e1ticamente una vez finalizado el periodo seleccionado.<\/p>\n<h3>\u00bfIniciar sesi\u00f3n con un nuevo dispositivo activa controles de seguridad?<\/h3>\n<p>S\u00ed, es posible que verifiquemos tu identidad si detectamos cambios en tu perfil o en tu m\u00e9todo de inicio de sesi\u00f3n. Por ejemplo, si inicias sesi\u00f3n desde un dispositivo que no reconocemos. Esto se hace por tu seguridad, para que nadie m\u00e1s pueda acceder a tus pagos o datos personales. Es posible que te solicitemos m\u00e1s documentos para confirmar que eres t\u00fa y para cumplir con nuestras normas de seguridad.<\/p>\n<\/div><\/div><\/p>\n","protected":false},"excerpt":{"rendered":"<p>Inicio de sesi\u00f3n en Teddyslot Teddyslot login es el paso que lleva a los jugadores registrados de Espa\u00f1a desde la p\u00e1gina de inicio de sesi\u00f3n al juego con dinero real. Una vez iniciada la sesi\u00f3n, pueden gestionar los datos de pago y utilizar las principales herramientas del perfil en un solo lugar. Solo solicitamos los [&hellip;]<\/p>\n","protected":false},"author":1,"featured_media":0,"parent":0,"menu_order":0,"comment_status":"closed","ping_status":"closed","template":"template-builder.php","meta":{"_acf_changed":false,"inline_featured_image":false,"footnotes":""},"class_list":["post-1487","page","type-page","status-publish","hentry"],"acf":[],"yoast_head":"<!-- This site is optimized with the Yoast SEO plugin v27.3 - https:\/\/yoast.com\/product\/yoast-seo-wordpress\/ -->\n<title>Teddyslot Login: accede a tu perfil o crea una cuenta<\/title>\n<meta name=\"description\" content=\"Teddyslot Login abre tu cuenta con solo unos clics. Usa tu correo electr\u00f3nico y contrase\u00f1a, consulta tu saldo y el progreso de tus bonos, y luego ve al lobby. Si olvidaste tu contrase\u00f1a, restablece tu correo electr\u00f3nico. El registro se realiza en la misma ventana a trav\u00e9s de &quot;Registrarse&quot;.\" \/>\n<meta name=\"robots\" content=\"index, follow, max-snippet:-1, max-image-preview:large, max-video-preview:-1\" \/>\n<link rel=\"canonical\" href=\"https:\/\/theteddyslot.com\/es\/inicio-de-sesion-y-registro\/\" \/>\n<meta property=\"og:locale\" content=\"es_ES\" \/>\n<meta property=\"og:type\" content=\"article\" \/>\n<meta property=\"og:title\" content=\"Teddyslot Login: accede a tu perfil o crea una cuenta\" \/>\n<meta property=\"og:description\" content=\"Teddyslot Login abre tu cuenta con solo unos clics. Usa tu correo electr\u00f3nico y contrase\u00f1a, consulta tu saldo y el progreso de tus bonos, y luego ve al lobby. Si olvidaste tu contrase\u00f1a, restablece tu correo electr\u00f3nico. El registro se realiza en la misma ventana a trav\u00e9s de &quot;Registrarse&quot;.\" \/>\n<meta property=\"og:url\" content=\"https:\/\/theteddyslot.com\/es\/inicio-de-sesion-y-registro\/\" \/>\n<meta property=\"og:site_name\" content=\"teddyslot\" \/>\n<meta property=\"article:modified_time\" content=\"2026-04-06T10:53:34+00:00\" \/>\n<meta name=\"twitter:card\" content=\"summary_large_image\" \/>\n<meta name=\"twitter:label1\" content=\"Est. reading time\" \/>\n\t<meta name=\"twitter:data1\" content=\"1 minuto\" \/>\n<script type=\"application\/ld+json\" class=\"yoast-schema-graph\">{\"@context\":\"https:\\\/\\\/schema.org\",\"@graph\":[{\"@type\":\"WebPage\",\"@id\":\"https:\\\/\\\/theteddyslot.com\\\/es\\\/inicio-de-sesion-y-registro\\\/\",\"url\":\"https:\\\/\\\/theteddyslot.com\\\/es\\\/inicio-de-sesion-y-registro\\\/\",\"name\":\"Teddyslot Login: accede a tu perfil o crea una cuenta\",\"isPartOf\":{\"@id\":\"https:\\\/\\\/theteddyslot.com\\\/es\\\/#website\"},\"datePublished\":\"2026-01-20T12:11:11+00:00\",\"dateModified\":\"2026-04-06T10:53:34+00:00\",\"description\":\"Teddyslot Login abre tu cuenta con solo unos clics. Usa tu correo electr\u00f3nico y contrase\u00f1a, consulta tu saldo y el progreso de tus bonos, y luego ve al lobby. Si olvidaste tu contrase\u00f1a, restablece tu correo electr\u00f3nico. El registro se realiza en la misma ventana a trav\u00e9s de \\\"Registrarse\\\".\",\"breadcrumb\":{\"@id\":\"https:\\\/\\\/theteddyslot.com\\\/es\\\/inicio-de-sesion-y-registro\\\/#breadcrumb\"},\"inLanguage\":\"es\",\"potentialAction\":[{\"@type\":\"ReadAction\",\"target\":[\"https:\\\/\\\/theteddyslot.com\\\/es\\\/inicio-de-sesion-y-registro\\\/\"]}]},{\"@type\":\"BreadcrumbList\",\"@id\":\"https:\\\/\\\/theteddyslot.com\\\/es\\\/inicio-de-sesion-y-registro\\\/#breadcrumb\",\"itemListElement\":[{\"@type\":\"ListItem\",\"position\":1,\"name\":\"Teddyslot\",\"item\":\"https:\\\/\\\/theteddyslot.com\\\/es\\\/\"},{\"@type\":\"ListItem\",\"position\":2,\"name\":\"Inicio de sesi\u00f3n y Registro\"}]},{\"@type\":\"WebSite\",\"@id\":\"https:\\\/\\\/theteddyslot.com\\\/es\\\/#website\",\"url\":\"https:\\\/\\\/theteddyslot.com\\\/es\\\/\",\"name\":\"Teddyslot\",\"description\":\"\",\"publisher\":{\"@id\":\"https:\\\/\\\/theteddyslot.com\\\/es\\\/#organization\"},\"potentialAction\":[{\"@type\":\"SearchAction\",\"target\":{\"@type\":\"EntryPoint\",\"urlTemplate\":\"https:\\\/\\\/theteddyslot.com\\\/es\\\/?s={search_term_string}\"},\"query-input\":{\"@type\":\"PropertyValueSpecification\",\"valueRequired\":true,\"valueName\":\"search_term_string\"}}],\"inLanguage\":\"es\"},{\"@type\":\"Organization\",\"@id\":\"https:\\\/\\\/theteddyslot.com\\\/es\\\/#organization\",\"name\":\"Teddyslot\",\"url\":\"https:\\\/\\\/theteddyslot.com\\\/es\\\/\",\"logo\":{\"@type\":\"ImageObject\",\"inLanguage\":\"es\",\"@id\":\"https:\\\/\\\/theteddyslot.com\\\/es\\\/#\\\/schema\\\/logo\\\/image\\\/\",\"url\":\"https:\\\/\\\/theteddyslot.com\\\/wp-content\\\/uploads\\\/2026\\\/04\\\/teddyslot-logo.png\",\"contentUrl\":\"https:\\\/\\\/theteddyslot.com\\\/wp-content\\\/uploads\\\/2026\\\/04\\\/teddyslot-logo.png\",\"width\":140,\"height\":32,\"caption\":\"Teddyslot\"},\"image\":{\"@id\":\"https:\\\/\\\/theteddyslot.com\\\/es\\\/#\\\/schema\\\/logo\\\/image\\\/\"}}]}<\/script>\n<!-- \/ Yoast SEO plugin. -->","yoast_head_json":{"title":"Teddyslot Login: accede a tu perfil o crea una cuenta","description":"Teddyslot Login abre tu cuenta con solo unos clics. Usa tu correo electr\u00f3nico y contrase\u00f1a, consulta tu saldo y el progreso de tus bonos, y luego ve al lobby. Si olvidaste tu contrase\u00f1a, restablece tu correo electr\u00f3nico. El registro se realiza en la misma ventana a trav\u00e9s de \"Registrarse\".","robots":{"index":"index","follow":"follow","max-snippet":"max-snippet:-1","max-image-preview":"max-image-preview:large","max-video-preview":"max-video-preview:-1"},"canonical":"https:\/\/theteddyslot.com\/es\/inicio-de-sesion-y-registro\/","og_locale":"es_ES","og_type":"article","og_title":"Teddyslot Login: accede a tu perfil o crea una cuenta","og_description":"Teddyslot Login abre tu cuenta con solo unos clics. Usa tu correo electr\u00f3nico y contrase\u00f1a, consulta tu saldo y el progreso de tus bonos, y luego ve al lobby. Si olvidaste tu contrase\u00f1a, restablece tu correo electr\u00f3nico. El registro se realiza en la misma ventana a trav\u00e9s de \"Registrarse\".","og_url":"https:\/\/theteddyslot.com\/es\/inicio-de-sesion-y-registro\/","og_site_name":"teddyslot","article_modified_time":"2026-04-06T10:53:34+00:00","twitter_card":"summary_large_image","twitter_misc":{"Est. reading time":"1 minuto"},"schema":{"@context":"https:\/\/schema.org","@graph":[{"@type":"WebPage","@id":"https:\/\/theteddyslot.com\/es\/inicio-de-sesion-y-registro\/","url":"https:\/\/theteddyslot.com\/es\/inicio-de-sesion-y-registro\/","name":"Teddyslot Login: accede a tu perfil o crea una cuenta","isPartOf":{"@id":"https:\/\/theteddyslot.com\/es\/#website"},"datePublished":"2026-01-20T12:11:11+00:00","dateModified":"2026-04-06T10:53:34+00:00","description":"Teddyslot Login abre tu cuenta con solo unos clics. Usa tu correo electr\u00f3nico y contrase\u00f1a, consulta tu saldo y el progreso de tus bonos, y luego ve al lobby. Si olvidaste tu contrase\u00f1a, restablece tu correo electr\u00f3nico. El registro se realiza en la misma ventana a trav\u00e9s de \"Registrarse\".","breadcrumb":{"@id":"https:\/\/theteddyslot.com\/es\/inicio-de-sesion-y-registro\/#breadcrumb"},"inLanguage":"es","potentialAction":[{"@type":"ReadAction","target":["https:\/\/theteddyslot.com\/es\/inicio-de-sesion-y-registro\/"]}]},{"@type":"BreadcrumbList","@id":"https:\/\/theteddyslot.com\/es\/inicio-de-sesion-y-registro\/#breadcrumb","itemListElement":[{"@type":"ListItem","position":1,"name":"Teddyslot","item":"https:\/\/theteddyslot.com\/es\/"},{"@type":"ListItem","position":2,"name":"Inicio de sesi\u00f3n y Registro"}]},{"@type":"WebSite","@id":"https:\/\/theteddyslot.com\/es\/#website","url":"https:\/\/theteddyslot.com\/es\/","name":"Teddyslot","description":"","publisher":{"@id":"https:\/\/theteddyslot.com\/es\/#organization"},"potentialAction":[{"@type":"SearchAction","target":{"@type":"EntryPoint","urlTemplate":"https:\/\/theteddyslot.com\/es\/?s={search_term_string}"},"query-input":{"@type":"PropertyValueSpecification","valueRequired":true,"valueName":"search_term_string"}}],"inLanguage":"es"},{"@type":"Organization","@id":"https:\/\/theteddyslot.com\/es\/#organization","name":"Teddyslot","url":"https:\/\/theteddyslot.com\/es\/","logo":{"@type":"ImageObject","inLanguage":"es","@id":"https:\/\/theteddyslot.com\/es\/#\/schema\/logo\/image\/","url":"https:\/\/theteddyslot.com\/wp-content\/uploads\/2026\/04\/teddyslot-logo.png","contentUrl":"https:\/\/theteddyslot.com\/wp-content\/uploads\/2026\/04\/teddyslot-logo.png","width":140,"height":32,"caption":"Teddyslot"},"image":{"@id":"https:\/\/theteddyslot.com\/es\/#\/schema\/logo\/image\/"}}]}},"_links":{"self":[{"href":"https:\/\/theteddyslot.com\/es\/wp-json\/wp\/v2\/pages\/1487","targetHints":{"allow":["GET"]}}],"collection":[{"href":"https:\/\/theteddyslot.com\/es\/wp-json\/wp\/v2\/pages"}],"about":[{"href":"https:\/\/theteddyslot.com\/es\/wp-json\/wp\/v2\/types\/page"}],"author":[{"embeddable":true,"href":"https:\/\/theteddyslot.com\/es\/wp-json\/wp\/v2\/users\/1"}],"replies":[{"embeddable":true,"href":"https:\/\/theteddyslot.com\/es\/wp-json\/wp\/v2\/comments?post=1487"}],"version-history":[{"count":3,"href":"https:\/\/theteddyslot.com\/es\/wp-json\/wp\/v2\/pages\/1487\/revisions"}],"predecessor-version":[{"id":2100,"href":"https:\/\/theteddyslot.com\/es\/wp-json\/wp\/v2\/pages\/1487\/revisions\/2100"}],"wp:attachment":[{"href":"https:\/\/theteddyslot.com\/es\/wp-json\/wp\/v2\/media?parent=1487"}],"curies":[{"name":"wp","href":"https:\/\/api.w.org\/{rel}","templated":true}]}}