{"id":1440,"date":"2026-01-20T12:08:23","date_gmt":"2026-01-20T12:08:23","guid":{"rendered":"https:\/\/bonuskongcasino.com\/app\/"},"modified":"2026-04-06T09:54:55","modified_gmt":"2026-04-06T08:54:55","slug":"app","status":"publish","type":"page","link":"https:\/\/theteddyslot.com\/fr\/app\/","title":{"rendered":"App"},"content":{"rendered":"<h1>Application Teddyslot : jeux de casino sur mobile<\/h1>\n<p>Teddyslot app met notre casino en ligne sur votre t\u00e9l\u00e9phone, vous permettant ainsi d\u2019ouvrir des machines \u00e0 sous ou de rejoindre des jeux en direct en quelques clics. Les utilisateurs peuvent le t\u00e9l\u00e9charger directement depuis notre site web pour Android et iOS. Une fois install\u00e9e, l\u2019application vous donne acc\u00e8s \u00e0 toutes les fonctionnalit\u00e9s disponibles sur Teddyslot Casino, y compris les paiements et les promotions.<\/p>\n<div class=\"banner-wrap\" aria-label=\"Banner\"><img src=\"https:\/\/theteddyslot.com\/wp-content\/uploads\/2026\/04\/teddyslot-bonus-desktop.webp\" class=\"w-100 d-none d-lg-block img-pc main-banner-img\" alt=\"teddyslot welcome bonus desktop\" fetchpriority=\"high\" decoding=\"async\"><img src=\"https:\/\/theteddyslot.com\/wp-content\/uploads\/2026\/04\/teddyslot-bnr-mobile.webp\" class=\"w-100 d-none d-md-block d-lg-none main-banner-img\" alt=\"teddyslot welcome bonus mobile\" fetchpriority=\"high\" decoding=\"async\"><img src=\"https:\/\/theteddyslot.com\/wp-content\/uploads\/2026\/04\/teddyslot-bnr-mobile.webp\" class=\"w-100 d-md-none\" alt=\"teddyslot welcome bonus mobile\" fetchpriority=\"high\" decoding=\"async\"><div class=\"banner-description\">\n<div class=\"banner-title\">Bonus de bienvenue<\/div>\n<p class=\"banner-header-title\">1500 \u20ac<\/p>\n<div class=\"banner-header-AdditionalText\">+ 250 Tours gratuits<\/div>\n<button data-item=\"homepage_banner_link\" class=\"goto m-button m-gradient-border m-button--primary m-button--large banner-button btn-orange\">\n            <div class=\"m-button-content\">\n                <span>Inscrivez-vous d\u00e8s maintenant<\/span>\n                <span><\/span>\n            <\/div>\n        <\/button>\n<\/div>\n<div class=\"WelcomePack\">\n<p><img loading=\"lazy\" decoding=\"async\" class=\"alignnone size-full wp-image-1852\" src=\"https:\/\/theteddyslot.com\/wp-content\/uploads\/2026\/04\/welcome-crown.png\" alt=\"crown\" width=\"25\" height=\"26\" \/><\/p>\n<div class=\"WelcomePack-Info\">Cashback hebdomadaire jusqu&rsquo;\u00e0 25 %<\/div>\n<p><img loading=\"lazy\" decoding=\"async\" class=\"alignnone size-full wp-image-1852\" src=\"https:\/\/theteddyslot.com\/wp-content\/uploads\/2026\/04\/welcome-crown.png\" alt=\"crown\" width=\"25\" height=\"26\" \/><\/p>\n<\/div>\n<\/div>\n<h2>Avantages et fonctionnalit\u00e9s de l\u2019application Teddyslot<\/h2>\n<p>Vous pouvez utiliser notre casino mobile partout o\u00f9 vous disposez d\u2019une connexion Internet stable ; vous n\u2019avez donc pas besoin de rester chez vous ou d\u2019attendre d\u2019\u00eatre de retour devant votre ordinateur. Depuis votre t\u00e9l\u00e9phone, vous pouvez ouvrir le casino Teddyslot, vous lancer dans les jeux et g\u00e9rer les \u00e9l\u00e9ments cl\u00e9s de votre compte. Cela facilite le retour sur la plateforme lorsque vous souhaitez jouer ou v\u00e9rifier votre solde.<\/p>\n<p>Notre application fonctionne comme une application web progressive (PWA), ce qui signifie que vous pouvez l\u2019installer directement depuis notre site web et la conserver sur votre appareil comme n\u2019importe quel logiciel mobile classique. Une fois ajout\u00e9e \u00e0 votre \u00e9cran d\u2019accueil, vous pouvez ouvrir Teddyslot en quelques clics au lieu de passer par un navigateur \u00e0 chaque fois.<\/p>\n<p>Voici quelques-uns des avantages pratiques li\u00e9s \u00e0 l\u2019utilisation de l\u2019application :<\/p>\n<ul>\n<li>Le logiciel prend peu de place sur votre t\u00e9l\u00e9phone car il utilise uniquement des donn\u00e9es mises en cache.<\/li>\n<li>Naviguez plus facilement sur la plateforme Teddyslot Casino gr\u00e2ce \u00e0 la navigation par tapotement.<\/li>\n<li>Acc\u00e9dez plus rapidement aux jeux et aux fonctionnalit\u00e9s pour des sessions courtes.<\/li>\n<li>Recevez des notifications concernant les promotions, les tournois ou les alertes relatives \u00e0 votre compte.<\/li>\n<\/ul>\n<p><div class=\"scrollable-content-wrap my-5\"><div class=\"scrollable-content-inner\"><h2>Application mobile pour iOS<\/h2>\n<p>Notre application est disponible pour les utilisateurs d\u2019iPhone et d\u2019iPad qui souhaitent b\u00e9n\u00e9ficier d\u2019un acc\u00e8s complet \u00e0 Teddyslot Casino sur leurs appareils mobiles. Sur iOS, vous pouvez jouer, effectuer des paiements, activer des promotions, contacter le service client via le chat en direct et effectuer la v\u00e9rification depuis votre t\u00e9l\u00e9phone sans avoir \u00e0 revenir \u00e0 une session sur ordinateur.<\/p>\n<p>Si vous utilisez d\u00e9j\u00e0 votre t\u00e9l\u00e9phone pour jouer, faire des achats et effectuer vos t\u00e2ches quotidiennes, il est tout aussi logique d\u2019y installer Teddyslot Casino. L\u2019application vous permet d\u2019acc\u00e9der plus rapidement \u00e0 la plateforme, tout en b\u00e9n\u00e9ficiant des m\u00eames normes de s\u00e9curit\u00e9 lorsque vous vous connectez ou g\u00e9rez votre compte.<\/p>\n<p><img loading=\"lazy\" decoding=\"async\" class=\"alignnone size-full wp-image-1940\" src=\"https:\/\/theteddyslot.com\/wp-content\/uploads\/2026\/04\/Teddyslot-iOS.webp\" alt=\"Teddyslot iOS\" width=\"1248\" height=\"536\" srcset=\"https:\/\/theteddyslot.com\/wp-content\/uploads\/2026\/04\/Teddyslot-iOS.webp 1248w, https:\/\/theteddyslot.com\/wp-content\/uploads\/2026\/04\/Teddyslot-iOS-300x129.webp 300w, https:\/\/theteddyslot.com\/wp-content\/uploads\/2026\/04\/Teddyslot-iOS-1024x440.webp 1024w, https:\/\/theteddyslot.com\/wp-content\/uploads\/2026\/04\/Teddyslot-iOS-768x330.webp 768w\" sizes=\"auto, (max-width: 1248px) 100vw, 1248px\" \/><\/p>\n<\/div><\/div><div style=\"clear: both\"><\/div><div class=\"d-flex justify-content-center\"><button data-item=\"decouvrez_link\" data-group=\"website_links\" class=\"goto fw-bold rounded-pill btn btn-orange\" aria-label=\"T\u00e9l\u00e9chargez l&#039;application Teddyslot\" >T\u00e9l\u00e9chargez l&#039;application Teddyslot<\/button><\/div><div class=\"scrollable-content-wrap my-5\"><div class=\"scrollable-content-inner\"><h2>Application Teddyslot pour Android<\/h2>\n<p>Si vous poss\u00e9dez un t\u00e9l\u00e9phone Android, vous pouvez \u00e9galement utiliser la version compl\u00e8te de notre casino via l\u2019application mobile. Il s\u2019agit d\u2019une application web progressive, elle ne prend donc pas autant d\u2019espace de stockage que de nombreuses applications natives, ce qui est utile sur les t\u00e9l\u00e9phones et les tablettes, o\u00f9 l\u2019espace de m\u00e9moire disponible est limit\u00e9. Vous b\u00e9n\u00e9ficiez toujours de l\u2019int\u00e9gralit\u00e9 de la plateforme sur Android, y compris les jeux et les promotions.<\/p>\n<p>Cela fait de l\u2019application une option pratique pour les joueurs qui souhaitent b\u00e9n\u00e9ficier de la rapidit\u00e9 de l\u2019acc\u00e8s mobile sans ajouter de logiciel lourd \u00e0 leur appareil. Vous pouvez ouvrir Teddy Slot plus rapidement, revenir aux machines \u00e0 sous en ligne et aux jeux en direct en quelques clics et contacter l\u2019\u00e9quipe d\u2019assistance depuis votre t\u00e9l\u00e9phone si vous avez une question. L\u2019acc\u00e8s via l\u2019application b\u00e9n\u00e9ficie \u00e9galement de mesures de protection robustes telles que le protocole TLS 1.3, le cryptage AES 256 bits et les alertes de transaction, ce qui vous permet de g\u00e9rer l\u2019activit\u00e9 de votre compte avec le m\u00eame niveau de s\u00e9curit\u00e9 que celui que vous attendez de Teddyslot Casino.<\/p>\n<p><img loading=\"lazy\" decoding=\"async\" class=\"alignnone size-full wp-image-1924\" src=\"https:\/\/theteddyslot.com\/wp-content\/uploads\/2026\/04\/Teddyslot-Android.webp\" alt=\"Teddyslot Android\" width=\"1248\" height=\"536\" srcset=\"https:\/\/theteddyslot.com\/wp-content\/uploads\/2026\/04\/Teddyslot-Android.webp 1248w, https:\/\/theteddyslot.com\/wp-content\/uploads\/2026\/04\/Teddyslot-Android-300x129.webp 300w, https:\/\/theteddyslot.com\/wp-content\/uploads\/2026\/04\/Teddyslot-Android-1024x440.webp 1024w, https:\/\/theteddyslot.com\/wp-content\/uploads\/2026\/04\/Teddyslot-Android-768x330.webp 768w\" sizes=\"auto, (max-width: 1248px) 100vw, 1248px\" \/><\/p>\n<\/div><\/div><div style=\"clear: both\"><\/div><div class=\"d-flex justify-content-center\"><button data-item=\"decouvrez_link\" data-group=\"website_links\" class=\"goto fw-bold rounded-pill btn btn-orange\" aria-label=\"T\u00e9l\u00e9charger Teddyslot\" >T\u00e9l\u00e9charger Teddyslot<\/button><\/div><div class=\"scrollable-content-wrap my-5\"><div class=\"scrollable-content-inner\"><h2>Jouez \u00e0 Teddy Slot Casino sur Mac ou Windows<\/h2>\n<p>Notre application ne se limite pas aux t\u00e9l\u00e9phones et aux tablettes. Si vous pr\u00e9f\u00e9rez jouer sur un ordinateur portable ou un PC, vous pouvez \u00e9galement installer Teddyslot Casino sur votre appareil Mac ou Windows et l\u2019ouvrir comme un logiciel distinct plut\u00f4t que de d\u00e9marrer depuis un onglet de navigateur. Cela offre aux joueurs r\u00e9guliers un moyen plus rapide de revenir au casino en ligne, avec les m\u00eames jeux disponibles sur ordinateur.<\/p>\n<p>Pour les utilisateurs de Mac et de Windows, le principal avantage est la commodit\u00e9 et la r\u00e9duction des distractions. Lancer Teddyslot depuis votre bureau prend moins de temps que d\u2019ouvrir un navigateur et de rechercher le site. Cela vous offre \u00e9galement une exp\u00e9rience de jeu plus concentr\u00e9e, sans m\u00e9langer le jeu avec votre navigation habituelle.<\/p>\n<p>Cette configuration convient \u00e9galement aux joueurs qui passent de longues p\u00e9riodes devant un ordinateur et pr\u00e9f\u00e8rent une taille d\u2019\u00e9cran plus traditionnelle pour les jeux en direct ou tout autre titre. Les m\u00eames normes de protection s\u2019appliquent, vous ne perdez donc rien en mati\u00e8re de s\u00e9curit\u00e9 de compte ou de paiement en choisissant la version de bureau de l\u2019application.<\/p>\n<p><img loading=\"lazy\" decoding=\"async\" class=\"alignnone size-full wp-image-1932\" src=\"https:\/\/theteddyslot.com\/wp-content\/uploads\/2026\/04\/Teddyslot-Desktop.webp\" alt=\"Teddyslot Desktop\" width=\"1248\" height=\"536\" srcset=\"https:\/\/theteddyslot.com\/wp-content\/uploads\/2026\/04\/Teddyslot-Desktop.webp 1248w, https:\/\/theteddyslot.com\/wp-content\/uploads\/2026\/04\/Teddyslot-Desktop-300x129.webp 300w, https:\/\/theteddyslot.com\/wp-content\/uploads\/2026\/04\/Teddyslot-Desktop-1024x440.webp 1024w, https:\/\/theteddyslot.com\/wp-content\/uploads\/2026\/04\/Teddyslot-Desktop-768x330.webp 768w\" sizes=\"auto, (max-width: 1248px) 100vw, 1248px\" \/><\/p>\n<\/div><\/div><div style=\"clear: both\"><\/div><div class=\"d-flex justify-content-center\"><button data-item=\"decouvrez_link\" data-group=\"website_links\" class=\"goto fw-bold rounded-pill btn btn-orange\" aria-label=\"T\u00e9l\u00e9chargez l&#039;application Teddyslot\" >T\u00e9l\u00e9chargez l&#039;application Teddyslot<\/button><\/div><div class=\"scrollable-content-wrap my-5\"><div class=\"scrollable-content-inner\"><h2>Comment installer l\u2019application Teddyslot sur n\u2019importe quel appareil<\/h2>\n<p>Installer l\u2019application Teddy Slot revient davantage \u00e0 ajouter une version \u00e0 acc\u00e8s rapide de notre plateforme qu\u2019\u00e0 t\u00e9l\u00e9charger un logiciel lourd. Sur n\u2019importe quel appareil, le processus commence sur notre site officiel dans votre navigateur. Une fois le raccourci ajout\u00e9, notre plateforme de casino reste \u00e0 port\u00e9e de main sur votre \u00e9cran d\u2019accueil ou votre bureau.<\/p>\n<table>\n<tbody>\n<tr>\n<td>Plateforme<\/td>\n<td>Point de d\u00e9part<\/td>\n<td>Chemin d\u2019installation<\/td>\n<td>O\u00f9 l\u2019ouvrir par la suite<\/td>\n<\/tr>\n<tr>\n<td>Android<\/td>\n<td>Chrome sur votre t\u00e9l\u00e9phone ou votre tablette.<\/td>\n<td>Ouvrez le site web de Teddyslot Casino, appuyez sur le menu \u00e0 trois points dans la barre d\u2019adresse, s\u00e9lectionnez \u00ab Ajouter \u00e0 l\u2019\u00e9cran d\u2019accueil \u00bb, puis confirmez le raccourci.<\/td>\n<td>Utilisez l\u2019ic\u00f4ne sur l\u2019\u00e9cran d\u2019accueil une fois l\u2019installation termin\u00e9e.<\/td>\n<\/tr>\n<tr>\n<td>iOS<\/td>\n<td>Safari sur iPhone ou iPad.<\/td>\n<td>Chargez le site web du casino, appuyez sur \u00ab Partager \u00bb, faites d\u00e9filer jusqu\u2019\u00e0 \u00ab Ajouter \u00e0 l\u2019\u00e9cran d\u2019accueil \u00bb, puis appuyez sur \u00ab Ajouter \u00bb pour confirmer.<\/td>\n<td>Lancez-le \u00e0 partir de l\u2019ic\u00f4ne enregistr\u00e9e sur votre \u00e9cran d\u2019accueil.<\/td>\n<\/tr>\n<tr>\n<td>Mac \/ Windows<\/td>\n<td>Chrome (ou tout autre navigateur) sur votre ordinateur.<\/td>\n<td>Rendez-vous sur notre site Web, puis cliquez sur l\u2019ic\u00f4ne d\u2019installation dans la barre d\u2019adresse ou ouvrez le menu Chrome et s\u00e9lectionnez \u00ab Installer la page en tant qu\u2019application \u00bb, puis suivez les instructions \u00e0 l\u2019\u00e9cran.<\/td>\n<td>Lancez l\u2019application \u00e0 partir du raccourci sur le bureau ou du lanceur une fois l\u2019installation termin\u00e9e.<\/td>\n<\/tr>\n<\/tbody>\n<\/table>\n<h2>FAQ<\/h2>\n<h3>Puis-je me connecter \u00e0 l\u2019application mobile \u00e0 l\u2019aide de l\u2019authentification biom\u00e9trique ?<\/h3>\n<p>Dans notre application, vous pouvez utiliser les options de connexion biom\u00e9trique d\u00e9j\u00e0 disponibles sur votre t\u00e9l\u00e9phone ou votre tablette, telles que Face ID ou la connexion par empreinte digitale. Cela signifie que vous pouvez ouvrir Teddyslot Casino sans avoir \u00e0 saisir vos informations personnelles \u00e0 chaque fois.<\/p>\n<h3>Mes d\u00e9p\u00f4ts sont-ils s\u00e9curis\u00e9s lorsque j\u2019utilise l\u2019application mobile ?<\/h3>\n<p>Les paiements effectu\u00e9s via l\u2019application Teddyslot respectent les m\u00eames normes de s\u00e9curit\u00e9 que notre casino sur ordinateur. Les transactions mobiles sont prot\u00e9g\u00e9es par le protocole TLS 1.3 et un cryptage AES 256 bits. Vous pouvez \u00e9galement utiliser des alertes pour suivre vos d\u00e9p\u00f4ts et vos retraits.<\/p>\n<h3>Comment puis-je mettre \u00e0 jour l\u2019application ?<\/h3>\n<p>Vous n\u2019avez pas besoin d\u2019installer les mises \u00e0 jour manuellement lorsque vous utilisez notre PWA. Lorsque nous am\u00e9liorons la plateforme et ajoutons de nouvelles fonctionnalit\u00e9s ou de nouveaux jeux, votre version de l\u2019application Teddyslot se met \u00e0 jour automatiquement. Dans la plupart des cas, la derni\u00e8re version est disponible d\u00e8s que vous l\u2019ouvrez.<\/p>\n<h3>Les bonus et les tournois sont-ils disponibles sur mobile ?<\/h3>\n<p>Toutes les promotions disponibles sur Teddyslot Casino peuvent \u00e9galement \u00eatre utilis\u00e9es via l\u2019application ou le navigateur mobile. Cela inclut le bonus de bienvenue, le cashback, le bonus high roller, les offres de rechargement et les tournois tels que Rookie Rumble, ainsi que d\u2019autres activit\u00e9s de la plateforme disponibles sur mobile.<\/p>\n<\/div><\/div><\/p>\n","protected":false},"excerpt":{"rendered":"<p>Application Teddyslot : jeux de casino sur mobile Teddyslot app met notre casino en ligne sur votre t\u00e9l\u00e9phone, vous permettant ainsi d\u2019ouvrir des machines \u00e0 sous ou de rejoindre des jeux en direct en quelques clics. Les utilisateurs peuvent le t\u00e9l\u00e9charger directement depuis notre site web pour Android et iOS. Une fois install\u00e9e, l\u2019application vous [&hellip;]<\/p>\n","protected":false},"author":1,"featured_media":0,"parent":0,"menu_order":0,"comment_status":"closed","ping_status":"closed","template":"template-builder.php","meta":{"_acf_changed":false,"inline_featured_image":false,"footnotes":""},"class_list":["post-1440","page","type-page","status-publish","hentry"],"acf":[],"yoast_head":"<!-- This site is optimized with the Yoast SEO plugin v27.3 - https:\/\/yoast.com\/product\/yoast-seo-wordpress\/ -->\n<title>Teddyslot App : installez PWA sur Android, iOS, Mac et Windows<\/title>\n<meta name=\"description\" content=\"Teddyslot App est une application web progressive. Installez le raccourci depuis votre navigateur et jouez \u00e0 des jeux de casino sur Android via Chrome, sur iOS via Safari et sur Mac ou Windows gr\u00e2ce \u00e0 l&#039;option d&#039;installation dans le navigateur. Utilisez le m\u00eame compte sur tous vos appareils pour des sessions rapides.\" \/>\n<meta name=\"robots\" content=\"index, follow, max-snippet:-1, max-image-preview:large, max-video-preview:-1\" \/>\n<link rel=\"canonical\" href=\"https:\/\/theteddyslot.com\/fr\/app\/\" \/>\n<meta property=\"og:locale\" content=\"fr_FR\" \/>\n<meta property=\"og:type\" content=\"article\" \/>\n<meta property=\"og:title\" content=\"Teddyslot App : installez PWA sur Android, iOS, Mac et Windows\" \/>\n<meta property=\"og:description\" content=\"Teddyslot App est une application web progressive. Installez le raccourci depuis votre navigateur et jouez \u00e0 des jeux de casino sur Android via Chrome, sur iOS via Safari et sur Mac ou Windows gr\u00e2ce \u00e0 l&#039;option d&#039;installation dans le navigateur. Utilisez le m\u00eame compte sur tous vos appareils pour des sessions rapides.\" \/>\n<meta property=\"og:url\" content=\"https:\/\/theteddyslot.com\/fr\/app\/\" \/>\n<meta property=\"og:site_name\" content=\"teddyslot\" \/>\n<meta property=\"article:modified_time\" content=\"2026-04-06T08:54:55+00:00\" \/>\n<meta name=\"twitter:card\" content=\"summary_large_image\" \/>\n<meta name=\"twitter:label1\" content=\"Dur\u00e9e de lecture estim\u00e9e\" \/>\n\t<meta name=\"twitter:data1\" content=\"2 minutes\" \/>\n<script type=\"application\/ld+json\" class=\"yoast-schema-graph\">{\"@context\":\"https:\\\/\\\/schema.org\",\"@graph\":[{\"@type\":\"WebPage\",\"@id\":\"https:\\\/\\\/theteddyslot.com\\\/fr\\\/app\\\/\",\"url\":\"https:\\\/\\\/theteddyslot.com\\\/fr\\\/app\\\/\",\"name\":\"Teddyslot App : installez PWA sur Android, iOS, Mac et Windows\",\"isPartOf\":{\"@id\":\"https:\\\/\\\/theteddyslot.com\\\/fr\\\/#website\"},\"datePublished\":\"2026-01-20T12:08:23+00:00\",\"dateModified\":\"2026-04-06T08:54:55+00:00\",\"description\":\"Teddyslot App est une application web progressive. Installez le raccourci depuis votre navigateur et jouez \u00e0 des jeux de casino sur Android via Chrome, sur iOS via Safari et sur Mac ou Windows gr\u00e2ce \u00e0 l'option d'installation dans le navigateur. Utilisez le m\u00eame compte sur tous vos appareils pour des sessions rapides.\",\"breadcrumb\":{\"@id\":\"https:\\\/\\\/theteddyslot.com\\\/fr\\\/app\\\/#breadcrumb\"},\"inLanguage\":\"fr-FR\",\"potentialAction\":[{\"@type\":\"ReadAction\",\"target\":[\"https:\\\/\\\/theteddyslot.com\\\/fr\\\/app\\\/\"]}]},{\"@type\":\"BreadcrumbList\",\"@id\":\"https:\\\/\\\/theteddyslot.com\\\/fr\\\/app\\\/#breadcrumb\",\"itemListElement\":[{\"@type\":\"ListItem\",\"position\":1,\"name\":\"Teddyslot\",\"item\":\"https:\\\/\\\/theteddyslot.com\\\/fr\\\/\"},{\"@type\":\"ListItem\",\"position\":2,\"name\":\"App\"}]},{\"@type\":\"WebSite\",\"@id\":\"https:\\\/\\\/theteddyslot.com\\\/fr\\\/#website\",\"url\":\"https:\\\/\\\/theteddyslot.com\\\/fr\\\/\",\"name\":\"Teddyslot\",\"description\":\"\",\"publisher\":{\"@id\":\"https:\\\/\\\/theteddyslot.com\\\/fr\\\/#organization\"},\"potentialAction\":[{\"@type\":\"SearchAction\",\"target\":{\"@type\":\"EntryPoint\",\"urlTemplate\":\"https:\\\/\\\/theteddyslot.com\\\/fr\\\/?s={search_term_string}\"},\"query-input\":{\"@type\":\"PropertyValueSpecification\",\"valueRequired\":true,\"valueName\":\"search_term_string\"}}],\"inLanguage\":\"fr-FR\"},{\"@type\":\"Organization\",\"@id\":\"https:\\\/\\\/theteddyslot.com\\\/fr\\\/#organization\",\"name\":\"Teddyslot\",\"url\":\"https:\\\/\\\/theteddyslot.com\\\/fr\\\/\",\"logo\":{\"@type\":\"ImageObject\",\"inLanguage\":\"fr-FR\",\"@id\":\"https:\\\/\\\/theteddyslot.com\\\/fr\\\/#\\\/schema\\\/logo\\\/image\\\/\",\"url\":\"https:\\\/\\\/theteddyslot.com\\\/wp-content\\\/uploads\\\/2026\\\/04\\\/teddyslot-logo.png\",\"contentUrl\":\"https:\\\/\\\/theteddyslot.com\\\/wp-content\\\/uploads\\\/2026\\\/04\\\/teddyslot-logo.png\",\"width\":140,\"height\":32,\"caption\":\"Teddyslot\"},\"image\":{\"@id\":\"https:\\\/\\\/theteddyslot.com\\\/fr\\\/#\\\/schema\\\/logo\\\/image\\\/\"}}]}<\/script>\n<!-- \/ Yoast SEO plugin. -->","yoast_head_json":{"title":"Teddyslot App : installez PWA sur Android, iOS, Mac et Windows","description":"Teddyslot App est une application web progressive. Installez le raccourci depuis votre navigateur et jouez \u00e0 des jeux de casino sur Android via Chrome, sur iOS via Safari et sur Mac ou Windows gr\u00e2ce \u00e0 l'option d'installation dans le navigateur. Utilisez le m\u00eame compte sur tous vos appareils pour des sessions rapides.","robots":{"index":"index","follow":"follow","max-snippet":"max-snippet:-1","max-image-preview":"max-image-preview:large","max-video-preview":"max-video-preview:-1"},"canonical":"https:\/\/theteddyslot.com\/fr\/app\/","og_locale":"fr_FR","og_type":"article","og_title":"Teddyslot App : installez PWA sur Android, iOS, Mac et Windows","og_description":"Teddyslot App est une application web progressive. Installez le raccourci depuis votre navigateur et jouez \u00e0 des jeux de casino sur Android via Chrome, sur iOS via Safari et sur Mac ou Windows gr\u00e2ce \u00e0 l'option d'installation dans le navigateur. Utilisez le m\u00eame compte sur tous vos appareils pour des sessions rapides.","og_url":"https:\/\/theteddyslot.com\/fr\/app\/","og_site_name":"teddyslot","article_modified_time":"2026-04-06T08:54:55+00:00","twitter_card":"summary_large_image","twitter_misc":{"Dur\u00e9e de lecture estim\u00e9e":"2 minutes"},"schema":{"@context":"https:\/\/schema.org","@graph":[{"@type":"WebPage","@id":"https:\/\/theteddyslot.com\/fr\/app\/","url":"https:\/\/theteddyslot.com\/fr\/app\/","name":"Teddyslot App : installez PWA sur Android, iOS, Mac et Windows","isPartOf":{"@id":"https:\/\/theteddyslot.com\/fr\/#website"},"datePublished":"2026-01-20T12:08:23+00:00","dateModified":"2026-04-06T08:54:55+00:00","description":"Teddyslot App est une application web progressive. Installez le raccourci depuis votre navigateur et jouez \u00e0 des jeux de casino sur Android via Chrome, sur iOS via Safari et sur Mac ou Windows gr\u00e2ce \u00e0 l'option d'installation dans le navigateur. Utilisez le m\u00eame compte sur tous vos appareils pour des sessions rapides.","breadcrumb":{"@id":"https:\/\/theteddyslot.com\/fr\/app\/#breadcrumb"},"inLanguage":"fr-FR","potentialAction":[{"@type":"ReadAction","target":["https:\/\/theteddyslot.com\/fr\/app\/"]}]},{"@type":"BreadcrumbList","@id":"https:\/\/theteddyslot.com\/fr\/app\/#breadcrumb","itemListElement":[{"@type":"ListItem","position":1,"name":"Teddyslot","item":"https:\/\/theteddyslot.com\/fr\/"},{"@type":"ListItem","position":2,"name":"App"}]},{"@type":"WebSite","@id":"https:\/\/theteddyslot.com\/fr\/#website","url":"https:\/\/theteddyslot.com\/fr\/","name":"Teddyslot","description":"","publisher":{"@id":"https:\/\/theteddyslot.com\/fr\/#organization"},"potentialAction":[{"@type":"SearchAction","target":{"@type":"EntryPoint","urlTemplate":"https:\/\/theteddyslot.com\/fr\/?s={search_term_string}"},"query-input":{"@type":"PropertyValueSpecification","valueRequired":true,"valueName":"search_term_string"}}],"inLanguage":"fr-FR"},{"@type":"Organization","@id":"https:\/\/theteddyslot.com\/fr\/#organization","name":"Teddyslot","url":"https:\/\/theteddyslot.com\/fr\/","logo":{"@type":"ImageObject","inLanguage":"fr-FR","@id":"https:\/\/theteddyslot.com\/fr\/#\/schema\/logo\/image\/","url":"https:\/\/theteddyslot.com\/wp-content\/uploads\/2026\/04\/teddyslot-logo.png","contentUrl":"https:\/\/theteddyslot.com\/wp-content\/uploads\/2026\/04\/teddyslot-logo.png","width":140,"height":32,"caption":"Teddyslot"},"image":{"@id":"https:\/\/theteddyslot.com\/fr\/#\/schema\/logo\/image\/"}}]}},"_links":{"self":[{"href":"https:\/\/theteddyslot.com\/fr\/wp-json\/wp\/v2\/pages\/1440","targetHints":{"allow":["GET"]}}],"collection":[{"href":"https:\/\/theteddyslot.com\/fr\/wp-json\/wp\/v2\/pages"}],"about":[{"href":"https:\/\/theteddyslot.com\/fr\/wp-json\/wp\/v2\/types\/page"}],"author":[{"embeddable":true,"href":"https:\/\/theteddyslot.com\/fr\/wp-json\/wp\/v2\/users\/1"}],"replies":[{"embeddable":true,"href":"https:\/\/theteddyslot.com\/fr\/wp-json\/wp\/v2\/comments?post=1440"}],"version-history":[{"count":3,"href":"https:\/\/theteddyslot.com\/fr\/wp-json\/wp\/v2\/pages\/1440\/revisions"}],"predecessor-version":[{"id":2055,"href":"https:\/\/theteddyslot.com\/fr\/wp-json\/wp\/v2\/pages\/1440\/revisions\/2055"}],"wp:attachment":[{"href":"https:\/\/theteddyslot.com\/fr\/wp-json\/wp\/v2\/media?parent=1440"}],"curies":[{"name":"wp","href":"https:\/\/api.w.org\/{rel}","templated":true}]}}