{"id":1445,"date":"2026-01-20T12:08:23","date_gmt":"2026-01-20T12:08:23","guid":{"rendered":"https:\/\/bonuskongcasino.com\/app\/"},"modified":"2026-04-06T11:14:52","modified_gmt":"2026-04-06T10:14:52","slug":"applicazione","status":"publish","type":"page","link":"https:\/\/theteddyslot.com\/it\/applicazione\/","title":{"rendered":"Applicazione"},"content":{"rendered":"<h1>App Teddyslot: giochi da casin\u00f2 su dispositivi mobili<\/h1>\n<p>Teddyslot app porta il nostro casin\u00f2 online sul tuo telefono, cos\u00ec puoi avviare le slot o partecipare ai giochi dal vivo con pochi tocchi. Gli utenti italiani possono scaricarla direttamente dal nostro sito web per Android e iOS. Una volta installata, l\u2019app ti d\u00e0 accesso a tutte le funzionalit\u00e0 disponibili su Teddyslot Casino, compresi i pagamenti e le promozioni.<\/p>\n<div class=\"banner-wrap\" aria-label=\"Banner\"><img src=\"https:\/\/theteddyslot.com\/wp-content\/uploads\/2026\/04\/teddyslot-bonus-desktop.webp\" class=\"w-100 d-none d-lg-block img-pc main-banner-img\" alt=\"teddyslot welcome bonus desktop\" fetchpriority=\"high\" decoding=\"async\"><img src=\"https:\/\/theteddyslot.com\/wp-content\/uploads\/2026\/04\/teddyslot-bnr-mobile.webp\" class=\"w-100 d-none d-md-block d-lg-none main-banner-img\" alt=\"teddyslot welcome bonus mobile\" fetchpriority=\"high\" decoding=\"async\"><img src=\"https:\/\/theteddyslot.com\/wp-content\/uploads\/2026\/04\/teddyslot-bnr-mobile.webp\" class=\"w-100 d-md-none\" alt=\"teddyslot welcome bonus mobile\" fetchpriority=\"high\" decoding=\"async\"><div class=\"banner-description\">\n<div class=\"banner-title\">Bonus di benvenuto<\/div>\n<p class=\"banner-header-title\">1500 \u20ac<\/p>\n<div class=\"banner-header-AdditionalText\">+ 250 Giri gratuiti<\/div>\n<button data-item=\"homepage_banner_link\" class=\"goto m-button m-gradient-border m-button--primary m-button--large banner-button btn-orange\">\n            <div class=\"m-button-content\">\n                <span>Iscriviti ora<\/span>\n                <span><\/span>\n            <\/div>\n        <\/button>\n<\/div>\n<div class=\"WelcomePack\">\n<p><img loading=\"lazy\" decoding=\"async\" class=\"alignnone size-full wp-image-1855\" src=\"https:\/\/theteddyslot.com\/wp-content\/uploads\/2026\/04\/welcome-crown.png\" alt=\"crown\" width=\"25\" height=\"26\" \/><\/p>\n<div class=\"WelcomePack-Info\">Cashback settimanale fino al 25%<\/div>\n<p><img loading=\"lazy\" decoding=\"async\" class=\"alignnone size-full wp-image-1855\" src=\"https:\/\/theteddyslot.com\/wp-content\/uploads\/2026\/04\/welcome-crown.png\" alt=\"crown\" width=\"25\" height=\"26\" \/><\/p>\n<\/div>\n<\/div>\n<h2>Vantaggi e caratteristiche dell\u2019app Teddyslot<\/h2>\n<p>Puoi utilizzare il nostro casin\u00f2 mobile ovunque tu abbia una connessione Internet stabile, quindi non c\u2019\u00e8 bisogno di restare a casa o aspettare di tornare al tuo computer. Dal tuo telefono, puoi aprire Teddy Slot Casino, lanciarti nei giochi e gestire le parti principali del tuo account. Questo rende pi\u00f9 facile tornare sulla piattaforma quando vuoi giocare o controllare il tuo saldo.<\/p>\n<p>La nostra app funziona come un\u2019applicazione web progressiva (PWA), il che significa che puoi installarla direttamente dal nostro sito web e tenerla sul tuo dispositivo come un normale software mobile. Una volta aggiunta alla schermata iniziale, puoi aprire Teddyslot con pochi tocchi invece di passare ogni volta dal browser.<\/p>\n<p>Ecco alcuni dei vantaggi pratici dell\u2019utilizzo dell\u2019app:<\/p>\n<ul>\n<li>Il software occupa poco spazio sul tuo telefono perch\u00e9 utilizza solo dati memorizzati nella cache.<\/li>\n<li>Naviga pi\u00f9 facilmente sulla piattaforma di Teddyslot Casino grazie alla navigazione tramite tocchi.<\/li>\n<li>Accedi ai giochi e alle funzionalit\u00e0 pi\u00f9 velocemente per sessioni brevi.<\/li>\n<li>Ricevi notifiche su promozioni, tornei o avvisi relativi al tuo account.<\/li>\n<\/ul>\n<p><div class=\"scrollable-content-wrap my-5\"><div class=\"scrollable-content-inner\"><h2>Applicazione mobile per iOS<\/h2>\n<p>La nostra app \u00e8 disponibile per gli utenti di iPhone e iPad che desiderano avere pieno accesso a Teddy Slot Casino sui propri dispositivi mobili. Su iOS, puoi giocare, effettuare pagamenti, attivare promozioni, contattare l\u2019assistenza tramite live chat e completare il processo di verifica dal tuo telefono invece di tornare a una sessione desktop.<\/p>\n<p>Se utilizzi gi\u00e0 il tuo telefono per giocare, fare acquisti e svolgere le attivit\u00e0 quotidiane, \u00e8 logico avere anche Teddyslot Casino a portata di mano. L\u2019app ti offre un accesso pi\u00f9 rapido alla piattaforma, mentre gli stessi standard di sicurezza continuano ad applicarsi quando accedi o gestisci il tuo account.<\/p>\n<p><img loading=\"lazy\" decoding=\"async\" class=\"alignnone size-full wp-image-1943\" src=\"https:\/\/theteddyslot.com\/wp-content\/uploads\/2026\/04\/Teddyslot-iOS.webp\" alt=\"Teddyslot iOS\" width=\"1248\" height=\"536\" srcset=\"https:\/\/theteddyslot.com\/wp-content\/uploads\/2026\/04\/Teddyslot-iOS.webp 1248w, https:\/\/theteddyslot.com\/wp-content\/uploads\/2026\/04\/Teddyslot-iOS-300x129.webp 300w, https:\/\/theteddyslot.com\/wp-content\/uploads\/2026\/04\/Teddyslot-iOS-1024x440.webp 1024w, https:\/\/theteddyslot.com\/wp-content\/uploads\/2026\/04\/Teddyslot-iOS-768x330.webp 768w\" sizes=\"auto, (max-width: 1248px) 100vw, 1248px\" \/><\/p>\n<\/div><\/div><div style=\"clear: both\"><\/div><div class=\"d-flex justify-content-center\"><button data-item=\"decouvrez_link\" data-group=\"website_links\" class=\"goto fw-bold rounded-pill btn btn-orange\" aria-label=\"Scarica l&#039;app Teddyslot\" >Scarica l&#039;app Teddyslot<\/button><\/div><div class=\"scrollable-content-wrap my-5\"><div class=\"scrollable-content-inner\"><h2>App Teddyslot per Android<\/h2>\n<p>Se hai un telefono Android, puoi anche utilizzare la versione completa del nostro casin\u00f2 tramite il software mobile. Si tratta di un\u2019applicazione web progressiva, quindi non occupa tanto spazio di archiviazione quanto molte app native, il che \u00e8 utile su telefoni e tablet, dove non c\u2019\u00e8 molta memoria libera. Puoi comunque accedere alla piattaforma completa su Android, inclusi giochi e promozioni.<\/p>\n<p>Ci\u00f2 rende l\u2019app un\u2019opzione pratica per i giocatori che desiderano la velocit\u00e0 dell\u2019accesso mobile senza aggiungere software pesanti al proprio dispositivo. Puoi aprire Teddy Slot pi\u00f9 velocemente, tornare alle slot online e ai giochi dal vivo con meno passaggi e contattare il team di assistenza dal tuo telefono se hai una domanda. L\u2019accesso tramite l\u2019app beneficia anche di solide misure di protezione come TLS 1.3, crittografia AES a 256 bit e avvisi sulle transazioni, in modo da poter gestire l\u2019attivit\u00e0 del conto con lo stesso livello di sicurezza che ci si aspetta da Teddyslot Casino.<\/p>\n<p><img loading=\"lazy\" decoding=\"async\" class=\"alignnone size-full wp-image-1927\" src=\"https:\/\/theteddyslot.com\/wp-content\/uploads\/2026\/04\/Teddyslot-Android.webp\" alt=\"Teddyslot Android\" width=\"1248\" height=\"536\" srcset=\"https:\/\/theteddyslot.com\/wp-content\/uploads\/2026\/04\/Teddyslot-Android.webp 1248w, https:\/\/theteddyslot.com\/wp-content\/uploads\/2026\/04\/Teddyslot-Android-300x129.webp 300w, https:\/\/theteddyslot.com\/wp-content\/uploads\/2026\/04\/Teddyslot-Android-1024x440.webp 1024w, https:\/\/theteddyslot.com\/wp-content\/uploads\/2026\/04\/Teddyslot-Android-768x330.webp 768w\" sizes=\"auto, (max-width: 1248px) 100vw, 1248px\" \/><\/p>\n<\/div><\/div><div style=\"clear: both\"><\/div><div class=\"d-flex justify-content-center\"><button data-item=\"decouvrez_link\" data-group=\"website_links\" class=\"goto fw-bold rounded-pill btn btn-orange\" aria-label=\"Scarica Teddyslot\" >Scarica Teddyslot<\/button><\/div><div class=\"scrollable-content-wrap my-5\"><div class=\"scrollable-content-inner\"><h2>Gioca a Teddy Slot Casino su Mac o Windows<\/h2>\n<p>La nostra app non \u00e8 limitata a telefoni e tablet. Se preferisci giocare su un laptop o un PC, puoi anche tenere Teddyslot Casino sul tuo dispositivo Mac o Windows e aprirlo come un software separato invece di avviare una scheda del browser. Questo offre ai giocatori abituali un modo pi\u00f9 rapido per tornare al casin\u00f2 online, con gli stessi giochi disponibili su desktop.<\/p>\n<p>Per gli utenti Mac e Windows, il vantaggio principale \u00e8 la comodit\u00e0 con meno distrazioni. Avviare Teddyslot dal desktop richiede meno tempo rispetto all\u2019apertura di un browser e alla ricerca del sito. Ti offre inoltre un\u2019esperienza di gioco pi\u00f9 concentrata senza mescolare il gioco con la tua navigazione abituale.<\/p>\n<p>Questa configurazione \u00e8 adatta anche ai giocatori che trascorrono lunghi periodi al computer e preferiscono una dimensione dello schermo pi\u00f9 tradizionale per i giochi dal vivo o qualsiasi altro titolo. Si applicano gli stessi standard di protezione, quindi non perdi alcuna sicurezza dell\u2019account o dei pagamenti scegliendo la versione desktop dell\u2019app.<\/p>\n<p><img loading=\"lazy\" decoding=\"async\" class=\"alignnone size-full wp-image-1935\" src=\"https:\/\/theteddyslot.com\/wp-content\/uploads\/2026\/04\/Teddyslot-Desktop.webp\" alt=\"Teddyslot Desktop\" width=\"1248\" height=\"536\" srcset=\"https:\/\/theteddyslot.com\/wp-content\/uploads\/2026\/04\/Teddyslot-Desktop.webp 1248w, https:\/\/theteddyslot.com\/wp-content\/uploads\/2026\/04\/Teddyslot-Desktop-300x129.webp 300w, https:\/\/theteddyslot.com\/wp-content\/uploads\/2026\/04\/Teddyslot-Desktop-1024x440.webp 1024w, https:\/\/theteddyslot.com\/wp-content\/uploads\/2026\/04\/Teddyslot-Desktop-768x330.webp 768w\" sizes=\"auto, (max-width: 1248px) 100vw, 1248px\" \/><\/p>\n<\/div><\/div><div style=\"clear: both\"><\/div><div class=\"d-flex justify-content-center\"><button data-item=\"decouvrez_link\" data-group=\"website_links\" class=\"goto fw-bold rounded-pill btn btn-orange\" aria-label=\"Scarica l&#039;app Teddyslot\" >Scarica l&#039;app Teddyslot<\/button><\/div><div class=\"scrollable-content-wrap my-5\"><div class=\"scrollable-content-inner\"><h2>Come installare l\u2019app Teddyslot su qualsiasi dispositivo<\/h2>\n<p>Installare l\u2019app Teddy Slot \u00e8 pi\u00f9 simile ad aggiungere una versione di accesso rapido alla nostra piattaforma che a scaricare un software pesante. Su qualsiasi dispositivo, il processo inizia sul nostro sito web ufficiale nel tuo browser. Una volta aggiunto il collegamento, la nostra piattaforma di casin\u00f2 rimane a portata di mano sulla tua schermata iniziale o sul desktop.<\/p>\n<table>\n<tbody>\n<tr>\n<td>Piattaforma<\/td>\n<td>Punto di partenza<\/td>\n<td>Percorso di installazione<\/td>\n<td>Dove aprirla in seguito<\/td>\n<\/tr>\n<tr>\n<td>Android<\/td>\n<td>Chrome sul tuo telefono o tablet.<\/td>\n<td>Apri il sito web di Teddyslot Casino, tocca il menu con i tre puntini nella barra degli indirizzi, seleziona \u201cAggiungi alla schermata iniziale\u201d e conferma il collegamento.<\/td>\n<td>Utilizza l\u2019icona sulla schermata iniziale dopo la configurazione.<\/td>\n<\/tr>\n<tr>\n<td>iOS<\/td>\n<td>Safari su iPhone o iPad.<\/td>\n<td>Carica il sito web del casin\u00f2, tocca \u201cCondividi\u201d, scorri fino a \u201cAggiungi alla schermata Home\u201d, quindi tocca \u201cAggiungi\u201d per confermare.<\/td>\n<td>Avvialo dall\u2019icona salvata sulla tua schermata iniziale.<\/td>\n<\/tr>\n<tr>\n<td>Mac \/ Windows<\/td>\n<td>Chrome (o qualsiasi altro browser) sul tuo computer.<\/td>\n<td>Vai sul nostro sito web, quindi clicca sull\u2019icona di installazione nella barra degli indirizzi oppure apri il menu di Chrome e seleziona \u201cInstalla pagina come app\u201d, quindi segui le istruzioni sullo schermo.<\/td>\n<td>Avvia l\u2019app dal collegamento sul desktop o dal launcher una volta completata l\u2019installazione.<\/td>\n<\/tr>\n<\/tbody>\n<\/table>\n<h2>Domande frequenti<\/h2>\n<h3>Posso accedere al software mobile utilizzando l\u2019autenticazione biometrica?<\/h3>\n<p>Nella nostra app puoi utilizzare le opzioni di accesso biometrico gi\u00e0 disponibili sul tuo telefono o tablet, come Face ID o l\u2019accesso tramite impronta digitale. Ci\u00f2 significa che puoi aprire Teddyslot Casino senza dover inserire i tuoi dati personali ogni volta.<\/p>\n<h3>I miei depositi sono al sicuro quando utilizzo l\u2019app mobile?<\/h3>\n<p>I pagamenti effettuati tramite l\u2019app Teddyslot utilizzano gli stessi standard di sicurezza del nostro casin\u00f2 desktop. Le transazioni mobili sono protette da TLS 1.3 e dalla crittografia AES a 256 bit. Puoi anche utilizzare gli avvisi per monitorare i tuoi depositi e prelievi.<\/p>\n<h3>Come posso aggiornare l\u2019app?<\/h3>\n<p>Non \u00e8 necessario installare gli aggiornamenti manualmente quando si utilizza la nostra PWA. Quando miglioriamo la piattaforma e aggiungiamo nuove funzionalit\u00e0 o giochi, la versione dell\u2019app Teddyslot si aggiorna automaticamente. Nella maggior parte dei casi, l\u2019ultima versione \u00e8 disponibile al prossimo avvio dell\u2019app.<\/p>\n<h3>I bonus e i tornei sono disponibili su dispositivi mobili?<\/h3>\n<p>Tutte le promozioni disponibili su Teddyslot Casino possono essere utilizzate anche tramite l\u2019app o il browser mobile. Ci\u00f2 include il bonus di benvenuto, il cashback, il bonus highroller, le offerte di ricarica e i tornei come Rookie Rumble, insieme ad altre attivit\u00e0 della piattaforma disponibili su dispositivi mobili.<\/p>\n<\/div><\/div><\/p>\n","protected":false},"excerpt":{"rendered":"<p>App Teddyslot: giochi da casin\u00f2 su dispositivi mobili Teddyslot app porta il nostro casin\u00f2 online sul tuo telefono, cos\u00ec puoi avviare le slot o partecipare ai giochi dal vivo con pochi tocchi. Gli utenti italiani possono scaricarla direttamente dal nostro sito web per Android e iOS. Una volta installata, l\u2019app ti d\u00e0 accesso a tutte [&hellip;]<\/p>\n","protected":false},"author":1,"featured_media":0,"parent":0,"menu_order":0,"comment_status":"closed","ping_status":"closed","template":"template-builder.php","meta":{"_acf_changed":false,"inline_featured_image":false,"footnotes":""},"class_list":["post-1445","page","type-page","status-publish","hentry"],"acf":[],"yoast_head":"<!-- This site is optimized with the Yoast SEO plugin v27.3 - https:\/\/yoast.com\/product\/yoast-seo-wordpress\/ -->\n<title>Teddyslot App: installa su Android, iOS, Mac e Windows come PWA<\/title>\n<meta name=\"description\" content=\"Teddyslot App \u00e8 un&#039;app web progressiva. Installa il collegamento dal tuo browser e gioca ai giochi da casin\u00f2 su Android tramite Chrome, iOS tramite Safari e su Mac o Windows tramite l&#039;opzione di installazione tramite browser. Utilizza lo stesso account su pi\u00f9 dispositivi per sessioni rapide.\" \/>\n<meta name=\"robots\" content=\"index, follow, max-snippet:-1, max-image-preview:large, max-video-preview:-1\" \/>\n<link rel=\"canonical\" href=\"https:\/\/theteddyslot.com\/it\/applicazione\/\" \/>\n<meta property=\"og:locale\" content=\"it_IT\" \/>\n<meta property=\"og:type\" content=\"article\" \/>\n<meta property=\"og:title\" content=\"Teddyslot App: installa su Android, iOS, Mac e Windows come PWA\" \/>\n<meta property=\"og:description\" content=\"Teddyslot App \u00e8 un&#039;app web progressiva. Installa il collegamento dal tuo browser e gioca ai giochi da casin\u00f2 su Android tramite Chrome, iOS tramite Safari e su Mac o Windows tramite l&#039;opzione di installazione tramite browser. Utilizza lo stesso account su pi\u00f9 dispositivi per sessioni rapide.\" \/>\n<meta property=\"og:url\" content=\"https:\/\/theteddyslot.com\/it\/applicazione\/\" \/>\n<meta property=\"og:site_name\" content=\"teddyslot\" \/>\n<meta property=\"article:modified_time\" content=\"2026-04-06T10:14:52+00:00\" \/>\n<meta name=\"twitter:card\" content=\"summary_large_image\" \/>\n<meta name=\"twitter:label1\" content=\"Est. reading time\" \/>\n\t<meta name=\"twitter:data1\" content=\"2 minutes\" \/>\n<script type=\"application\/ld+json\" class=\"yoast-schema-graph\">{\"@context\":\"https:\\\/\\\/schema.org\",\"@graph\":[{\"@type\":\"WebPage\",\"@id\":\"https:\\\/\\\/theteddyslot.com\\\/it\\\/applicazione\\\/\",\"url\":\"https:\\\/\\\/theteddyslot.com\\\/it\\\/applicazione\\\/\",\"name\":\"Teddyslot App: installa su Android, iOS, Mac e Windows come PWA\",\"isPartOf\":{\"@id\":\"https:\\\/\\\/theteddyslot.com\\\/it\\\/#website\"},\"datePublished\":\"2026-01-20T12:08:23+00:00\",\"dateModified\":\"2026-04-06T10:14:52+00:00\",\"description\":\"Teddyslot App \u00e8 un'app web progressiva. Installa il collegamento dal tuo browser e gioca ai giochi da casin\u00f2 su Android tramite Chrome, iOS tramite Safari e su Mac o Windows tramite l'opzione di installazione tramite browser. Utilizza lo stesso account su pi\u00f9 dispositivi per sessioni rapide.\",\"breadcrumb\":{\"@id\":\"https:\\\/\\\/theteddyslot.com\\\/it\\\/applicazione\\\/#breadcrumb\"},\"inLanguage\":\"it-IT\",\"potentialAction\":[{\"@type\":\"ReadAction\",\"target\":[\"https:\\\/\\\/theteddyslot.com\\\/it\\\/applicazione\\\/\"]}]},{\"@type\":\"BreadcrumbList\",\"@id\":\"https:\\\/\\\/theteddyslot.com\\\/it\\\/applicazione\\\/#breadcrumb\",\"itemListElement\":[{\"@type\":\"ListItem\",\"position\":1,\"name\":\"Teddyslot\",\"item\":\"https:\\\/\\\/theteddyslot.com\\\/it\\\/\"},{\"@type\":\"ListItem\",\"position\":2,\"name\":\"Applicazione\"}]},{\"@type\":\"WebSite\",\"@id\":\"https:\\\/\\\/theteddyslot.com\\\/it\\\/#website\",\"url\":\"https:\\\/\\\/theteddyslot.com\\\/it\\\/\",\"name\":\"Teddyslot\",\"description\":\"\",\"publisher\":{\"@id\":\"https:\\\/\\\/theteddyslot.com\\\/it\\\/#organization\"},\"potentialAction\":[{\"@type\":\"SearchAction\",\"target\":{\"@type\":\"EntryPoint\",\"urlTemplate\":\"https:\\\/\\\/theteddyslot.com\\\/it\\\/?s={search_term_string}\"},\"query-input\":{\"@type\":\"PropertyValueSpecification\",\"valueRequired\":true,\"valueName\":\"search_term_string\"}}],\"inLanguage\":\"it-IT\"},{\"@type\":\"Organization\",\"@id\":\"https:\\\/\\\/theteddyslot.com\\\/it\\\/#organization\",\"name\":\"Teddyslot\",\"url\":\"https:\\\/\\\/theteddyslot.com\\\/it\\\/\",\"logo\":{\"@type\":\"ImageObject\",\"inLanguage\":\"it-IT\",\"@id\":\"https:\\\/\\\/theteddyslot.com\\\/it\\\/#\\\/schema\\\/logo\\\/image\\\/\",\"url\":\"https:\\\/\\\/theteddyslot.com\\\/wp-content\\\/uploads\\\/2026\\\/04\\\/teddyslot-logo.png\",\"contentUrl\":\"https:\\\/\\\/theteddyslot.com\\\/wp-content\\\/uploads\\\/2026\\\/04\\\/teddyslot-logo.png\",\"width\":140,\"height\":32,\"caption\":\"Teddyslot\"},\"image\":{\"@id\":\"https:\\\/\\\/theteddyslot.com\\\/it\\\/#\\\/schema\\\/logo\\\/image\\\/\"}}]}<\/script>\n<!-- \/ Yoast SEO plugin. -->","yoast_head_json":{"title":"Teddyslot App: installa su Android, iOS, Mac e Windows come PWA","description":"Teddyslot App \u00e8 un'app web progressiva. Installa il collegamento dal tuo browser e gioca ai giochi da casin\u00f2 su Android tramite Chrome, iOS tramite Safari e su Mac o Windows tramite l'opzione di installazione tramite browser. Utilizza lo stesso account su pi\u00f9 dispositivi per sessioni rapide.","robots":{"index":"index","follow":"follow","max-snippet":"max-snippet:-1","max-image-preview":"max-image-preview:large","max-video-preview":"max-video-preview:-1"},"canonical":"https:\/\/theteddyslot.com\/it\/applicazione\/","og_locale":"it_IT","og_type":"article","og_title":"Teddyslot App: installa su Android, iOS, Mac e Windows come PWA","og_description":"Teddyslot App \u00e8 un'app web progressiva. Installa il collegamento dal tuo browser e gioca ai giochi da casin\u00f2 su Android tramite Chrome, iOS tramite Safari e su Mac o Windows tramite l'opzione di installazione tramite browser. Utilizza lo stesso account su pi\u00f9 dispositivi per sessioni rapide.","og_url":"https:\/\/theteddyslot.com\/it\/applicazione\/","og_site_name":"teddyslot","article_modified_time":"2026-04-06T10:14:52+00:00","twitter_card":"summary_large_image","twitter_misc":{"Est. reading time":"2 minutes"},"schema":{"@context":"https:\/\/schema.org","@graph":[{"@type":"WebPage","@id":"https:\/\/theteddyslot.com\/it\/applicazione\/","url":"https:\/\/theteddyslot.com\/it\/applicazione\/","name":"Teddyslot App: installa su Android, iOS, Mac e Windows come PWA","isPartOf":{"@id":"https:\/\/theteddyslot.com\/it\/#website"},"datePublished":"2026-01-20T12:08:23+00:00","dateModified":"2026-04-06T10:14:52+00:00","description":"Teddyslot App \u00e8 un'app web progressiva. Installa il collegamento dal tuo browser e gioca ai giochi da casin\u00f2 su Android tramite Chrome, iOS tramite Safari e su Mac o Windows tramite l'opzione di installazione tramite browser. Utilizza lo stesso account su pi\u00f9 dispositivi per sessioni rapide.","breadcrumb":{"@id":"https:\/\/theteddyslot.com\/it\/applicazione\/#breadcrumb"},"inLanguage":"it-IT","potentialAction":[{"@type":"ReadAction","target":["https:\/\/theteddyslot.com\/it\/applicazione\/"]}]},{"@type":"BreadcrumbList","@id":"https:\/\/theteddyslot.com\/it\/applicazione\/#breadcrumb","itemListElement":[{"@type":"ListItem","position":1,"name":"Teddyslot","item":"https:\/\/theteddyslot.com\/it\/"},{"@type":"ListItem","position":2,"name":"Applicazione"}]},{"@type":"WebSite","@id":"https:\/\/theteddyslot.com\/it\/#website","url":"https:\/\/theteddyslot.com\/it\/","name":"Teddyslot","description":"","publisher":{"@id":"https:\/\/theteddyslot.com\/it\/#organization"},"potentialAction":[{"@type":"SearchAction","target":{"@type":"EntryPoint","urlTemplate":"https:\/\/theteddyslot.com\/it\/?s={search_term_string}"},"query-input":{"@type":"PropertyValueSpecification","valueRequired":true,"valueName":"search_term_string"}}],"inLanguage":"it-IT"},{"@type":"Organization","@id":"https:\/\/theteddyslot.com\/it\/#organization","name":"Teddyslot","url":"https:\/\/theteddyslot.com\/it\/","logo":{"@type":"ImageObject","inLanguage":"it-IT","@id":"https:\/\/theteddyslot.com\/it\/#\/schema\/logo\/image\/","url":"https:\/\/theteddyslot.com\/wp-content\/uploads\/2026\/04\/teddyslot-logo.png","contentUrl":"https:\/\/theteddyslot.com\/wp-content\/uploads\/2026\/04\/teddyslot-logo.png","width":140,"height":32,"caption":"Teddyslot"},"image":{"@id":"https:\/\/theteddyslot.com\/it\/#\/schema\/logo\/image\/"}}]}},"_links":{"self":[{"href":"https:\/\/theteddyslot.com\/it\/wp-json\/wp\/v2\/pages\/1445","targetHints":{"allow":["GET"]}}],"collection":[{"href":"https:\/\/theteddyslot.com\/it\/wp-json\/wp\/v2\/pages"}],"about":[{"href":"https:\/\/theteddyslot.com\/it\/wp-json\/wp\/v2\/types\/page"}],"author":[{"embeddable":true,"href":"https:\/\/theteddyslot.com\/it\/wp-json\/wp\/v2\/users\/1"}],"replies":[{"embeddable":true,"href":"https:\/\/theteddyslot.com\/it\/wp-json\/wp\/v2\/comments?post=1445"}],"version-history":[{"count":3,"href":"https:\/\/theteddyslot.com\/it\/wp-json\/wp\/v2\/pages\/1445\/revisions"}],"predecessor-version":[{"id":2082,"href":"https:\/\/theteddyslot.com\/it\/wp-json\/wp\/v2\/pages\/1445\/revisions\/2082"}],"wp:attachment":[{"href":"https:\/\/theteddyslot.com\/it\/wp-json\/wp\/v2\/media?parent=1445"}],"curies":[{"name":"wp","href":"https:\/\/api.w.org\/{rel}","templated":true}]}}