{"id":1485,"date":"2026-01-20T12:11:11","date_gmt":"2026-01-20T12:11:11","guid":{"rendered":"https:\/\/bonuskongcasino.com\/login-and-registration\/"},"modified":"2026-04-06T11:17:11","modified_gmt":"2026-04-06T10:17:11","slug":"accesso-e-registrazione","status":"publish","type":"page","link":"https:\/\/theteddyslot.com\/it\/accesso-e-registrazione\/","title":{"rendered":"Accesso e registrazione"},"content":{"rendered":"<h1>Accesso a Teddyslot<\/h1>\n<p>Teddyslot login \u00e8 il passaggio che consente ai giocatori registrati in Italia di passare dalla pagina di accesso al gioco con denaro reale. Una volta effettuato l\u2019accesso, possono gestire i dettagli di pagamento e utilizzare gli strumenti principali del profilo in un unico posto. Richiediamo solo i dati essenziali durante la registrazione e l\u2019accesso. Lo stesso profilo pu\u00f2 quindi essere utilizzato su diversi dispositivi senza doverne creare un altro.<\/p>\n<p><div class=\"banner-wrap\" aria-label=\"Banner\"><img src=\"https:\/\/theteddyslot.com\/wp-content\/uploads\/2026\/04\/teddyslot-bonus-desktop.webp\" class=\"w-100 d-none d-lg-block img-pc main-banner-img\" alt=\"teddyslot welcome bonus desktop\" fetchpriority=\"high\" decoding=\"async\"><img src=\"https:\/\/theteddyslot.com\/wp-content\/uploads\/2026\/04\/teddyslot-bnr-mobile.webp\" class=\"w-100 d-none d-md-block d-lg-none main-banner-img\" alt=\"teddyslot welcome bonus mobile\" fetchpriority=\"high\" decoding=\"async\"><img src=\"https:\/\/theteddyslot.com\/wp-content\/uploads\/2026\/04\/teddyslot-bnr-mobile.webp\" class=\"w-100 d-md-none\" alt=\"teddyslot welcome bonus mobile\" fetchpriority=\"high\" decoding=\"async\"><div class=\"banner-description\">\n<div class=\"banner-title\">Bonus di benvenuto<\/div>\n<p class=\"banner-header-title\">1500 \u20ac<\/p>\n<div class=\"banner-header-AdditionalText\">+ 250 Giri gratuiti<\/div>\n<button data-item=\"homepage_banner_link\" class=\"goto m-button m-gradient-border m-button--primary m-button--large banner-button btn-orange\">\n            <div class=\"m-button-content\">\n                <span>Iscriviti ora<\/span>\n                <span><\/span>\n            <\/div>\n        <\/button>\n<\/div>\n<div class=\"WelcomePack\">\n<p><img loading=\"lazy\" decoding=\"async\" class=\"alignnone size-full wp-image-1855\" src=\"https:\/\/theteddyslot.com\/wp-content\/uploads\/2026\/04\/welcome-crown.png\" alt=\"crown\" width=\"25\" height=\"26\" \/><\/p>\n<div class=\"WelcomePack-Info\">Cashback settimanale fino al 25%<\/div>\n<p><img loading=\"lazy\" decoding=\"async\" class=\"alignnone size-full wp-image-1855\" src=\"https:\/\/theteddyslot.com\/wp-content\/uploads\/2026\/04\/welcome-crown.png\" alt=\"crown\" width=\"25\" height=\"26\" \/><\/p>\n<\/div>\n<\/div><div class=\"scrollable-content-wrap my-5\"><div class=\"scrollable-content-inner\"><h2>Registrazione al casin\u00f2 Teddyslot<\/h2>\n<p>Se hai gi\u00e0 trascorso un po\u2019 di tempo in modalit\u00e0 demo, la registrazione \u00e8 il passo successivo naturale. Ti apre la versione completa di Teddy Slot Casino e ti d\u00e0 accesso al nostro pacchetto di benvenuto fino a \u20ac 1.500 pi\u00f9 250 giri gratuiti.<\/p>\n<p>Un profilo non serve solo a sbloccare i bonus. Dopo la registrazione, potrai giocare a pi\u00f9 di 6.000 giochi nel nostro casin\u00f2, inclusi i titoli con croupier dal vivo. Potrai anche effettuare depositi e prelevare le vincite tramite il tuo account. Inoltre, la tua area personale ti consente di monitorare i progressi nelle missioni e nei tornei.<\/p>\n<h3>Crea un account in pochi passaggi<\/h3>\n<p>Puoi registrarti su Teddyslot Casino se hai almeno 18 anni. L\u2019apertura di un profilo non richiede un lungo modulo. Chiediamo solo le informazioni essenziali, poi confermiamo che il giocatore abbia l\u2019et\u00e0 minima richiesta per registrarsi e abbia accettato i nostri termini. Ecco come puoi diventare membro:<\/p>\n<ol>\n<li>Vai al modulo di registrazione cliccando sul pulsante \u201cRegistrati\u201d.<\/li>\n<li>Inserisci la tua email e la password e, se previsto dalla tua offerta, inserisci un codice promozionale.<\/li>\n<li>Seleziona le caselle richieste per passare alla fase successiva.<\/li>\n<li>Inserisci nome e cognome, data di nascita e numero di telefono.<\/li>\n<li>Salva il modulo e il tuo account Teddy Slot sar\u00e0 pronto per il tuo primo accesso.<\/li>\n<\/ol>\n<p>Se hai gi\u00e0 un account Google, puoi anche saltare il primo passaggio e passare direttamente alla seconda parte della registrazione. Una volta creato il tuo profilo, potrai utilizzare gli stessi dati di accesso su qualsiasi dispositivo supportato.<\/p>\n<p><img loading=\"lazy\" decoding=\"async\" class=\"alignnone size-full wp-image-1951\" src=\"https:\/\/theteddyslot.com\/wp-content\/uploads\/2026\/04\/Teddyslot-Login.webp\" alt=\"Teddyslot Login\" width=\"1248\" height=\"536\" srcset=\"https:\/\/theteddyslot.com\/wp-content\/uploads\/2026\/04\/Teddyslot-Login.webp 1248w, https:\/\/theteddyslot.com\/wp-content\/uploads\/2026\/04\/Teddyslot-Login-300x129.webp 300w, https:\/\/theteddyslot.com\/wp-content\/uploads\/2026\/04\/Teddyslot-Login-1024x440.webp 1024w, https:\/\/theteddyslot.com\/wp-content\/uploads\/2026\/04\/Teddyslot-Login-768x330.webp 768w\" sizes=\"auto, (max-width: 1248px) 100vw, 1248px\" \/><\/p>\n<h2>Accedi e gestisci il tuo account Teddyslot<\/h2>\n<p>Per accedere, basta inserire l\u2019indirizzo e-mail e la password utilizzati al momento della registrazione. La procedura di accesso a Teddyslot richiede solo un attimo ed \u00e8 possibile abilitare l\u2019autenticazione a due fattori per una maggiore protezione del profilo.<\/p>\n<p>Una volta effettuato l\u2019accesso, il tuo account diventa l\u2019area principale per giocare con denaro reale. Oltre ai giochi e alle altre funzionalit\u00e0 della piattaforma, Teddyslot Casino fornisce strumenti per aiutarti a gestire il tuo profilo e a regolare le impostazioni importanti in base alle tue preferenze.<\/p>\n<table>\n<tbody>\n<tr>\n<td>Funzionalit\u00e0<\/td>\n<td>Cosa puoi fare<\/td>\n<\/tr>\n<tr>\n<td>Cronologia delle attivit\u00e0<\/td>\n<td>Controlla la cronologia del casin\u00f2 e delle scommesse e verifica lo stato delle promozioni. Nella stessa area sono disponibili anche i registri relativi a depositi, scommesse e prelievi.<\/td>\n<\/tr>\n<tr>\n<td>Strumenti per il gioco responsabile<\/td>\n<td>Imposta limiti di tempo o finanziari direttamente nel tuo account. L\u2019autoesclusione \u00e8 disponibile anche quando hai bisogno di una pausa.<\/td>\n<\/tr>\n<tr>\n<td>Gestione dell\u2019account<\/td>\n<td>Modifica le informazioni personali e aggiorna i dettagli finanziari collegati al profilo.<\/td>\n<\/tr>\n<tr>\n<td>Impostazioni di sicurezza<\/td>\n<td>Controlla le tue sessioni attive e verifica quali dispositivi sono stati utilizzati per effettuare l\u2019accesso. Puoi anche aggiornare le tue impostazioni di protezione.<\/td>\n<\/tr>\n<tr>\n<td>Monitoraggio delle missioni<\/td>\n<td>Segui i tuoi progressi nei tornei e nelle missioni. Sono disponibili anche informazioni sul numero di crediti bonus che hai guadagnato.<\/td>\n<\/tr>\n<\/tbody>\n<\/table>\n<p>Un account con accesso effettuato aiuta anche a tenere in ordine le attivit\u00e0 di routine. I giocatori che tornano su Teddyslot Casino possono riprendere da dove avevano interrotto e gestire le impostazioni senza dover ripetere i passaggi precedenti.<\/p>\n<h3>Come effettuare l\u2019accesso tramite l\u2019app mobile<\/h3>\n<p>L\u2019accesso da dispositivo mobile \u00e8 semplice quanto l\u2019accesso da desktop. Le stesse credenziali di accesso a Teddyslot funzionano su smartphone o tablet e un unico account rimane valido su tutti i dispositivi supportati. Gli utenti Android e iOS possono accedere a Teddy Slot con le stesse credenziali che utilizzano sul desktop.<\/p>\n<p>La procedura \u00e8 la stessa di sempre. Apri l\u2019app, inserisci l\u2019indirizzo e-mail registrato, quindi aggiungi la password associata al profilo. Il tuo account Teddyslot non \u00e8 pi\u00f9 limitato al desktop. \u00c8 disponibile anche su dispositivi mobili, quindi puoi avviare una partita o controllare i tuoi progressi in qualsiasi momento semplicemente tirando fuori il telefono.<\/p>\n<h3>Hai dimenticato la password?<\/h3>\n<p>Il recupero inizia dalla pagina di accesso. Dovrai premere il pulsante \u201cHa dimenticato la password?\u201d e inserire l\u2019indirizzo e-mail collegato al tuo account. Segui quindi il link di reimpostazione inviato a quella casella di posta. Dopo aver creato una nuova password, puoi ripetere la procedura di accesso a Teddyslot con i dati aggiornati.<\/p>\n<p>La procedura di recupero ti aiuta a ripristinare l\u2019accesso al tuo profilo esistente e impedisce la registrazione duplicata, il che \u00e8 importante perch\u00e9 consentiamo un solo account per giocatore.<\/p>\n<h2>Verifica di Teddy Slot Casino<\/h2>\n<p>Prima del tuo primo prelievo, ti chiediamo di completare la nostra procedura di verifica. La utilizziamo per confermare:<\/p>\n<ul>\n<li>et\u00e0<\/li>\n<li>indirizzo di residenza<\/li>\n<li>titolarit\u00e0 del conto di pagamento<\/li>\n<\/ul>\n<p>Per superare questa fase, carica sul tuo profilo delle foto nitide dei tuoi documenti. Dopo aver inviato i file, il team KYC di Teddyslot li verificher\u00e0 entro 48 ore. Una volta che tutto sar\u00e0 approvato, potrai prelevare le tue vincite senza inutili ritardi.<\/p>\n<p>Se dovessero sorgere problemi di accesso durante questa fase, continueremo la procedura tramite l\u2019e-mail del tuo account. Se hai bisogno di ulteriore assistenza, il nostro servizio clienti \u00e8 disponibile tramite live chat. Il team di assistenza pu\u00f2 aiutarti anche via e-mail una volta completati i controlli di identit\u00e0.<\/p>\n<h2>Domande frequenti<\/h2>\n<h3>Perch\u00e9 il mio account Teddyslot \u00e8 stato temporaneamente bloccato?<\/h3>\n<p>Il tuo account potrebbe essere stato sospeso a causa di controlli di sicurezza. Ci\u00f2 pu\u00f2 verificarsi anche se il nostro sistema rileva account duplicati collegati allo stesso dispositivo o indirizzo IP. Anche altre violazioni dei nostri termini possono portare allo stesso risultato. Per maggiori dettagli sul tuo caso, contatta il nostro supporto multilingue.<\/p>\n<h3>Cosa succede se inserisco dati errati pi\u00f9 volte?<\/h3>\n<p>Se i tuoi dati di accesso a Teddyslot vengono inseriti in modo errato pi\u00f9 volte, utilizza l\u2019opzione di reimpostazione della password nella pagina di accesso. Il processo di recupero ti riporter\u00e0 al tuo profilo esistente tramite il tuo indirizzo e-mail registrato. \u00c8 preferibile ripristinare quel profilo piuttosto che crearne uno nuovo.<\/p>\n<h3>Posso riaprire un account chiuso?<\/h3>\n<p>Una volta chiuso, il tuo account non pu\u00f2 essere riaperto. Se desideri continuare a utilizzare Teddyslot Casino, dovrai registrarti nuovamente. Abilitando l\u2019opzione di autoesclusione, il tuo profilo verr\u00e0 riaperto automaticamente al termine del periodo selezionato.<\/p>\n<h3>L\u2019accesso da un nuovo dispositivo attiva controlli di sicurezza?<\/h3>\n<p>S\u00ec, potremmo verificare la tua identit\u00e0 se notiamo modifiche al tuo profilo o al metodo di accesso. Ad esempio, se accedi da un dispositivo che non riconosciamo. Questo viene fatto per la tua sicurezza, in modo che nessun altro possa accedere ai tuoi pagamenti o ai tuoi dati personali. Potremmo richiederti ulteriori documenti per confermare che sei tu e per rispettare le nostre regole di sicurezza.<\/p>\n<\/div><\/div><\/p>\n","protected":false},"excerpt":{"rendered":"<p>Accesso a Teddyslot Teddyslot login \u00e8 il passaggio che consente ai giocatori registrati in Italia di passare dalla pagina di accesso al gioco con denaro reale. Una volta effettuato l\u2019accesso, possono gestire i dettagli di pagamento e utilizzare gli strumenti principali del profilo in un unico posto. Richiediamo solo i dati essenziali durante la registrazione [&hellip;]<\/p>\n","protected":false},"author":1,"featured_media":0,"parent":0,"menu_order":0,"comment_status":"closed","ping_status":"closed","template":"template-builder.php","meta":{"_acf_changed":false,"inline_featured_image":false,"footnotes":""},"class_list":["post-1485","page","type-page","status-publish","hentry"],"acf":[],"yoast_head":"<!-- This site is optimized with the Yoast SEO plugin v27.3 - https:\/\/yoast.com\/product\/yoast-seo-wordpress\/ -->\n<title>Teddyslot Login: accedi al tuo profilo o crea un account<\/title>\n<meta name=\"description\" content=\"Teddyslot Login e apri il tuo account in pochi clic. Inserisci e-mail e password, controlla il tuo saldo e i progressi dei bonus, quindi accedi alla lobby. Se hai dimenticato la password, dovrai reimpostarla tramite e-mail. La registrazione avviene nella stessa finestra tramite &quot;Registrati&quot;.\" \/>\n<meta name=\"robots\" content=\"index, follow, max-snippet:-1, max-image-preview:large, max-video-preview:-1\" \/>\n<link rel=\"canonical\" href=\"https:\/\/theteddyslot.com\/it\/accesso-e-registrazione\/\" \/>\n<meta property=\"og:locale\" content=\"it_IT\" \/>\n<meta property=\"og:type\" content=\"article\" \/>\n<meta property=\"og:title\" content=\"Teddyslot Login: accedi al tuo profilo o crea un account\" \/>\n<meta property=\"og:description\" content=\"Teddyslot Login e apri il tuo account in pochi clic. Inserisci e-mail e password, controlla il tuo saldo e i progressi dei bonus, quindi accedi alla lobby. Se hai dimenticato la password, dovrai reimpostarla tramite e-mail. La registrazione avviene nella stessa finestra tramite &quot;Registrati&quot;.\" \/>\n<meta property=\"og:url\" content=\"https:\/\/theteddyslot.com\/it\/accesso-e-registrazione\/\" \/>\n<meta property=\"og:site_name\" content=\"teddyslot\" \/>\n<meta property=\"article:modified_time\" content=\"2026-04-06T10:17:11+00:00\" \/>\n<meta name=\"twitter:card\" content=\"summary_large_image\" \/>\n<meta name=\"twitter:label1\" content=\"Est. reading time\" \/>\n\t<meta name=\"twitter:data1\" content=\"1 minute\" \/>\n<script type=\"application\/ld+json\" class=\"yoast-schema-graph\">{\"@context\":\"https:\\\/\\\/schema.org\",\"@graph\":[{\"@type\":\"WebPage\",\"@id\":\"https:\\\/\\\/theteddyslot.com\\\/it\\\/accesso-e-registrazione\\\/\",\"url\":\"https:\\\/\\\/theteddyslot.com\\\/it\\\/accesso-e-registrazione\\\/\",\"name\":\"Teddyslot Login: accedi al tuo profilo o crea un account\",\"isPartOf\":{\"@id\":\"https:\\\/\\\/theteddyslot.com\\\/it\\\/#website\"},\"datePublished\":\"2026-01-20T12:11:11+00:00\",\"dateModified\":\"2026-04-06T10:17:11+00:00\",\"description\":\"Teddyslot Login e apri il tuo account in pochi clic. Inserisci e-mail e password, controlla il tuo saldo e i progressi dei bonus, quindi accedi alla lobby. Se hai dimenticato la password, dovrai reimpostarla tramite e-mail. La registrazione avviene nella stessa finestra tramite \\\"Registrati\\\".\",\"breadcrumb\":{\"@id\":\"https:\\\/\\\/theteddyslot.com\\\/it\\\/accesso-e-registrazione\\\/#breadcrumb\"},\"inLanguage\":\"it-IT\",\"potentialAction\":[{\"@type\":\"ReadAction\",\"target\":[\"https:\\\/\\\/theteddyslot.com\\\/it\\\/accesso-e-registrazione\\\/\"]}]},{\"@type\":\"BreadcrumbList\",\"@id\":\"https:\\\/\\\/theteddyslot.com\\\/it\\\/accesso-e-registrazione\\\/#breadcrumb\",\"itemListElement\":[{\"@type\":\"ListItem\",\"position\":1,\"name\":\"Teddyslot\",\"item\":\"https:\\\/\\\/theteddyslot.com\\\/it\\\/\"},{\"@type\":\"ListItem\",\"position\":2,\"name\":\"Accesso e registrazione\"}]},{\"@type\":\"WebSite\",\"@id\":\"https:\\\/\\\/theteddyslot.com\\\/it\\\/#website\",\"url\":\"https:\\\/\\\/theteddyslot.com\\\/it\\\/\",\"name\":\"Teddyslot\",\"description\":\"\",\"publisher\":{\"@id\":\"https:\\\/\\\/theteddyslot.com\\\/it\\\/#organization\"},\"potentialAction\":[{\"@type\":\"SearchAction\",\"target\":{\"@type\":\"EntryPoint\",\"urlTemplate\":\"https:\\\/\\\/theteddyslot.com\\\/it\\\/?s={search_term_string}\"},\"query-input\":{\"@type\":\"PropertyValueSpecification\",\"valueRequired\":true,\"valueName\":\"search_term_string\"}}],\"inLanguage\":\"it-IT\"},{\"@type\":\"Organization\",\"@id\":\"https:\\\/\\\/theteddyslot.com\\\/it\\\/#organization\",\"name\":\"Teddyslot\",\"url\":\"https:\\\/\\\/theteddyslot.com\\\/it\\\/\",\"logo\":{\"@type\":\"ImageObject\",\"inLanguage\":\"it-IT\",\"@id\":\"https:\\\/\\\/theteddyslot.com\\\/it\\\/#\\\/schema\\\/logo\\\/image\\\/\",\"url\":\"https:\\\/\\\/theteddyslot.com\\\/wp-content\\\/uploads\\\/2026\\\/04\\\/teddyslot-logo.png\",\"contentUrl\":\"https:\\\/\\\/theteddyslot.com\\\/wp-content\\\/uploads\\\/2026\\\/04\\\/teddyslot-logo.png\",\"width\":140,\"height\":32,\"caption\":\"Teddyslot\"},\"image\":{\"@id\":\"https:\\\/\\\/theteddyslot.com\\\/it\\\/#\\\/schema\\\/logo\\\/image\\\/\"}}]}<\/script>\n<!-- \/ Yoast SEO plugin. -->","yoast_head_json":{"title":"Teddyslot Login: accedi al tuo profilo o crea un account","description":"Teddyslot Login e apri il tuo account in pochi clic. Inserisci e-mail e password, controlla il tuo saldo e i progressi dei bonus, quindi accedi alla lobby. Se hai dimenticato la password, dovrai reimpostarla tramite e-mail. La registrazione avviene nella stessa finestra tramite \"Registrati\".","robots":{"index":"index","follow":"follow","max-snippet":"max-snippet:-1","max-image-preview":"max-image-preview:large","max-video-preview":"max-video-preview:-1"},"canonical":"https:\/\/theteddyslot.com\/it\/accesso-e-registrazione\/","og_locale":"it_IT","og_type":"article","og_title":"Teddyslot Login: accedi al tuo profilo o crea un account","og_description":"Teddyslot Login e apri il tuo account in pochi clic. Inserisci e-mail e password, controlla il tuo saldo e i progressi dei bonus, quindi accedi alla lobby. Se hai dimenticato la password, dovrai reimpostarla tramite e-mail. La registrazione avviene nella stessa finestra tramite \"Registrati\".","og_url":"https:\/\/theteddyslot.com\/it\/accesso-e-registrazione\/","og_site_name":"teddyslot","article_modified_time":"2026-04-06T10:17:11+00:00","twitter_card":"summary_large_image","twitter_misc":{"Est. reading time":"1 minute"},"schema":{"@context":"https:\/\/schema.org","@graph":[{"@type":"WebPage","@id":"https:\/\/theteddyslot.com\/it\/accesso-e-registrazione\/","url":"https:\/\/theteddyslot.com\/it\/accesso-e-registrazione\/","name":"Teddyslot Login: accedi al tuo profilo o crea un account","isPartOf":{"@id":"https:\/\/theteddyslot.com\/it\/#website"},"datePublished":"2026-01-20T12:11:11+00:00","dateModified":"2026-04-06T10:17:11+00:00","description":"Teddyslot Login e apri il tuo account in pochi clic. Inserisci e-mail e password, controlla il tuo saldo e i progressi dei bonus, quindi accedi alla lobby. Se hai dimenticato la password, dovrai reimpostarla tramite e-mail. La registrazione avviene nella stessa finestra tramite \"Registrati\".","breadcrumb":{"@id":"https:\/\/theteddyslot.com\/it\/accesso-e-registrazione\/#breadcrumb"},"inLanguage":"it-IT","potentialAction":[{"@type":"ReadAction","target":["https:\/\/theteddyslot.com\/it\/accesso-e-registrazione\/"]}]},{"@type":"BreadcrumbList","@id":"https:\/\/theteddyslot.com\/it\/accesso-e-registrazione\/#breadcrumb","itemListElement":[{"@type":"ListItem","position":1,"name":"Teddyslot","item":"https:\/\/theteddyslot.com\/it\/"},{"@type":"ListItem","position":2,"name":"Accesso e registrazione"}]},{"@type":"WebSite","@id":"https:\/\/theteddyslot.com\/it\/#website","url":"https:\/\/theteddyslot.com\/it\/","name":"Teddyslot","description":"","publisher":{"@id":"https:\/\/theteddyslot.com\/it\/#organization"},"potentialAction":[{"@type":"SearchAction","target":{"@type":"EntryPoint","urlTemplate":"https:\/\/theteddyslot.com\/it\/?s={search_term_string}"},"query-input":{"@type":"PropertyValueSpecification","valueRequired":true,"valueName":"search_term_string"}}],"inLanguage":"it-IT"},{"@type":"Organization","@id":"https:\/\/theteddyslot.com\/it\/#organization","name":"Teddyslot","url":"https:\/\/theteddyslot.com\/it\/","logo":{"@type":"ImageObject","inLanguage":"it-IT","@id":"https:\/\/theteddyslot.com\/it\/#\/schema\/logo\/image\/","url":"https:\/\/theteddyslot.com\/wp-content\/uploads\/2026\/04\/teddyslot-logo.png","contentUrl":"https:\/\/theteddyslot.com\/wp-content\/uploads\/2026\/04\/teddyslot-logo.png","width":140,"height":32,"caption":"Teddyslot"},"image":{"@id":"https:\/\/theteddyslot.com\/it\/#\/schema\/logo\/image\/"}}]}},"_links":{"self":[{"href":"https:\/\/theteddyslot.com\/it\/wp-json\/wp\/v2\/pages\/1485","targetHints":{"allow":["GET"]}}],"collection":[{"href":"https:\/\/theteddyslot.com\/it\/wp-json\/wp\/v2\/pages"}],"about":[{"href":"https:\/\/theteddyslot.com\/it\/wp-json\/wp\/v2\/types\/page"}],"author":[{"embeddable":true,"href":"https:\/\/theteddyslot.com\/it\/wp-json\/wp\/v2\/users\/1"}],"replies":[{"embeddable":true,"href":"https:\/\/theteddyslot.com\/it\/wp-json\/wp\/v2\/comments?post=1485"}],"version-history":[{"count":3,"href":"https:\/\/theteddyslot.com\/it\/wp-json\/wp\/v2\/pages\/1485\/revisions"}],"predecessor-version":[{"id":2084,"href":"https:\/\/theteddyslot.com\/it\/wp-json\/wp\/v2\/pages\/1485\/revisions\/2084"}],"wp:attachment":[{"href":"https:\/\/theteddyslot.com\/it\/wp-json\/wp\/v2\/media?parent=1485"}],"curies":[{"name":"wp","href":"https:\/\/api.w.org\/{rel}","templated":true}]}}