{"id":1447,"date":"2026-01-20T12:08:23","date_gmt":"2026-01-20T12:08:23","guid":{"rendered":"https:\/\/bonuskongcasino.com\/app\/"},"modified":"2026-04-06T11:32:38","modified_gmt":"2026-04-06T10:32:38","slug":"aplikacja","status":"publish","type":"page","link":"https:\/\/theteddyslot.com\/pl\/aplikacja\/","title":{"rendered":"Aplikacja"},"content":{"rendered":"<h1>Aplikacja Teddyslot: mobilne gry kasynowe<\/h1>\n<p>Teddyslot app przenosi nasze kasyno online na Tw\u00f3j telefon, dzi\u0119ki czemu mo\u017cesz otworzy\u0107 automaty lub do\u0142\u0105czy\u0107 do gier na \u017cywo za pomoc\u0105 zaledwie kilku klikni\u0119\u0107. U\u017cytkownicy w Polsce mog\u0105 pobra\u0107 aplikacj\u0119 bezpo\u015brednio z naszej strony internetowej na systemy Android i iOS. Po zainstalowaniu aplikacja zapewnia dost\u0119p do wszystkich funkcji dost\u0119pnych w kasynie Teddyslot, w tym p\u0142atno\u015bci i promocji.<\/p>\n<div class=\"banner-wrap\" aria-label=\"Banner\"><img src=\"https:\/\/theteddyslot.com\/wp-content\/uploads\/2026\/04\/teddyslot-bonus-desktop.webp\" class=\"w-100 d-none d-lg-block img-pc main-banner-img\" alt=\"teddyslot welcome bonus desktop\" fetchpriority=\"high\" decoding=\"async\"><img src=\"https:\/\/theteddyslot.com\/wp-content\/uploads\/2026\/04\/teddyslot-bnr-mobile.webp\" class=\"w-100 d-none d-md-block d-lg-none main-banner-img\" alt=\"teddyslot welcome bonus mobile\" fetchpriority=\"high\" decoding=\"async\"><img src=\"https:\/\/theteddyslot.com\/wp-content\/uploads\/2026\/04\/teddyslot-bnr-mobile.webp\" class=\"w-100 d-md-none\" alt=\"teddyslot welcome bonus mobile\" fetchpriority=\"high\" decoding=\"async\"><div class=\"banner-description\">\n<div class=\"banner-title\">Bonusy powitalne<\/div>\n<p class=\"banner-header-title\">1500 \u20ac<\/p>\n<div class=\"banner-header-AdditionalText\">+ 250 Darmowe spiny<\/div>\n<button data-item=\"homepage_banner_link\" class=\"goto m-button m-gradient-border m-button--primary m-button--large banner-button btn-orange\">\n            <div class=\"m-button-content\">\n                <span>Zarejestruj si\u0119 teraz<\/span>\n                <span><\/span>\n            <\/div>\n        <\/button>\n<\/div>\n<div class=\"WelcomePack\">\n<p><img loading=\"lazy\" decoding=\"async\" class=\"alignnone size-full wp-image-1856\" src=\"https:\/\/theteddyslot.com\/wp-content\/uploads\/2026\/04\/welcome-crown.png\" alt=\"crown\" width=\"25\" height=\"26\" \/><\/p>\n<div class=\"WelcomePack-Info\">Cotygodniowy zwrot got\u00f3wki do 25%<\/div>\n<p><img loading=\"lazy\" decoding=\"async\" class=\"alignnone size-full wp-image-1856\" src=\"https:\/\/theteddyslot.com\/wp-content\/uploads\/2026\/04\/welcome-crown.png\" alt=\"crown\" width=\"25\" height=\"26\" \/><\/p>\n<\/div>\n<\/div>\n<h2>Zalety i funkcje aplikacji Teddyslot<\/h2>\n<p>Z naszego mobilnego kasyna mo\u017cesz korzysta\u0107 wsz\u0119dzie tam, gdzie masz stabilne po\u0142\u0105czenie internetowe, wi\u0119c nie musisz siedzie\u0107 w domu ani czeka\u0107, a\u017c wr\u00f3cisz do komputera. Z telefonu mo\u017cesz otworzy\u0107 kasyno Teddy Slot, zagra\u0107 w gry i zarz\u0105dza\u0107 najwa\u017cniejszymi elementami swojego konta. Dzi\u0119ki temu \u0142atwiej jest wr\u00f3ci\u0107 na platform\u0119, gdy chcesz zagra\u0107 lub sprawdzi\u0107 stan konta.<\/p>\n<p>Nasza aplikacja dzia\u0142a jako progresywna aplikacja internetowa (PWA), co oznacza, \u017ce mo\u017cesz j\u0105 zainstalowa\u0107 bezpo\u015brednio z naszej strony internetowej i przechowywa\u0107 na swoim urz\u0105dzeniu jak zwyk\u0142e oprogramowanie mobilne. Po dodaniu jej do ekranu g\u0142\u00f3wnego mo\u017cesz otworzy\u0107 Teddyslot kilkoma klikni\u0119ciami, zamiast za ka\u017cdym razem przechodzi\u0107 przez przegl\u0105dark\u0119.<\/p>\n<p>Oto kilka praktycznych zalet korzystania z aplikacji:<\/p>\n<ul>\n<li>Oprogramowanie zajmuje niewiele miejsca w telefonie, poniewa\u017c korzysta wy\u0142\u0105cznie z danych przechowywanych w pami\u0119ci podr\u0119cznej.<\/li>\n<li>Poruszaj si\u0119 po platformie Teddyslot Casino \u0142atwiej dzi\u0119ki nawigacji opartej na dotkni\u0119ciach.<\/li>\n<li>Szybszy dost\u0119p do gier i funkcji podczas kr\u00f3tkich sesji.<\/li>\n<li>Otrzymuj powiadomienia o promocjach, turniejach lub alertach dotycz\u0105cych konta.<\/li>\n<\/ul>\n<p><div class=\"scrollable-content-wrap my-5\"><div class=\"scrollable-content-inner\"><h2>Aplikacja mobilna na iOS<\/h2>\n<p>Nasza aplikacja jest dost\u0119pna dla u\u017cytkownik\u00f3w iPhone\u2019\u00f3w i iPad\u00f3w, kt\u00f3rzy chc\u0105 mie\u0107 pe\u0142ny dost\u0119p do kasyna Teddy Slot na swoich urz\u0105dzeniach mobilnych. W systemie iOS mo\u017cesz gra\u0107 w gry, dokonywa\u0107 p\u0142atno\u015bci, aktywowa\u0107 promocje, kontaktowa\u0107 si\u0119 z obs\u0142ug\u0105 klienta przez czat na \u017cywo oraz zako\u0144czy\u0107 proces weryfikacji z telefonu, zamiast prze\u0142\u0105cza\u0107 si\u0119 z powrotem na sesj\u0119 na komputerze.<\/p>\n<p>Je\u015bli ju\u017c u\u017cywasz telefonu do grania w gry, robienia zakup\u00f3w i wykonywania codziennych zada\u0144, warto mie\u0107 tam r\u00f3wnie\u017c Teddyslot Casino. Aplikacja zapewnia szybszy powr\u00f3t do platformy, a podczas logowania lub zarz\u0105dzania kontem obowi\u0105zuj\u0105 te same standardy bezpiecze\u0144stwa.<\/p>\n<p><img loading=\"lazy\" decoding=\"async\" class=\"alignnone size-full wp-image-1944\" src=\"https:\/\/theteddyslot.com\/wp-content\/uploads\/2026\/04\/Teddyslot-iOS.webp\" alt=\"Teddyslot iOS\" width=\"1248\" height=\"536\" srcset=\"https:\/\/theteddyslot.com\/wp-content\/uploads\/2026\/04\/Teddyslot-iOS.webp 1248w, https:\/\/theteddyslot.com\/wp-content\/uploads\/2026\/04\/Teddyslot-iOS-300x129.webp 300w, https:\/\/theteddyslot.com\/wp-content\/uploads\/2026\/04\/Teddyslot-iOS-1024x440.webp 1024w, https:\/\/theteddyslot.com\/wp-content\/uploads\/2026\/04\/Teddyslot-iOS-768x330.webp 768w\" sizes=\"auto, (max-width: 1248px) 100vw, 1248px\" \/><\/p>\n<\/div><\/div><div style=\"clear: both\"><\/div><div class=\"d-flex justify-content-center\"><button data-item=\"decouvrez_link\" data-group=\"website_links\" class=\"goto fw-bold rounded-pill btn btn-orange\" aria-label=\"Pobierz aplikacj\u0119 Teddyslot\" >Pobierz aplikacj\u0119 Teddyslot<\/button><\/div><div class=\"scrollable-content-wrap my-5\"><div class=\"scrollable-content-inner\"><h2>Aplikacja Teddyslot na Androida<\/h2>\n<p>Je\u015bli masz telefon z systemem Android, mo\u017cesz r\u00f3wnie\u017c korzysta\u0107 z pe\u0142nej wersji naszego kasyna za po\u015brednictwem oprogramowania mobilnego. Jest to progresywna aplikacja internetowa, wi\u0119c nie zajmuje tak du\u017co miejsca w pami\u0119ci jak wiele aplikacji natywnych, co jest przydatne na telefonach i tabletach, gdzie nie ma zbyt wiele wolnej pami\u0119ci. Nadal mo\u017cesz uzyska\u0107 dost\u0119p do pe\u0142nej platformy na Androidzie, w tym do gier i promocji.<\/p>\n<p>To sprawia, \u017ce aplikacja jest praktyczn\u0105 opcj\u0105 dla graczy, kt\u00f3rzy chc\u0105 szybko\u015bci dost\u0119pu mobilnego bez dodawania ci\u0119\u017ckiego oprogramowania do swojego urz\u0105dzenia. Mo\u017cesz szybciej otworzy\u0107 Teddy Slot, wr\u00f3ci\u0107 do automat\u00f3w online i gier na \u017cywo w mniej krok\u00f3w oraz skontaktowa\u0107 si\u0119 z zespo\u0142em wsparcia z telefonu, je\u015bli pojawi si\u0119 jakie\u015b pytanie. Dost\u0119p przez aplikacj\u0119 korzysta r\u00f3wnie\u017c z silnych \u015brodk\u00f3w ochrony, takich jak TLS 1.3, 256-bitowe szyfrowanie AES i powiadomienia o transakcjach, dzi\u0119ki czemu mo\u017cesz zarz\u0105dza\u0107 aktywno\u015bci\u0105 na koncie z takim samym poziomem bezpiecze\u0144stwa, jakiego oczekujesz od kasyna Teddyslot.<\/p>\n<p><img loading=\"lazy\" decoding=\"async\" class=\"alignnone size-full wp-image-1928\" src=\"https:\/\/theteddyslot.com\/wp-content\/uploads\/2026\/04\/Teddyslot-Android.webp\" alt=\"Teddyslot Android\" width=\"1248\" height=\"536\" srcset=\"https:\/\/theteddyslot.com\/wp-content\/uploads\/2026\/04\/Teddyslot-Android.webp 1248w, https:\/\/theteddyslot.com\/wp-content\/uploads\/2026\/04\/Teddyslot-Android-300x129.webp 300w, https:\/\/theteddyslot.com\/wp-content\/uploads\/2026\/04\/Teddyslot-Android-1024x440.webp 1024w, https:\/\/theteddyslot.com\/wp-content\/uploads\/2026\/04\/Teddyslot-Android-768x330.webp 768w\" sizes=\"auto, (max-width: 1248px) 100vw, 1248px\" \/><\/p>\n<\/div><\/div><div style=\"clear: both\"><\/div><div class=\"d-flex justify-content-center\"><button data-item=\"decouvrez_link\" data-group=\"website_links\" class=\"goto fw-bold rounded-pill btn btn-orange\" aria-label=\"Pobierz Teddyslot\" >Pobierz Teddyslot<\/button><\/div><div class=\"scrollable-content-wrap my-5\"><div class=\"scrollable-content-inner\"><h2>Graj w Teddy Slot Casino na komputerze Mac lub Windows<\/h2>\n<p>Nasza aplikacja nie ogranicza si\u0119 do telefon\u00f3w i tablet\u00f3w. Je\u015bli wolisz gra\u0107 na laptopie lub komputerze stacjonarnym, mo\u017cesz r\u00f3wnie\u017c zainstalowa\u0107 Teddyslot Casino na swoim urz\u0105dzeniu z systemem Mac lub Windows i otwiera\u0107 je jak osobne oprogramowanie, zamiast uruchamia\u0107 je w przegl\u0105darce. Dzi\u0119ki temu stali gracze maj\u0105 szybszy dost\u0119p do kasyna online, z tymi samymi grami, kt\u00f3re s\u0105 dost\u0119pne na komputerze.<\/p>\n<p>Dla u\u017cytkownik\u00f3w komputer\u00f3w Mac i Windows g\u0142\u00f3wn\u0105 zalet\u0105 jest wygoda i mniej czynnik\u00f3w rozpraszaj\u0105cych uwag\u0119. Uruchomienie Teddyslot z pulpitu zajmuje mniej czasu ni\u017c otwarcie przegl\u0105darki i wyszukanie strony. Zapewnia to r\u00f3wnie\u017c bardziej skupione wra\u017cenia z gry, bez mieszania rozgrywki z codziennym przegl\u0105daniem stron.<\/p>\n<p>Taka konfiguracja jest r\u00f3wnie\u017c odpowiednia dla graczy, kt\u00f3rzy sp\u0119dzaj\u0105 du\u017co czasu przy komputerze i preferuj\u0105 bardziej tradycyjny rozmiar ekranu do gier na \u017cywo lub innych tytu\u0142\u00f3w. Obowi\u0105zuj\u0105 te same standardy ochrony, wi\u0119c wybieraj\u0105c wersj\u0119 aplikacji na komputer, nie tracisz bezpiecze\u0144stwa konta ani p\u0142atno\u015bci.<\/p>\n<p><img loading=\"lazy\" decoding=\"async\" class=\"alignnone size-full wp-image-1936\" src=\"https:\/\/theteddyslot.com\/wp-content\/uploads\/2026\/04\/Teddyslot-Desktop.webp\" alt=\"Teddyslot Desktop\" width=\"1248\" height=\"536\" srcset=\"https:\/\/theteddyslot.com\/wp-content\/uploads\/2026\/04\/Teddyslot-Desktop.webp 1248w, https:\/\/theteddyslot.com\/wp-content\/uploads\/2026\/04\/Teddyslot-Desktop-300x129.webp 300w, https:\/\/theteddyslot.com\/wp-content\/uploads\/2026\/04\/Teddyslot-Desktop-1024x440.webp 1024w, https:\/\/theteddyslot.com\/wp-content\/uploads\/2026\/04\/Teddyslot-Desktop-768x330.webp 768w\" sizes=\"auto, (max-width: 1248px) 100vw, 1248px\" \/><\/p>\n<\/div><\/div><div style=\"clear: both\"><\/div><div class=\"d-flex justify-content-center\"><button data-item=\"decouvrez_link\" data-group=\"website_links\" class=\"goto fw-bold rounded-pill btn btn-orange\" aria-label=\"Pobierz aplikacj\u0119 Teddyslot\" >Pobierz aplikacj\u0119 Teddyslot<\/button><\/div><div class=\"scrollable-content-wrap my-5\"><div class=\"scrollable-content-inner\"><h2>Jak zainstalowa\u0107 aplikacj\u0119 Teddyslot na dowolnym urz\u0105dzeniu<\/h2>\n<p>Instalacja aplikacji Teddy Slot przypomina raczej dodanie wersji naszej platformy z szybkim dost\u0119pem ni\u017c pobieranie ci\u0119\u017ckiego oprogramowania. Na ka\u017cdym urz\u0105dzeniu proces ten rozpoczyna si\u0119 w przegl\u0105darce na naszej oficjalnej stronie internetowej. Po dodaniu skr\u00f3tu nasza platforma kasynowa pozostaje w zasi\u0119gu r\u0119ki na ekranie g\u0142\u00f3wnym lub pulpicie.<\/p>\n<table>\n<tbody>\n<tr>\n<td>Platforma<\/td>\n<td>Punkt pocz\u0105tkowy<\/td>\n<td>\u015acie\u017cka instalacji<\/td>\n<td>Gdzie j\u0105 p\u00f3\u017aniej otworzy\u0107<\/td>\n<\/tr>\n<tr>\n<td>Android<\/td>\n<td>Chrome na telefonie lub tablecie.<\/td>\n<td>Otw\u00f3rz stron\u0119 internetow\u0105 kasyna Teddyslot, dotknij menu z trzema kropkami w pasku adresu, wybierz opcj\u0119 \u201eDodaj do ekranu g\u0142\u00f3wnego\u201d, a nast\u0119pnie potwierd\u017a utworzenie skr\u00f3tu.<\/td>\n<td>Po skonfigurowaniu u\u017cyj ikony na ekranie g\u0142\u00f3wnym.<\/td>\n<\/tr>\n<tr>\n<td>iOS<\/td>\n<td>Safari na iPhonie lub iPadzie.<\/td>\n<td>Za\u0142aduj stron\u0119 kasyna, dotknij \u201eUdost\u0119pnij\u201d, przewi\u0144 do opcji \u201eDodaj do ekranu g\u0142\u00f3wnego\u201d, a nast\u0119pnie dotknij \u201eDodaj\u201d, aby potwierdzi\u0107.<\/td>\n<td>Uruchom aplikacj\u0119 z ikony zapisanej na ekranie g\u0142\u00f3wnym.<\/td>\n<\/tr>\n<tr>\n<td>Mac \/ Windows<\/td>\n<td>Chrome (lub dowolna inna przegl\u0105darka) na komputerze.<\/td>\n<td>Wejd\u017a na nasz\u0105 stron\u0119, a nast\u0119pnie kliknij ikon\u0119 instalacji w pasku adresu lub otw\u00f3rz menu Chrome i wybierz \u201eZainstaluj stron\u0119 jako aplikacj\u0119\u201d, a nast\u0119pnie post\u0119puj zgodnie z instrukcjami wy\u015bwietlanymi na ekranie.<\/td>\n<td>Po zako\u0144czeniu instalacji uruchom aplikacj\u0119 za pomoc\u0105 skr\u00f3tu na pulpicie lub z poziomu programu uruchamiaj\u0105cego.<\/td>\n<\/tr>\n<\/tbody>\n<\/table>\n<h2>FAQ<\/h2>\n<h3>Czy mog\u0119 zalogowa\u0107 si\u0119 do aplikacji mobilnej za pomoc\u0105 uwierzytelniania biometrycznego?<\/h3>\n<p>W naszej aplikacji mo\u017cesz korzysta\u0107 z opcji logowania biometrycznego dost\u0119pnych ju\u017c w Twoim telefonie lub tablecie, takich jak Face ID lub logowanie za pomoc\u0105 odcisku palca. Oznacza to, \u017ce mo\u017cesz otworzy\u0107 Teddyslot Casino bez konieczno\u015bci ka\u017cdorazowego wprowadzania swoich danych osobowych.<\/p>\n<h3>Czy moje wp\u0142aty s\u0105 bezpieczne podczas korzystania z aplikacji mobilnej?<\/h3>\n<p>P\u0142atno\u015bci dokonywane za po\u015brednictwem aplikacji Teddyslot s\u0105 obj\u0119te tymi samymi standardami bezpiecze\u0144stwa, co nasze kasyno na komputery stacjonarne. Transakcje mobilne s\u0105 chronione protoko\u0142em TLS 1.3 i 256-bitowym szyfrowaniem AES. Mo\u017cesz r\u00f3wnie\u017c korzysta\u0107 z powiadomie\u0144, aby monitorowa\u0107 swoje wp\u0142aty i wyp\u0142aty.<\/p>\n<h3>Jak mog\u0119 zaktualizowa\u0107 aplikacj\u0119?<\/h3>\n<p>Korzystaj\u0105c z naszej aplikacji PWA, nie musisz r\u0119cznie instalowa\u0107 aktualizacji. Kiedy ulepszamy platform\u0119 i dodajemy nowe funkcje lub gry, Twoja wersja aplikacji Teddyslot aktualizuje si\u0119 automatycznie. W wi\u0119kszo\u015bci przypadk\u00f3w najnowsza wersja jest gotowa ju\u017c przy nast\u0119pnym uruchomieniu aplikacji.<\/p>\n<h3>Czy bonusy i turnieje s\u0105 dost\u0119pne na urz\u0105dzeniach mobilnych?<\/h3>\n<p>Wszystkie promocje dost\u0119pne w kasynie Teddyslot mo\u017cna r\u00f3wnie\u017c wykorzysta\u0107 za po\u015brednictwem aplikacji lub przegl\u0105darki mobilnej. Obejmuje to bonus powitalny, cashback, bonus dla graczy o wysokich stawkach, oferty do\u0142adowa\u0144 oraz turnieje, takie jak Rookie Rumble, a tak\u017ce inne dzia\u0142ania platformy dost\u0119pne na urz\u0105dzeniach mobilnych.<\/p>\n<\/div><\/div><\/p>\n","protected":false},"excerpt":{"rendered":"<p>Aplikacja Teddyslot: mobilne gry kasynowe Teddyslot app przenosi nasze kasyno online na Tw\u00f3j telefon, dzi\u0119ki czemu mo\u017cesz otworzy\u0107 automaty lub do\u0142\u0105czy\u0107 do gier na \u017cywo za pomoc\u0105 zaledwie kilku klikni\u0119\u0107. U\u017cytkownicy w Polsce mog\u0105 pobra\u0107 aplikacj\u0119 bezpo\u015brednio z naszej strony internetowej na systemy Android i iOS. Po zainstalowaniu aplikacja zapewnia dost\u0119p do wszystkich funkcji dost\u0119pnych [&hellip;]<\/p>\n","protected":false},"author":1,"featured_media":0,"parent":0,"menu_order":0,"comment_status":"closed","ping_status":"closed","template":"template-builder.php","meta":{"_acf_changed":false,"inline_featured_image":false,"footnotes":""},"class_list":["post-1447","page","type-page","status-publish","hentry"],"acf":[],"yoast_head":"<!-- This site is optimized with the Yoast SEO plugin v27.3 - https:\/\/yoast.com\/product\/yoast-seo-wordpress\/ -->\n<title>Teddyslot App: zainstaluj PWA na Androidzie, iOS, Mac i Windows<\/title>\n<meta name=\"description\" content=\"Teddyslot App to progresywna aplikacja internetowa. Zainstaluj skr\u00f3t z przegl\u0105darki i graj w gry kasynowe na Androidzie w Chrome, na iOS w Safari oraz na Macu lub Windowsie z opcj\u0105 instalacji w przegl\u0105darce. Korzystaj z tego samego konta na wszystkich urz\u0105dzeniach, aby szybko korzysta\u0107 z sesji.\" \/>\n<meta name=\"robots\" content=\"index, follow, max-snippet:-1, max-image-preview:large, max-video-preview:-1\" \/>\n<link rel=\"canonical\" href=\"https:\/\/theteddyslot.com\/pl\/aplikacja\/\" \/>\n<meta property=\"og:locale\" content=\"pl_PL\" \/>\n<meta property=\"og:type\" content=\"article\" \/>\n<meta property=\"og:title\" content=\"Teddyslot App: zainstaluj PWA na Androidzie, iOS, Mac i Windows\" \/>\n<meta property=\"og:description\" content=\"Teddyslot App to progresywna aplikacja internetowa. Zainstaluj skr\u00f3t z przegl\u0105darki i graj w gry kasynowe na Androidzie w Chrome, na iOS w Safari oraz na Macu lub Windowsie z opcj\u0105 instalacji w przegl\u0105darce. Korzystaj z tego samego konta na wszystkich urz\u0105dzeniach, aby szybko korzysta\u0107 z sesji.\" \/>\n<meta property=\"og:url\" content=\"https:\/\/theteddyslot.com\/pl\/aplikacja\/\" \/>\n<meta property=\"og:site_name\" content=\"teddyslot\" \/>\n<meta property=\"article:modified_time\" content=\"2026-04-06T10:32:38+00:00\" \/>\n<meta name=\"twitter:card\" content=\"summary_large_image\" \/>\n<meta name=\"twitter:label1\" content=\"Est. reading time\" \/>\n\t<meta name=\"twitter:data1\" content=\"2 minuty\" \/>\n<script type=\"application\/ld+json\" class=\"yoast-schema-graph\">{\"@context\":\"https:\\\/\\\/schema.org\",\"@graph\":[{\"@type\":\"WebPage\",\"@id\":\"https:\\\/\\\/theteddyslot.com\\\/pl\\\/aplikacja\\\/\",\"url\":\"https:\\\/\\\/theteddyslot.com\\\/pl\\\/aplikacja\\\/\",\"name\":\"Teddyslot App: zainstaluj PWA na Androidzie, iOS, Mac i Windows\",\"isPartOf\":{\"@id\":\"https:\\\/\\\/theteddyslot.com\\\/pl\\\/#website\"},\"datePublished\":\"2026-01-20T12:08:23+00:00\",\"dateModified\":\"2026-04-06T10:32:38+00:00\",\"description\":\"Teddyslot App to progresywna aplikacja internetowa. Zainstaluj skr\u00f3t z przegl\u0105darki i graj w gry kasynowe na Androidzie w Chrome, na iOS w Safari oraz na Macu lub Windowsie z opcj\u0105 instalacji w przegl\u0105darce. Korzystaj z tego samego konta na wszystkich urz\u0105dzeniach, aby szybko korzysta\u0107 z sesji.\",\"breadcrumb\":{\"@id\":\"https:\\\/\\\/theteddyslot.com\\\/pl\\\/aplikacja\\\/#breadcrumb\"},\"inLanguage\":\"pl-PL\",\"potentialAction\":[{\"@type\":\"ReadAction\",\"target\":[\"https:\\\/\\\/theteddyslot.com\\\/pl\\\/aplikacja\\\/\"]}]},{\"@type\":\"BreadcrumbList\",\"@id\":\"https:\\\/\\\/theteddyslot.com\\\/pl\\\/aplikacja\\\/#breadcrumb\",\"itemListElement\":[{\"@type\":\"ListItem\",\"position\":1,\"name\":\"Teddyslot\",\"item\":\"https:\\\/\\\/theteddyslot.com\\\/pl\\\/\"},{\"@type\":\"ListItem\",\"position\":2,\"name\":\"Aplikacja\"}]},{\"@type\":\"WebSite\",\"@id\":\"https:\\\/\\\/theteddyslot.com\\\/pl\\\/#website\",\"url\":\"https:\\\/\\\/theteddyslot.com\\\/pl\\\/\",\"name\":\"Teddyslot\",\"description\":\"\",\"publisher\":{\"@id\":\"https:\\\/\\\/theteddyslot.com\\\/pl\\\/#organization\"},\"potentialAction\":[{\"@type\":\"SearchAction\",\"target\":{\"@type\":\"EntryPoint\",\"urlTemplate\":\"https:\\\/\\\/theteddyslot.com\\\/pl\\\/?s={search_term_string}\"},\"query-input\":{\"@type\":\"PropertyValueSpecification\",\"valueRequired\":true,\"valueName\":\"search_term_string\"}}],\"inLanguage\":\"pl-PL\"},{\"@type\":\"Organization\",\"@id\":\"https:\\\/\\\/theteddyslot.com\\\/pl\\\/#organization\",\"name\":\"Teddyslot\",\"url\":\"https:\\\/\\\/theteddyslot.com\\\/pl\\\/\",\"logo\":{\"@type\":\"ImageObject\",\"inLanguage\":\"pl-PL\",\"@id\":\"https:\\\/\\\/theteddyslot.com\\\/pl\\\/#\\\/schema\\\/logo\\\/image\\\/\",\"url\":\"https:\\\/\\\/theteddyslot.com\\\/wp-content\\\/uploads\\\/2026\\\/04\\\/teddyslot-logo.png\",\"contentUrl\":\"https:\\\/\\\/theteddyslot.com\\\/wp-content\\\/uploads\\\/2026\\\/04\\\/teddyslot-logo.png\",\"width\":140,\"height\":32,\"caption\":\"Teddyslot\"},\"image\":{\"@id\":\"https:\\\/\\\/theteddyslot.com\\\/pl\\\/#\\\/schema\\\/logo\\\/image\\\/\"}}]}<\/script>\n<!-- \/ Yoast SEO plugin. -->","yoast_head_json":{"title":"Teddyslot App: zainstaluj PWA na Androidzie, iOS, Mac i Windows","description":"Teddyslot App to progresywna aplikacja internetowa. Zainstaluj skr\u00f3t z przegl\u0105darki i graj w gry kasynowe na Androidzie w Chrome, na iOS w Safari oraz na Macu lub Windowsie z opcj\u0105 instalacji w przegl\u0105darce. Korzystaj z tego samego konta na wszystkich urz\u0105dzeniach, aby szybko korzysta\u0107 z sesji.","robots":{"index":"index","follow":"follow","max-snippet":"max-snippet:-1","max-image-preview":"max-image-preview:large","max-video-preview":"max-video-preview:-1"},"canonical":"https:\/\/theteddyslot.com\/pl\/aplikacja\/","og_locale":"pl_PL","og_type":"article","og_title":"Teddyslot App: zainstaluj PWA na Androidzie, iOS, Mac i Windows","og_description":"Teddyslot App to progresywna aplikacja internetowa. Zainstaluj skr\u00f3t z przegl\u0105darki i graj w gry kasynowe na Androidzie w Chrome, na iOS w Safari oraz na Macu lub Windowsie z opcj\u0105 instalacji w przegl\u0105darce. Korzystaj z tego samego konta na wszystkich urz\u0105dzeniach, aby szybko korzysta\u0107 z sesji.","og_url":"https:\/\/theteddyslot.com\/pl\/aplikacja\/","og_site_name":"teddyslot","article_modified_time":"2026-04-06T10:32:38+00:00","twitter_card":"summary_large_image","twitter_misc":{"Est. reading time":"2 minuty"},"schema":{"@context":"https:\/\/schema.org","@graph":[{"@type":"WebPage","@id":"https:\/\/theteddyslot.com\/pl\/aplikacja\/","url":"https:\/\/theteddyslot.com\/pl\/aplikacja\/","name":"Teddyslot App: zainstaluj PWA na Androidzie, iOS, Mac i Windows","isPartOf":{"@id":"https:\/\/theteddyslot.com\/pl\/#website"},"datePublished":"2026-01-20T12:08:23+00:00","dateModified":"2026-04-06T10:32:38+00:00","description":"Teddyslot App to progresywna aplikacja internetowa. Zainstaluj skr\u00f3t z przegl\u0105darki i graj w gry kasynowe na Androidzie w Chrome, na iOS w Safari oraz na Macu lub Windowsie z opcj\u0105 instalacji w przegl\u0105darce. Korzystaj z tego samego konta na wszystkich urz\u0105dzeniach, aby szybko korzysta\u0107 z sesji.","breadcrumb":{"@id":"https:\/\/theteddyslot.com\/pl\/aplikacja\/#breadcrumb"},"inLanguage":"pl-PL","potentialAction":[{"@type":"ReadAction","target":["https:\/\/theteddyslot.com\/pl\/aplikacja\/"]}]},{"@type":"BreadcrumbList","@id":"https:\/\/theteddyslot.com\/pl\/aplikacja\/#breadcrumb","itemListElement":[{"@type":"ListItem","position":1,"name":"Teddyslot","item":"https:\/\/theteddyslot.com\/pl\/"},{"@type":"ListItem","position":2,"name":"Aplikacja"}]},{"@type":"WebSite","@id":"https:\/\/theteddyslot.com\/pl\/#website","url":"https:\/\/theteddyslot.com\/pl\/","name":"Teddyslot","description":"","publisher":{"@id":"https:\/\/theteddyslot.com\/pl\/#organization"},"potentialAction":[{"@type":"SearchAction","target":{"@type":"EntryPoint","urlTemplate":"https:\/\/theteddyslot.com\/pl\/?s={search_term_string}"},"query-input":{"@type":"PropertyValueSpecification","valueRequired":true,"valueName":"search_term_string"}}],"inLanguage":"pl-PL"},{"@type":"Organization","@id":"https:\/\/theteddyslot.com\/pl\/#organization","name":"Teddyslot","url":"https:\/\/theteddyslot.com\/pl\/","logo":{"@type":"ImageObject","inLanguage":"pl-PL","@id":"https:\/\/theteddyslot.com\/pl\/#\/schema\/logo\/image\/","url":"https:\/\/theteddyslot.com\/wp-content\/uploads\/2026\/04\/teddyslot-logo.png","contentUrl":"https:\/\/theteddyslot.com\/wp-content\/uploads\/2026\/04\/teddyslot-logo.png","width":140,"height":32,"caption":"Teddyslot"},"image":{"@id":"https:\/\/theteddyslot.com\/pl\/#\/schema\/logo\/image\/"}}]}},"_links":{"self":[{"href":"https:\/\/theteddyslot.com\/pl\/wp-json\/wp\/v2\/pages\/1447","targetHints":{"allow":["GET"]}}],"collection":[{"href":"https:\/\/theteddyslot.com\/pl\/wp-json\/wp\/v2\/pages"}],"about":[{"href":"https:\/\/theteddyslot.com\/pl\/wp-json\/wp\/v2\/types\/page"}],"author":[{"embeddable":true,"href":"https:\/\/theteddyslot.com\/pl\/wp-json\/wp\/v2\/users\/1"}],"replies":[{"embeddable":true,"href":"https:\/\/theteddyslot.com\/pl\/wp-json\/wp\/v2\/comments?post=1447"}],"version-history":[{"count":3,"href":"https:\/\/theteddyslot.com\/pl\/wp-json\/wp\/v2\/pages\/1447\/revisions"}],"predecessor-version":[{"id":2090,"href":"https:\/\/theteddyslot.com\/pl\/wp-json\/wp\/v2\/pages\/1447\/revisions\/2090"}],"wp:attachment":[{"href":"https:\/\/theteddyslot.com\/pl\/wp-json\/wp\/v2\/media?parent=1447"}],"curies":[{"name":"wp","href":"https:\/\/api.w.org\/{rel}","templated":true}]}}