{"id":2037,"date":"2026-01-20T12:11:11","date_gmt":"2026-01-20T12:11:11","guid":{"rendered":"https:\/\/theteddyslot.com\/login-and-registration\/"},"modified":"2026-04-06T12:07:28","modified_gmt":"2026-04-06T11:07:28","slug":"inicio-de-sessao-e-registo","status":"publish","type":"page","link":"https:\/\/theteddyslot.com\/pt-pt\/inicio-de-sessao-e-registo\/","title":{"rendered":"In\u00edcio de sess\u00e3o e registo"},"content":{"rendered":"<h1>In\u00edcio de sess\u00e3o no Teddyslot<\/h1>\n<p>Teddyslot login \u00e9 o passo que permite aos jogadores registados em Portugal aceder ao jogo a dinheiro real a partir da p\u00e1gina de in\u00edcio de sess\u00e3o. Ap\u00f3s o acesso, podem gerir os detalhes de pagamento e utilizar as principais ferramentas do perfil num \u00fanico local. Solicitamos apenas os detalhes essenciais durante o registo e o in\u00edcio de sess\u00e3o. O mesmo perfil pode ent\u00e3o ser utilizado em todos os dispositivos sem necessidade de criar outro.<\/p>\n<p><div class=\"banner-wrap\" aria-label=\"Banner\"><img src=\"https:\/\/theteddyslot.com\/wp-content\/uploads\/2026\/04\/teddyslot-bonus-desktop.webp\" class=\"w-100 d-none d-lg-block img-pc main-banner-img\" alt=\"teddyslot welcome bonus desktop\" fetchpriority=\"high\" decoding=\"async\"><img src=\"https:\/\/theteddyslot.com\/wp-content\/uploads\/2026\/04\/teddyslot-bnr-mobile.webp\" class=\"w-100 d-none d-md-block d-lg-none main-banner-img\" alt=\"teddyslot welcome bonus mobile\" fetchpriority=\"high\" decoding=\"async\"><img src=\"https:\/\/theteddyslot.com\/wp-content\/uploads\/2026\/04\/teddyslot-bnr-mobile.webp\" class=\"w-100 d-md-none\" alt=\"teddyslot welcome bonus mobile\" fetchpriority=\"high\" decoding=\"async\"><div class=\"banner-description\">\n<div class=\"banner-title\">B\u00f3nus de Boas-Vindas<\/div>\n<p class=\"banner-header-title\">1500 \u20ac<\/p>\n<div class=\"banner-header-AdditionalText\">+ 250 Rodadas Gr\u00e1tis<\/div>\n<button data-item=\"homepage_banner_link\" class=\"goto m-button m-gradient-border m-button--primary m-button--large banner-button btn-orange\">\n            <div class=\"m-button-content\">\n                <span>Registe-se agora<\/span>\n                <span><\/span>\n            <\/div>\n        <\/button>\n<\/div>\n<div class=\"WelcomePack\">\n<p><img loading=\"lazy\" decoding=\"async\" class=\"alignnone size-full wp-image-1850\" src=\"https:\/\/theteddyslot.com\/wp-content\/uploads\/2026\/04\/welcome-crown.png\" alt=\"crown\" width=\"25\" height=\"26\" \/><\/p>\n<div class=\"WelcomePack-Info\">Cashback semanal at\u00e9 25%<\/div>\n<p><img loading=\"lazy\" decoding=\"async\" class=\"alignnone size-full wp-image-1850\" src=\"https:\/\/theteddyslot.com\/wp-content\/uploads\/2026\/04\/welcome-crown.png\" alt=\"crown\" width=\"25\" height=\"26\" \/><\/p>\n<\/div>\n<\/div><div class=\"scrollable-content-wrap my-5\"><div class=\"scrollable-content-inner\"><h2>Registo no Teddyslot Casino<\/h2>\n<p>Se j\u00e1 passou algum tempo no modo de demonstra\u00e7\u00e3o, o registo \u00e9 o pr\u00f3ximo passo natural. Abre a vers\u00e3o completa do Teddy Slot Casino e d\u00e1-lhe acesso ao nosso pacote de boas-vindas de at\u00e9 1.500 \u20ac mais 250 rodadas gr\u00e1tis.<\/p>\n<p>Um perfil faz mais do que desbloquear b\u00f3nus. Ap\u00f3s o registo, pode jogar mais de 6.000 jogos no nosso casino, incluindo t\u00edtulos com crupi\u00ea ao vivo. Tamb\u00e9m pode efetuar dep\u00f3sitos e levantar ganhos atrav\u00e9s da sua conta. Al\u00e9m disso, a sua \u00e1rea pessoal permite-lhe acompanhar o progresso em miss\u00f5es e torneios.<\/p>\n<h3>Crie uma conta em apenas alguns passos<\/h3>\n<p>Pode registar-se no Teddyslot Casino se tiver pelo menos 18 anos de idade. A cria\u00e7\u00e3o de um perfil n\u00e3o requer um formul\u00e1rio extenso. Solicitamos os dados essenciais e, em seguida, confirmamos que o jogador tem idade suficiente para se registar e que aceitou os nossos termos. Veja como pode tornar-se membro:<\/p>\n<ol>\n<li>Aceda ao formul\u00e1rio de registo clicando no bot\u00e3o \u00abRegiste-se\u00bb.<\/li>\n<li>Adicione o seu e-mail e palavra-passe e introduza um c\u00f3digo promocional, caso haja um aplic\u00e1vel \u00e0 sua oferta.<\/li>\n<li>Confirme as caixas de sele\u00e7\u00e3o necess\u00e1rias para avan\u00e7ar para a pr\u00f3xima etapa.<\/li>\n<li>Introduza o seu nome e apelido, data de nascimento e n\u00famero de telefone.<\/li>\n<li>Guarde o formul\u00e1rio e a sua conta Teddy Slot estar\u00e1 pronta para o seu primeiro login.<\/li>\n<\/ol>\n<p>Se j\u00e1 tiver uma conta Google, pode at\u00e9 saltar o primeiro passo e passar diretamente para a segunda parte do registo. Assim que o seu perfil estiver configurado, pode utilizar os mesmos dados de in\u00edcio de sess\u00e3o em qualquer dispositivo compat\u00edvel.<\/p>\n<p><img loading=\"lazy\" decoding=\"async\" src=\"https:\/\/theteddyslot.com\/wp-content\/uploads\/2026\/04\/Teddyslot-Login.webp\" alt=\"Teddyslot Login\" width=\"1248\" height=\"536\" \/><\/p>\n<h2>Inicie sess\u00e3o e fa\u00e7a a gest\u00e3o da sua conta Teddyslot<\/h2>\n<p>Para iniciar sess\u00e3o, basta introduzir o endere\u00e7o de e-mail e a palavra-passe que utilizou ao registar-se. O processo de in\u00edcio de sess\u00e3o no Teddyslot demora apenas alguns instantes e pode ativar a autentica\u00e7\u00e3o de dois fatores para uma prote\u00e7\u00e3o mais forte do seu perfil.<\/p>\n<p>Depois de iniciar sess\u00e3o, a sua conta torna-se a \u00e1rea principal para jogar com dinheiro real. Al\u00e9m dos jogos e de outras funcionalidades da plataforma, o Teddyslot Casino fornece ferramentas para o ajudar a gerir o seu perfil e a ajustar defini\u00e7\u00f5es importantes de acordo com as suas prefer\u00eancias.<\/p>\n<table>\n<tbody>\n<tr>\n<td>Funcionalidade<\/td>\n<td>O que pode fazer<\/td>\n<\/tr>\n<tr>\n<td>Hist\u00f3rico de atividades<\/td>\n<td>Consulte o seu hist\u00f3rico de casino e apostas e verifique o estado das promo\u00e7\u00f5es. Os registos de dep\u00f3sitos, apostas e levantamentos tamb\u00e9m est\u00e3o dispon\u00edveis na mesma \u00e1rea.<\/td>\n<\/tr>\n<tr>\n<td>Ferramentas de jogo respons\u00e1vel<\/td>\n<td>Defina limites de tempo ou financeiros diretamente na conta. A autoexclus\u00e3o tamb\u00e9m est\u00e1 dispon\u00edvel quando for necess\u00e1ria uma pausa.<\/td>\n<\/tr>\n<tr>\n<td>Gest\u00e3o da conta<\/td>\n<td>Edite informa\u00e7\u00f5es pessoais e atualize os dados financeiros associados ao perfil.<\/td>\n<\/tr>\n<tr>\n<td>Defini\u00e7\u00f5es de seguran\u00e7a<\/td>\n<td>Verifique as suas sess\u00f5es ativas e veja quais os dispositivos utilizados para iniciar sess\u00e3o. Tamb\u00e9m pode atualizar as suas defini\u00e7\u00f5es de prote\u00e7\u00e3o.<\/td>\n<\/tr>\n<tr>\n<td>Acompanhamento de miss\u00f5es<\/td>\n<td>Acompanhe o seu progresso em torneios e miss\u00f5es. Tamb\u00e9m h\u00e1 informa\u00e7\u00f5es sobre quantos cr\u00e9ditos de b\u00f3nus ganhou.<\/td>\n<\/tr>\n<\/tbody>\n<\/table>\n<p>Uma conta com sess\u00e3o iniciada tamb\u00e9m ajuda a manter as tarefas de rotina em ordem. Os jogadores que regressam ao Teddyslot Casino podem retomar de onde pararam e gerir as defini\u00e7\u00f5es sem repetir os passos anteriores.<\/p>\n<h3>Como iniciar sess\u00e3o atrav\u00e9s da aplica\u00e7\u00e3o m\u00f3vel<\/h3>\n<p>O acesso m\u00f3vel \u00e9 t\u00e3o simples quanto o login no computador. Os mesmos dados de login do Teddyslot funcionam num smartphone ou tablet, e uma conta permanece v\u00e1lida em todos os dispositivos suportados. Os utilizadores de Android e iOS podem iniciar sess\u00e3o no Teddy Slot com os mesmos dados que utilizam no computador.<\/p>\n<p>O processo em si continua a ser familiar. Abra a aplica\u00e7\u00e3o, introduza o endere\u00e7o de e-mail registado e, em seguida, introduza a palavra-passe associada ao perfil. A sua conta Teddyslot j\u00e1 n\u00e3o se limita ao computador. Tamb\u00e9m est\u00e1 dispon\u00edvel no telem\u00f3vel, pelo que pode iniciar um jogo ou verificar o seu progresso a qualquer momento, bastando para isso pegar no seu telem\u00f3vel.<\/p>\n<h3>Esqueceu-se da sua palavra-passe?<\/h3>\n<p>A recupera\u00e7\u00e3o come\u00e7a na p\u00e1gina de in\u00edcio de sess\u00e3o. Ter\u00e1 de clicar no bot\u00e3o \u00abEsqueceu-se da palavra-passe?\u00bb e introduzir o endere\u00e7o de e-mail associado \u00e0 sua conta. Em seguida, siga o link de redefini\u00e7\u00e3o enviado para essa caixa de entrada. Depois de criar uma nova palavra-passe, pode repetir o processo de in\u00edcio de sess\u00e3o no Teddyslot com os dados atualizados.<\/p>\n<p>O processo de recupera\u00e7\u00e3o ajuda-o a restaurar o acesso ao seu perfil existente e evita o registo duplicado, o que \u00e9 importante porque permitimos apenas uma conta por jogador.<\/p>\n<h2>Verifica\u00e7\u00e3o do Teddy Slot Casino<\/h2>\n<p>Antes do seu primeiro levantamento, pedimos-lhe que conclua o nosso processo de verifica\u00e7\u00e3o. Utilizamo-lo para confirmar:<\/p>\n<ul>\n<li>idade<\/li>\n<li>morada<\/li>\n<li>titularidade da conta de pagamento<\/li>\n<\/ul>\n<p>Para passar esta fase, carregue fotos n\u00edtidas dos seus documentos no seu perfil. Ap\u00f3s enviar os ficheiros, a equipa de KYC do Teddyslot ir\u00e1 verific\u00e1-los no prazo de 48 horas. Assim que tudo for aprovado, poder\u00e1 levantar os seus ganhos sem atrasos desnecess\u00e1rios.<\/p>\n<p>Se surgirem quaisquer problemas de acesso durante esta fase, daremos continuidade ao processo atrav\u00e9s do e-mail da sua conta. Quando for necess\u00e1ria ajuda adicional, o nosso servi\u00e7o de apoio ao cliente est\u00e1 dispon\u00edvel atrav\u00e9s do chat ao vivo. A equipa de apoio tamb\u00e9m pode ajudar por e-mail ap\u00f3s a conclus\u00e3o das verifica\u00e7\u00f5es de identidade.<\/p>\n<h2>Perguntas frequentes<\/h2>\n<h3>Por que raz\u00e3o a minha conta Teddyslot foi temporariamente bloqueada?<\/h3>\n<p>A sua conta pode ter sido suspensa devido a verifica\u00e7\u00f5es de seguran\u00e7a. Isso tamb\u00e9m pode acontecer se o nosso sistema detetar contas duplicadas associadas ao mesmo dispositivo ou endere\u00e7o IP. Outras viola\u00e7\u00f5es dos nossos termos podem levar ao mesmo resultado. Para mais detalhes sobre o seu caso, contacte o nosso apoio multilingue.<\/p>\n<h3>O que acontece se introduzir dados incorretos v\u00e1rias vezes?<\/h3>\n<p>Se os seus dados de login da Teddyslot forem introduzidos incorretamente v\u00e1rias vezes, utilize a op\u00e7\u00e3o de redefini\u00e7\u00e3o de palavra-passe na p\u00e1gina de login. O processo de recupera\u00e7\u00e3o ir\u00e1 redirecion\u00e1-lo para o seu perfil existente atrav\u00e9s do seu endere\u00e7o de e-mail registado. \u00c9 prefer\u00edvel restaurar esse perfil do que criar um novo.<\/p>\n<h3>Posso reabrir uma conta encerrada?<\/h3>\n<p>Uma vez encerrada, a sua conta n\u00e3o pode ser reaberta. Se pretender continuar a utilizar o Teddyslot Casino, ter\u00e1 de se registar novamente. Ao ativar a op\u00e7\u00e3o de autoexclus\u00e3o, o seu perfil ser\u00e1 reaberto automaticamente assim que o per\u00edodo selecionado terminar.<\/p>\n<h3>O in\u00edcio de sess\u00e3o com um novo dispositivo desencadeia verifica\u00e7\u00f5es de seguran\u00e7a?<\/h3>\n<p>Sim, poderemos verificar a sua identidade se detetarmos altera\u00e7\u00f5es no seu perfil ou no m\u00e9todo de in\u00edcio de sess\u00e3o. Por exemplo, se iniciar sess\u00e3o a partir de um dispositivo que n\u00e3o reconhecemos. Isto \u00e9 feito para sua seguran\u00e7a, para que mais ningu\u00e9m possa aceder aos seus pagamentos ou dados pessoais. Poderemos solicitar mais documentos para confirmar que \u00e9 voc\u00ea e para cumprir as nossas regras de seguran\u00e7a.<\/p>\n<\/div><\/div><\/p>\n","protected":false},"excerpt":{"rendered":"<p>In\u00edcio de sess\u00e3o no Teddyslot Teddyslot login \u00e9 o passo que permite aos jogadores registados em Portugal aceder ao jogo a dinheiro real a partir da p\u00e1gina de in\u00edcio de sess\u00e3o. Ap\u00f3s o acesso, podem gerir os detalhes de pagamento e utilizar as principais ferramentas do perfil num \u00fanico local. Solicitamos apenas os detalhes essenciais [&hellip;]<\/p>\n","protected":false},"author":1,"featured_media":0,"parent":0,"menu_order":0,"comment_status":"closed","ping_status":"closed","template":"template-builder.php","meta":{"_acf_changed":false,"inline_featured_image":false,"footnotes":""},"class_list":["post-2037","page","type-page","status-publish","hentry"],"acf":[],"yoast_head":"<!-- This site is optimized with the Yoast SEO plugin v27.3 - https:\/\/yoast.com\/product\/yoast-seo-wordpress\/ -->\n<title>Teddyslot Login: aceda ao seu perfil ou crie uma conta<\/title>\n<meta name=\"description\" content=\"Teddyslot Login abre a sua conta em poucos cliques. Utilize o seu e-mail e palavra-passe, verifique o seu saldo e progresso de b\u00f3nus e, em seguida, aceda ao lobby. A op\u00e7\u00e3o &quot;Esqueci-me da palavra-passe&quot; \u00e9 redefinida por e-mail. O registo \u00e9 feito na mesma janela, em &quot;Registar-se&quot;.\" \/>\n<meta name=\"robots\" content=\"index, follow, max-snippet:-1, max-image-preview:large, max-video-preview:-1\" \/>\n<link rel=\"canonical\" href=\"https:\/\/theteddyslot.com\/pt-pt\/inicio-de-sessao-e-registo\/\" \/>\n<meta property=\"og:locale\" content=\"pt_PT\" \/>\n<meta property=\"og:type\" content=\"article\" \/>\n<meta property=\"og:title\" content=\"Teddyslot Login: aceda ao seu perfil ou crie uma conta\" \/>\n<meta property=\"og:description\" content=\"Teddyslot Login abre a sua conta em poucos cliques. Utilize o seu e-mail e palavra-passe, verifique o seu saldo e progresso de b\u00f3nus e, em seguida, aceda ao lobby. A op\u00e7\u00e3o &quot;Esqueci-me da palavra-passe&quot; \u00e9 redefinida por e-mail. O registo \u00e9 feito na mesma janela, em &quot;Registar-se&quot;.\" \/>\n<meta property=\"og:url\" content=\"https:\/\/theteddyslot.com\/pt-pt\/inicio-de-sessao-e-registo\/\" \/>\n<meta property=\"og:site_name\" content=\"teddyslot\" \/>\n<meta property=\"article:modified_time\" content=\"2026-04-06T11:07:28+00:00\" \/>\n<meta name=\"twitter:card\" content=\"summary_large_image\" \/>\n<meta name=\"twitter:label1\" content=\"Est. reading time\" \/>\n\t<meta name=\"twitter:data1\" content=\"1 minuto\" \/>\n<script type=\"application\/ld+json\" class=\"yoast-schema-graph\">{\"@context\":\"https:\\\/\\\/schema.org\",\"@graph\":[{\"@type\":\"WebPage\",\"@id\":\"https:\\\/\\\/theteddyslot.com\\\/pt-pt\\\/inicio-de-sessao-e-registo\\\/\",\"url\":\"https:\\\/\\\/theteddyslot.com\\\/pt-pt\\\/inicio-de-sessao-e-registo\\\/\",\"name\":\"Teddyslot Login: aceda ao seu perfil ou crie uma conta\",\"isPartOf\":{\"@id\":\"https:\\\/\\\/theteddyslot.com\\\/pt-pt\\\/#website\"},\"datePublished\":\"2026-01-20T12:11:11+00:00\",\"dateModified\":\"2026-04-06T11:07:28+00:00\",\"description\":\"Teddyslot Login abre a sua conta em poucos cliques. Utilize o seu e-mail e palavra-passe, verifique o seu saldo e progresso de b\u00f3nus e, em seguida, aceda ao lobby. A op\u00e7\u00e3o \\\"Esqueci-me da palavra-passe\\\" \u00e9 redefinida por e-mail. O registo \u00e9 feito na mesma janela, em \\\"Registar-se\\\".\",\"breadcrumb\":{\"@id\":\"https:\\\/\\\/theteddyslot.com\\\/pt-pt\\\/inicio-de-sessao-e-registo\\\/#breadcrumb\"},\"inLanguage\":\"pt-PT\",\"potentialAction\":[{\"@type\":\"ReadAction\",\"target\":[\"https:\\\/\\\/theteddyslot.com\\\/pt-pt\\\/inicio-de-sessao-e-registo\\\/\"]}]},{\"@type\":\"BreadcrumbList\",\"@id\":\"https:\\\/\\\/theteddyslot.com\\\/pt-pt\\\/inicio-de-sessao-e-registo\\\/#breadcrumb\",\"itemListElement\":[{\"@type\":\"ListItem\",\"position\":1,\"name\":\"Teddyslot\",\"item\":\"https:\\\/\\\/theteddyslot.com\\\/pt-pt\\\/\"},{\"@type\":\"ListItem\",\"position\":2,\"name\":\"In\u00edcio de sess\u00e3o e registo\"}]},{\"@type\":\"WebSite\",\"@id\":\"https:\\\/\\\/theteddyslot.com\\\/pt-pt\\\/#website\",\"url\":\"https:\\\/\\\/theteddyslot.com\\\/pt-pt\\\/\",\"name\":\"Teddyslot\",\"description\":\"\",\"publisher\":{\"@id\":\"https:\\\/\\\/theteddyslot.com\\\/pt-pt\\\/#organization\"},\"potentialAction\":[{\"@type\":\"SearchAction\",\"target\":{\"@type\":\"EntryPoint\",\"urlTemplate\":\"https:\\\/\\\/theteddyslot.com\\\/pt-pt\\\/?s={search_term_string}\"},\"query-input\":{\"@type\":\"PropertyValueSpecification\",\"valueRequired\":true,\"valueName\":\"search_term_string\"}}],\"inLanguage\":\"pt-PT\"},{\"@type\":\"Organization\",\"@id\":\"https:\\\/\\\/theteddyslot.com\\\/pt-pt\\\/#organization\",\"name\":\"Teddyslot\",\"url\":\"https:\\\/\\\/theteddyslot.com\\\/pt-pt\\\/\",\"logo\":{\"@type\":\"ImageObject\",\"inLanguage\":\"pt-PT\",\"@id\":\"https:\\\/\\\/theteddyslot.com\\\/pt-pt\\\/#\\\/schema\\\/logo\\\/image\\\/\",\"url\":\"https:\\\/\\\/theteddyslot.com\\\/wp-content\\\/uploads\\\/2026\\\/04\\\/teddyslot-logo.png\",\"contentUrl\":\"https:\\\/\\\/theteddyslot.com\\\/wp-content\\\/uploads\\\/2026\\\/04\\\/teddyslot-logo.png\",\"width\":140,\"height\":32,\"caption\":\"Teddyslot\"},\"image\":{\"@id\":\"https:\\\/\\\/theteddyslot.com\\\/pt-pt\\\/#\\\/schema\\\/logo\\\/image\\\/\"}}]}<\/script>\n<!-- \/ Yoast SEO plugin. -->","yoast_head_json":{"title":"Teddyslot Login: aceda ao seu perfil ou crie uma conta","description":"Teddyslot Login abre a sua conta em poucos cliques. Utilize o seu e-mail e palavra-passe, verifique o seu saldo e progresso de b\u00f3nus e, em seguida, aceda ao lobby. A op\u00e7\u00e3o \"Esqueci-me da palavra-passe\" \u00e9 redefinida por e-mail. O registo \u00e9 feito na mesma janela, em \"Registar-se\".","robots":{"index":"index","follow":"follow","max-snippet":"max-snippet:-1","max-image-preview":"max-image-preview:large","max-video-preview":"max-video-preview:-1"},"canonical":"https:\/\/theteddyslot.com\/pt-pt\/inicio-de-sessao-e-registo\/","og_locale":"pt_PT","og_type":"article","og_title":"Teddyslot Login: aceda ao seu perfil ou crie uma conta","og_description":"Teddyslot Login abre a sua conta em poucos cliques. Utilize o seu e-mail e palavra-passe, verifique o seu saldo e progresso de b\u00f3nus e, em seguida, aceda ao lobby. A op\u00e7\u00e3o \"Esqueci-me da palavra-passe\" \u00e9 redefinida por e-mail. O registo \u00e9 feito na mesma janela, em \"Registar-se\".","og_url":"https:\/\/theteddyslot.com\/pt-pt\/inicio-de-sessao-e-registo\/","og_site_name":"teddyslot","article_modified_time":"2026-04-06T11:07:28+00:00","twitter_card":"summary_large_image","twitter_misc":{"Est. reading time":"1 minuto"},"schema":{"@context":"https:\/\/schema.org","@graph":[{"@type":"WebPage","@id":"https:\/\/theteddyslot.com\/pt-pt\/inicio-de-sessao-e-registo\/","url":"https:\/\/theteddyslot.com\/pt-pt\/inicio-de-sessao-e-registo\/","name":"Teddyslot Login: aceda ao seu perfil ou crie uma conta","isPartOf":{"@id":"https:\/\/theteddyslot.com\/pt-pt\/#website"},"datePublished":"2026-01-20T12:11:11+00:00","dateModified":"2026-04-06T11:07:28+00:00","description":"Teddyslot Login abre a sua conta em poucos cliques. Utilize o seu e-mail e palavra-passe, verifique o seu saldo e progresso de b\u00f3nus e, em seguida, aceda ao lobby. A op\u00e7\u00e3o \"Esqueci-me da palavra-passe\" \u00e9 redefinida por e-mail. O registo \u00e9 feito na mesma janela, em \"Registar-se\".","breadcrumb":{"@id":"https:\/\/theteddyslot.com\/pt-pt\/inicio-de-sessao-e-registo\/#breadcrumb"},"inLanguage":"pt-PT","potentialAction":[{"@type":"ReadAction","target":["https:\/\/theteddyslot.com\/pt-pt\/inicio-de-sessao-e-registo\/"]}]},{"@type":"BreadcrumbList","@id":"https:\/\/theteddyslot.com\/pt-pt\/inicio-de-sessao-e-registo\/#breadcrumb","itemListElement":[{"@type":"ListItem","position":1,"name":"Teddyslot","item":"https:\/\/theteddyslot.com\/pt-pt\/"},{"@type":"ListItem","position":2,"name":"In\u00edcio de sess\u00e3o e registo"}]},{"@type":"WebSite","@id":"https:\/\/theteddyslot.com\/pt-pt\/#website","url":"https:\/\/theteddyslot.com\/pt-pt\/","name":"Teddyslot","description":"","publisher":{"@id":"https:\/\/theteddyslot.com\/pt-pt\/#organization"},"potentialAction":[{"@type":"SearchAction","target":{"@type":"EntryPoint","urlTemplate":"https:\/\/theteddyslot.com\/pt-pt\/?s={search_term_string}"},"query-input":{"@type":"PropertyValueSpecification","valueRequired":true,"valueName":"search_term_string"}}],"inLanguage":"pt-PT"},{"@type":"Organization","@id":"https:\/\/theteddyslot.com\/pt-pt\/#organization","name":"Teddyslot","url":"https:\/\/theteddyslot.com\/pt-pt\/","logo":{"@type":"ImageObject","inLanguage":"pt-PT","@id":"https:\/\/theteddyslot.com\/pt-pt\/#\/schema\/logo\/image\/","url":"https:\/\/theteddyslot.com\/wp-content\/uploads\/2026\/04\/teddyslot-logo.png","contentUrl":"https:\/\/theteddyslot.com\/wp-content\/uploads\/2026\/04\/teddyslot-logo.png","width":140,"height":32,"caption":"Teddyslot"},"image":{"@id":"https:\/\/theteddyslot.com\/pt-pt\/#\/schema\/logo\/image\/"}}]}},"_links":{"self":[{"href":"https:\/\/theteddyslot.com\/pt-pt\/wp-json\/wp\/v2\/pages\/2037","targetHints":{"allow":["GET"]}}],"collection":[{"href":"https:\/\/theteddyslot.com\/pt-pt\/wp-json\/wp\/v2\/pages"}],"about":[{"href":"https:\/\/theteddyslot.com\/pt-pt\/wp-json\/wp\/v2\/types\/page"}],"author":[{"embeddable":true,"href":"https:\/\/theteddyslot.com\/pt-pt\/wp-json\/wp\/v2\/users\/1"}],"replies":[{"embeddable":true,"href":"https:\/\/theteddyslot.com\/pt-pt\/wp-json\/wp\/v2\/comments?post=2037"}],"version-history":[{"count":2,"href":"https:\/\/theteddyslot.com\/pt-pt\/wp-json\/wp\/v2\/pages\/2037\/revisions"}],"predecessor-version":[{"id":2159,"href":"https:\/\/theteddyslot.com\/pt-pt\/wp-json\/wp\/v2\/pages\/2037\/revisions\/2159"}],"wp:attachment":[{"href":"https:\/\/theteddyslot.com\/pt-pt\/wp-json\/wp\/v2\/media?parent=2037"}],"curies":[{"name":"wp","href":"https:\/\/api.w.org\/{rel}","templated":true}]}}